{"id":12860,"date":"2025-05-10T07:09:31","date_gmt":"2025-05-10T07:09:31","guid":{"rendered":"https:\/\/www.bsdnonwoven.com\/?post_type=product&#038;p=12860"},"modified":"2025-06-25T09:29:46","modified_gmt":"2025-06-25T09:29:46","slug":"absorbent-needle-punched-nonwoven-fabric-for-medical-plasters","status":"publish","type":"product","link":"https:\/\/www.bsdnonwoven.com\/pt\/produto\/absorbent-needle-punched-nonwoven-fabric-for-medical-plasters\/","title":{"rendered":"Tecido n\u00e3o tecido perfurado com agulha absorvente para emplastros m\u00e9dicos"},"content":{"rendered":"<h2>Especifica\u00e7\u00f5es principais<\/h2>\n<table class=\"tg\" style=\"border-collapse: collapse; border-spacing: 0;\">\n<thead>\n<tr>\n<th style=\"font-family: Arial, sans-serif; font-size: 14px; font-weight: bold; overflow: hidden; padding: 10px 5px; text-align: center; vertical-align: middle; word-break: normal; border: 1px solid black;\">Item<\/th>\n<th style=\"font-family: Arial, sans-serif; font-size: 14px; font-weight: bold; overflow: hidden; padding: 10px 5px; text-align: center; vertical-align: middle; word-break: normal; border: 1px solid black;\">Intervalo de valores<\/th>\n<\/tr>\n<\/thead>\n<tbody>\n<tr>\n<td style=\"font-family: Arial, sans-serif; font-size: 14px; overflow: hidden; padding: 10px 5px; text-align: left; vertical-align: middle; word-break: normal; border: 1px solid black;\">Peso<\/td>\n<td style=\"font-family: Arial, sans-serif; font-size: 14px; overflow: hidden; padding: 10px 5px; text-align: left; vertical-align: middle; word-break: normal; border: 1px solid black;\">80-200g\/m\u00b2<\/td>\n<\/tr>\n<tr>\n<td style=\"font-family: Arial, sans-serif; font-size: 14px; overflow: hidden; padding: 10px 5px; text-align: left; vertical-align: middle; word-break: normal; border: 1px solid black;\">Espessura<\/td>\n<td style=\"font-family: Arial, sans-serif; font-size: 14px; overflow: hidden; padding: 10px 5px; text-align: left; vertical-align: middle; word-break: normal; border: 1px solid black;\">1,0-3,0 mm<\/td>\n<\/tr>\n<tr>\n<td style=\"font-family: Arial, sans-serif; font-size: 14px; overflow: hidden; padding: 10px 5px; text-align: left; vertical-align: middle; word-break: normal; border: 1px solid black;\">Material<\/td>\n<td style=\"font-family: Arial, sans-serif; font-size: 14px; overflow: hidden; padding: 10px 5px; text-align: left; vertical-align: middle; word-break: normal; border: 1px solid black;\">Poli\u00e9ster (PET) ou polipropileno (PP)<\/td>\n<\/tr>\n<tr>\n<td style=\"font-family: Arial, sans-serif; font-size: 14px; overflow: hidden; padding: 10px 5px; text-align: left; vertical-align: middle; word-break: normal; border: 1px solid black;\">Cor<\/td>\n<td style=\"font-family: Arial, sans-serif; font-size: 14px; overflow: hidden; padding: 10px 5px; text-align: left; vertical-align: middle; word-break: normal; border: 1px solid black;\">Branco<\/td>\n<\/tr>\n<tr>\n<td style=\"font-family: Arial, sans-serif; font-size: 14px; overflow: hidden; padding: 10px 5px; text-align: left; vertical-align: middle; word-break: normal; border: 1px solid black;\">Largura<\/td>\n<td style=\"font-family: Arial, sans-serif; font-size: 14px; overflow: hidden; padding: 10px 5px; text-align: left; vertical-align: middle; word-break: normal; border: 1px solid black;\">10cm-160cm (personaliz\u00e1vel)<\/td>\n<\/tr>\n<tr>\n<td style=\"font-family: Arial, sans-serif; font-size: 14px; overflow: hidden; padding: 10px 5px; text-align: left; vertical-align: middle; word-break: normal; border: 1px solid black;\">Processo<\/td>\n<td style=\"font-family: Arial, sans-serif; font-size: 14px; overflow: hidden; padding: 10px 5px; text-align: left; vertical-align: middle; word-break: normal; border: 1px solid black;\">N\u00e3o tecido agulhado<\/td>\n<\/tr>\n<tr>\n<td style=\"font-family: Arial, sans-serif; font-size: 14px; overflow: hidden; padding: 10px 5px; text-align: left; vertical-align: middle; word-break: normal; border: 1px solid black;\">Acabamentos especiais<\/td>\n<td style=\"font-family: Arial, sans-serif; font-size: 14px; overflow: hidden; padding: 10px 5px; text-align: left; vertical-align: middle; word-break: normal; border: 1px solid black;\">Hidrof\u00edlico, antibacteriano, anti-est\u00e1tico, etc.<\/td>\n<\/tr>\n<\/tbody>\n<\/table>\n<h2>Descri\u00e7\u00e3o do produto<\/h2>\n<p>Este tecido n\u00e3o tecido perfurado com agulha absorvente foi especialmente concebido para ser utilizado em pensos m\u00e9dicos e pensos t\u00f3picos. Oferece uma excelente capacidade de absor\u00e7\u00e3o, suavidade e respirabilidade, permitindo-lhe absorver e reter rapidamente os fluidos medicinais. Ajuda a melhorar a efic\u00e1cia da administra\u00e7\u00e3o de medicamentos, minimizando a irrita\u00e7\u00e3o da pele. O tecido pode ser tratado com acabamentos hidrof\u00edlicos, antibacterianos ou outros para se adaptar a uma vasta gama de necessidades m\u00e9dicas.<\/p>\n<h2>Carater\u00edsticas do produto<\/h2>\n<p>Elevada capacidade de absor\u00e7\u00e3o: Absorve e ret\u00e9m rapidamente os medicamentos l\u00edquidos, aumentando os efeitos terap\u00eauticos.<\/p>\n<p>Suave e agrad\u00e1vel \u00e0 pele: Oferece um excelente conforto quando aplicado diretamente na pele.<\/p>\n<p>Respir\u00e1vel: Mant\u00e9m a pele seca e reduz o risco de irrita\u00e7\u00f5es ou alergias.<\/p>\n<p>Personaliz\u00e1vel: Dispon\u00edvel com tratamentos funcionais, tais como acabamentos hidrof\u00edlicos ou antibacterianos.<\/p>\n<p>Seguro e amigo do ambiente: Fabricado com materiais de qualidade m\u00e9dica, n\u00e3o t\u00f3xico e em conformidade com as normas sanit\u00e1rias.<\/p>\n<h2>Fun\u00e7\u00e3o do produto<\/h2>\n<p>Enquanto camada absorvente central dos pensos m\u00e9dicos, este tecido ajuda a absorver os l\u00edquidos medicinais e apoia a liberta\u00e7\u00e3o lenta e constante dos medicamentos. Serve tamb\u00e9m como uma camada de amortecimento, melhorando o conforto geral do tratamento para o utilizador.<\/p>\n<h2>Aplica\u00e7\u00f5es de produtos<\/h2>\n<p>Camada absorvente para pensos m\u00e9dicos<\/p>\n<p>Base absorvente para pensos TCM e almofadas terap\u00eauticas<\/p>\n<p>Material para compressas de frio<\/p>\n<p>Material absorvente para pensos de feridas<\/p>\n<p>Camada absorvente para pensos de auto-aquecimento ou de redu\u00e7\u00e3o da febre<\/p>\n<p>Tecido de base para produtos adesivos para cuidados domicili\u00e1rios<\/p>\n<p><img loading=\"lazy\" decoding=\"async\" class=\"size-full wp-image-13567 aligncenter\" data-src=\"https:\/\/www.bsdnonwoven.com\/wp-content\/uploads\/2025\/05\/Absorbent-Needle-Punched-Nonwoven-Fabric-for-Medical-Plasters1-4.webp\" alt=\"Tecido n\u00e3o tecido perfurado com agulha absorvente para emplastros m\u00e9dicos1\" width=\"1500\" height=\"500\" srcset=\"https:\/\/www.bsdnonwoven.com\/wp-content\/uploads\/2025\/05\/Absorbent-Needle-Punched-Nonwoven-Fabric-for-Medical-Plasters1-4.webp 1500w, https:\/\/www.bsdnonwoven.com\/wp-content\/uploads\/2025\/05\/Absorbent-Needle-Punched-Nonwoven-Fabric-for-Medical-Plasters1-4-1280x427.webp 1280w, https:\/\/www.bsdnonwoven.com\/wp-content\/uploads\/2025\/05\/Absorbent-Needle-Punched-Nonwoven-Fabric-for-Medical-Plasters1-4-980x327.webp 980w, https:\/\/www.bsdnonwoven.com\/wp-content\/uploads\/2025\/05\/Absorbent-Needle-Punched-Nonwoven-Fabric-for-Medical-Plasters1-4-480x160.webp 480w\" sizes=\"(min-width: 0px) and (max-width: 480px) 480px, (min-width: 481px) and (max-width: 980px) 980px, (min-width: 981px) and (max-width: 1280px) 1280px, (min-width: 1281px) 1500px, 100vw\" \/><\/p>","protected":false},"excerpt":{"rendered":"<p>Este tecido n\u00e3o tecido perfurado com agulha absorvente foi especialmente concebido para ser utilizado em pensos m\u00e9dicos e pensos t\u00f3picos. Oferece uma excelente capacidade de absor\u00e7\u00e3o, suavidade e respirabilidade, permitindo-lhe absorver e reter rapidamente os fluidos medicinais. Ajuda a melhorar a efic\u00e1cia da administra\u00e7\u00e3o de medicamentos, minimizando a irrita\u00e7\u00e3o da pele. O tecido pode ser tratado com acabamentos hidrof\u00edlicos, antibacterianos ou outros para se adaptar a uma vasta gama de necessidades m\u00e9dicas.<\/p>","protected":false},"featured_media":13387,"template":"","meta":{"_et_pb_use_builder":"","_et_pb_old_content":"","_et_gb_content_width":""},"product_cat":[311],"product_tag":[],"yoast_head":"<!-- This site is optimized with the Yoast SEO plugin v22.7 - https:\/\/yoast.com\/wordpress\/plugins\/seo\/ -->\n<title>Absorbent Needle-Punched Nonwoven Fabric for Medical Plasters - Boshida Nonwoven<\/title>\n<meta name=\"description\" content=\"Absorbent Needle-Punched Nonwoven Fabric for Medical Plasters , we provide Geosynthetic Needle-Punched Non-woven Fabric, Household needle punched non-woven fabric, Automotive Non-woven Fabric with good price.\" \/>\n<meta name=\"robots\" content=\"index, follow, max-snippet:-1, max-image-preview:large, max-video-preview:-1\" \/>\n<link rel=\"canonical\" href=\"https:\/\/www.bsdnonwoven.com\/pt\/produto\/absorbent-needle-punched-nonwoven-fabric-for-medical-plasters\/\" \/>\n<meta property=\"og:locale\" content=\"pt_PT\" \/>\n<meta property=\"og:type\" content=\"article\" \/>\n<meta property=\"og:title\" content=\"Absorbent Needle-Punched Nonwoven Fabric for Medical Plasters - Boshida Nonwoven\" \/>\n<meta property=\"og:description\" content=\"Absorbent Needle-Punched Nonwoven Fabric for Medical Plasters , we provide Geosynthetic Needle-Punched Non-woven Fabric, Household needle punched non-woven fabric, Automotive Non-woven Fabric with good price.\" \/>\n<meta property=\"og:url\" content=\"https:\/\/www.bsdnonwoven.com\/pt\/produto\/absorbent-needle-punched-nonwoven-fabric-for-medical-plasters\/\" \/>\n<meta property=\"og:site_name\" content=\"Boshida Nonwoven\" \/>\n<meta property=\"article:modified_time\" content=\"2025-06-25T09:29:46+00:00\" \/>\n<meta property=\"og:image\" content=\"https:\/\/www.bsdnonwoven.com\/wp-content\/uploads\/2025\/05\/Absorbent-Needle-Punched-Nonwoven-Fabric-for-Medical-Plasters-1.png\" \/>\n\t<meta property=\"og:image:width\" content=\"800\" \/>\n\t<meta property=\"og:image:height\" content=\"800\" \/>\n\t<meta property=\"og:image:type\" content=\"image\/png\" \/>\n<meta name=\"twitter:card\" content=\"summary_large_image\" \/>\n<meta name=\"twitter:label1\" content=\"Tempo estimado de leitura\" \/>\n\t<meta name=\"twitter:data1\" content=\"2 minutos\" \/>\n<script type=\"application\/ld+json\" class=\"yoast-schema-graph\">{\"@context\":\"https:\/\/schema.org\",\"@graph\":[{\"@type\":\"WebPage\",\"@id\":\"https:\/\/www.bsdnonwoven.com\/product\/absorbent-needle-punched-nonwoven-fabric-for-medical-plasters\/\",\"url\":\"https:\/\/www.bsdnonwoven.com\/product\/absorbent-needle-punched-nonwoven-fabric-for-medical-plasters\/\",\"name\":\"Absorbent Needle-Punched Nonwoven Fabric for Medical Plasters - Boshida Nonwoven\",\"isPartOf\":{\"@id\":\"https:\/\/www.bsdnonwoven.com\/#website\"},\"primaryImageOfPage\":{\"@id\":\"https:\/\/www.bsdnonwoven.com\/product\/absorbent-needle-punched-nonwoven-fabric-for-medical-plasters\/#primaryimage\"},\"image\":{\"@id\":\"https:\/\/www.bsdnonwoven.com\/product\/absorbent-needle-punched-nonwoven-fabric-for-medical-plasters\/#primaryimage\"},\"thumbnailUrl\":\"https:\/\/www.bsdnonwoven.com\/wp-content\/uploads\/2025\/05\/Absorbent-Needle-Punched-Nonwoven-Fabric-for-Medical-Plasters-1.png\",\"datePublished\":\"2025-05-10T07:09:31+00:00\",\"dateModified\":\"2025-06-25T09:29:46+00:00\",\"description\":\"Absorbent Needle-Punched Nonwoven Fabric for Medical Plasters , we provide Geosynthetic Needle-Punched Non-woven Fabric, Household needle punched non-woven fabric, Automotive Non-woven Fabric with good price.\",\"breadcrumb\":{\"@id\":\"https:\/\/www.bsdnonwoven.com\/product\/absorbent-needle-punched-nonwoven-fabric-for-medical-plasters\/#breadcrumb\"},\"inLanguage\":\"pt-PT\",\"potentialAction\":[{\"@type\":\"ReadAction\",\"target\":[\"https:\/\/www.bsdnonwoven.com\/product\/absorbent-needle-punched-nonwoven-fabric-for-medical-plasters\/\"]}]},{\"@type\":\"ImageObject\",\"inLanguage\":\"pt-PT\",\"@id\":\"https:\/\/www.bsdnonwoven.com\/product\/absorbent-needle-punched-nonwoven-fabric-for-medical-plasters\/#primaryimage\",\"url\":\"https:\/\/www.bsdnonwoven.com\/wp-content\/uploads\/2025\/05\/Absorbent-Needle-Punched-Nonwoven-Fabric-for-Medical-Plasters-1.png\",\"contentUrl\":\"https:\/\/www.bsdnonwoven.com\/wp-content\/uploads\/2025\/05\/Absorbent-Needle-Punched-Nonwoven-Fabric-for-Medical-Plasters-1.png\",\"width\":800,\"height\":800,\"caption\":\"Absorbent Needle-Punched Nonwoven Fabric for Medical Plasters\"},{\"@type\":\"BreadcrumbList\",\"@id\":\"https:\/\/www.bsdnonwoven.com\/product\/absorbent-needle-punched-nonwoven-fabric-for-medical-plasters\/#breadcrumb\",\"itemListElement\":[{\"@type\":\"ListItem\",\"position\":1,\"name\":\"Home\",\"item\":\"https:\/\/www.bsdnonwoven.com\/\"},{\"@type\":\"ListItem\",\"position\":2,\"name\":\"Products\",\"item\":\"https:\/\/www.bsdnonwoven.com\/shop\/\"},{\"@type\":\"ListItem\",\"position\":3,\"name\":\"Absorbent Needle-Punched Nonwoven Fabric for Medical Plasters\"}]},{\"@type\":\"WebSite\",\"@id\":\"https:\/\/www.bsdnonwoven.com\/#website\",\"url\":\"https:\/\/www.bsdnonwoven.com\/\",\"name\":\"Boshida Nonwoven\",\"description\":\"\",\"potentialAction\":[{\"@type\":\"SearchAction\",\"target\":{\"@type\":\"EntryPoint\",\"urlTemplate\":\"https:\/\/www.bsdnonwoven.com\/?s={search_term_string}\"},\"query-input\":\"required name=search_term_string\"}],\"inLanguage\":\"pt-PT\"}]}<\/script>\n<!-- \/ Yoast SEO plugin. -->","yoast_head_json":{"title":"Absorbent Needle-Punched Nonwoven Fabric for Medical Plasters - Boshida Nonwoven","description":"Absorbent Needle-Punched Nonwoven Fabric for Medical Plasters , we provide Geosynthetic Needle-Punched Non-woven Fabric, Household needle punched non-woven fabric, Automotive Non-woven Fabric with good price.","robots":{"index":"index","follow":"follow","max-snippet":"max-snippet:-1","max-image-preview":"max-image-preview:large","max-video-preview":"max-video-preview:-1"},"canonical":"https:\/\/www.bsdnonwoven.com\/pt\/produto\/absorbent-needle-punched-nonwoven-fabric-for-medical-plasters\/","og_locale":"pt_PT","og_type":"article","og_title":"Absorbent Needle-Punched Nonwoven Fabric for Medical Plasters - Boshida Nonwoven","og_description":"Absorbent Needle-Punched Nonwoven Fabric for Medical Plasters , we provide Geosynthetic Needle-Punched Non-woven Fabric, Household needle punched non-woven fabric, Automotive Non-woven Fabric with good price.","og_url":"https:\/\/www.bsdnonwoven.com\/pt\/produto\/absorbent-needle-punched-nonwoven-fabric-for-medical-plasters\/","og_site_name":"Boshida Nonwoven","article_modified_time":"2025-06-25T09:29:46+00:00","og_image":[{"width":800,"height":800,"url":"https:\/\/www.bsdnonwoven.com\/wp-content\/uploads\/2025\/05\/Absorbent-Needle-Punched-Nonwoven-Fabric-for-Medical-Plasters-1.png","type":"image\/png"}],"twitter_card":"summary_large_image","twitter_misc":{"Tempo estimado de leitura":"2 minutos"},"schema":{"@context":"https:\/\/schema.org","@graph":[{"@type":"WebPage","@id":"https:\/\/www.bsdnonwoven.com\/product\/absorbent-needle-punched-nonwoven-fabric-for-medical-plasters\/","url":"https:\/\/www.bsdnonwoven.com\/product\/absorbent-needle-punched-nonwoven-fabric-for-medical-plasters\/","name":"Absorbent Needle-Punched Nonwoven Fabric for Medical Plasters - Boshida Nonwoven","isPartOf":{"@id":"https:\/\/www.bsdnonwoven.com\/#website"},"primaryImageOfPage":{"@id":"https:\/\/www.bsdnonwoven.com\/product\/absorbent-needle-punched-nonwoven-fabric-for-medical-plasters\/#primaryimage"},"image":{"@id":"https:\/\/www.bsdnonwoven.com\/product\/absorbent-needle-punched-nonwoven-fabric-for-medical-plasters\/#primaryimage"},"thumbnailUrl":"https:\/\/www.bsdnonwoven.com\/wp-content\/uploads\/2025\/05\/Absorbent-Needle-Punched-Nonwoven-Fabric-for-Medical-Plasters-1.png","datePublished":"2025-05-10T07:09:31+00:00","dateModified":"2025-06-25T09:29:46+00:00","description":"Absorbent Needle-Punched Nonwoven Fabric for Medical Plasters , we provide Geosynthetic Needle-Punched Non-woven Fabric, Household needle punched non-woven fabric, Automotive Non-woven Fabric with good price.","breadcrumb":{"@id":"https:\/\/www.bsdnonwoven.com\/product\/absorbent-needle-punched-nonwoven-fabric-for-medical-plasters\/#breadcrumb"},"inLanguage":"pt-PT","potentialAction":[{"@type":"ReadAction","target":["https:\/\/www.bsdnonwoven.com\/product\/absorbent-needle-punched-nonwoven-fabric-for-medical-plasters\/"]}]},{"@type":"ImageObject","inLanguage":"pt-PT","@id":"https:\/\/www.bsdnonwoven.com\/product\/absorbent-needle-punched-nonwoven-fabric-for-medical-plasters\/#primaryimage","url":"https:\/\/www.bsdnonwoven.com\/wp-content\/uploads\/2025\/05\/Absorbent-Needle-Punched-Nonwoven-Fabric-for-Medical-Plasters-1.png","contentUrl":"https:\/\/www.bsdnonwoven.com\/wp-content\/uploads\/2025\/05\/Absorbent-Needle-Punched-Nonwoven-Fabric-for-Medical-Plasters-1.png","width":800,"height":800,"caption":"Absorbent Needle-Punched Nonwoven Fabric for Medical Plasters"},{"@type":"BreadcrumbList","@id":"https:\/\/www.bsdnonwoven.com\/product\/absorbent-needle-punched-nonwoven-fabric-for-medical-plasters\/#breadcrumb","itemListElement":[{"@type":"ListItem","position":1,"name":"Home","item":"https:\/\/www.bsdnonwoven.com\/"},{"@type":"ListItem","position":2,"name":"Products","item":"https:\/\/www.bsdnonwoven.com\/shop\/"},{"@type":"ListItem","position":3,"name":"Absorbent Needle-Punched Nonwoven Fabric for Medical Plasters"}]},{"@type":"WebSite","@id":"https:\/\/www.bsdnonwoven.com\/#website","url":"https:\/\/www.bsdnonwoven.com\/","name":"Boshida Nonwoven","description":"","potentialAction":[{"@type":"SearchAction","target":{"@type":"EntryPoint","urlTemplate":"https:\/\/www.bsdnonwoven.com\/?s={search_term_string}"},"query-input":"required name=search_term_string"}],"inLanguage":"pt-PT"}]}},"_links":{"self":[{"href":"https:\/\/www.bsdnonwoven.com\/pt\/wp-json\/wp\/v2\/product\/12860"}],"collection":[{"href":"https:\/\/www.bsdnonwoven.com\/pt\/wp-json\/wp\/v2\/product"}],"about":[{"href":"https:\/\/www.bsdnonwoven.com\/pt\/wp-json\/wp\/v2\/types\/product"}],"wp:featuredmedia":[{"embeddable":true,"href":"https:\/\/www.bsdnonwoven.com\/pt\/wp-json\/wp\/v2\/media\/13387"}],"wp:attachment":[{"href":"https:\/\/www.bsdnonwoven.com\/pt\/wp-json\/wp\/v2\/media?parent=12860"}],"wp:term":[{"taxonomy":"product_cat","embeddable":true,"href":"https:\/\/www.bsdnonwoven.com\/pt\/wp-json\/wp\/v2\/product_cat?post=12860"},{"taxonomy":"product_tag","embeddable":true,"href":"https:\/\/www.bsdnonwoven.com\/pt\/wp-json\/wp\/v2\/product_tag?post=12860"}],"curies":[{"name":"wp","href":"https:\/\/api.w.org\/{rel}","templated":true}]}}