{"id":12871,"date":"2025-05-10T07:12:41","date_gmt":"2025-05-10T07:12:41","guid":{"rendered":"https:\/\/www.bsdnonwoven.com\/?post_type=product&#038;p=12871"},"modified":"2025-07-02T07:24:31","modified_gmt":"2025-07-02T07:24:31","slug":"absorbent-nonwoven-fabric-for-health-care-patches","status":"publish","type":"product","link":"https:\/\/www.bsdnonwoven.com\/pt\/produto\/absorbent-nonwoven-fabric-for-health-care-patches\/","title":{"rendered":"Tecido n\u00e3o tecido absorvente para pensos de cuidados de sa\u00fade"},"content":{"rendered":"<h2>Especifica\u00e7\u00f5es principais<\/h2>\n<table class=\"tg\" style=\"border-collapse: collapse; border-spacing: 0;\">\n<thead>\n<tr>\n<th style=\"font-family: Arial, sans-serif; font-size: 14px; font-weight: bold; overflow: hidden; padding: 10px 5px; text-align: center; vertical-align: middle; word-break: normal; border: 1px solid black;\">Item<\/th>\n<th style=\"font-family: Arial, sans-serif; font-size: 14px; font-weight: bold; overflow: hidden; padding: 10px 5px; text-align: center; vertical-align: middle; word-break: normal; border: 1px solid black;\">Intervalo de valores<\/th>\n<\/tr>\n<\/thead>\n<tbody>\n<tr>\n<td style=\"font-family: Arial, sans-serif; font-size: 14px; overflow: hidden; padding: 10px 5px; text-align: left; vertical-align: middle; word-break: normal; border: 1px solid black;\">Peso<\/td>\n<td style=\"font-family: Arial, sans-serif; font-size: 14px; overflow: hidden; padding: 10px 5px; text-align: left; vertical-align: middle; word-break: normal; border: 1px solid black;\">60-180g\/m\u00b2<\/td>\n<\/tr>\n<tr>\n<td style=\"font-family: Arial, sans-serif; font-size: 14px; overflow: hidden; padding: 10px 5px; text-align: left; vertical-align: middle; word-break: normal; border: 1px solid black;\">Espessura<\/td>\n<td style=\"font-family: Arial, sans-serif; font-size: 14px; overflow: hidden; padding: 10px 5px; text-align: left; vertical-align: middle; word-break: normal; border: 1px solid black;\">0,8-3,0 mm<\/td>\n<\/tr>\n<tr>\n<td style=\"font-family: Arial, sans-serif; font-size: 14px; overflow: hidden; padding: 10px 5px; text-align: left; vertical-align: middle; word-break: normal; border: 1px solid black;\">Material<\/td>\n<td style=\"font-family: Arial, sans-serif; font-size: 14px; overflow: hidden; padding: 10px 5px; text-align: left; vertical-align: middle; word-break: normal; border: 1px solid black;\">Poli\u00e9ster (PET) ou polipropileno (PP)<\/td>\n<\/tr>\n<tr>\n<td style=\"font-family: Arial, sans-serif; font-size: 14px; overflow: hidden; padding: 10px 5px; text-align: left; vertical-align: middle; word-break: normal; border: 1px solid black;\">Cor<\/td>\n<td style=\"font-family: Arial, sans-serif; font-size: 14px; overflow: hidden; padding: 10px 5px; text-align: left; vertical-align: middle; word-break: normal; border: 1px solid black;\">Branco, cinzento claro (personaliz\u00e1vel)<\/td>\n<\/tr>\n<tr>\n<td style=\"font-family: Arial, sans-serif; font-size: 14px; overflow: hidden; padding: 10px 5px; text-align: left; vertical-align: middle; word-break: normal; border: 1px solid black;\">Largura<\/td>\n<td style=\"font-family: Arial, sans-serif; font-size: 14px; overflow: hidden; padding: 10px 5px; text-align: left; vertical-align: middle; word-break: normal; border: 1px solid black;\">5cm-160cm (personaliz\u00e1vel)<\/td>\n<\/tr>\n<tr>\n<td style=\"font-family: Arial, sans-serif; font-size: 14px; overflow: hidden; padding: 10px 5px; text-align: left; vertical-align: middle; word-break: normal; border: 1px solid black;\">Processo<\/td>\n<td style=\"font-family: Arial, sans-serif; font-size: 14px; overflow: hidden; padding: 10px 5px; text-align: left; vertical-align: middle; word-break: normal; border: 1px solid black;\">N\u00e3o tecido agulhado<\/td>\n<\/tr>\n<tr>\n<td style=\"font-family: Arial, sans-serif; font-size: 14px; overflow: hidden; padding: 10px 5px; text-align: left; vertical-align: middle; word-break: normal; border: 1px solid black;\">Acabamentos especiais<\/td>\n<td style=\"font-family: Arial, sans-serif; font-size: 14px; overflow: hidden; padding: 10px 5px; text-align: left; vertical-align: middle; word-break: normal; border: 1px solid black;\">Hidrof\u00edlico, Respir\u00e1vel, Toque suave, Antibacteriano<\/td>\n<\/tr>\n<\/tbody>\n<\/table>\n<h2>Descri\u00e7\u00e3o do produto<\/h2>\n<p>O tecido n\u00e3o tecido absorvente para pensos de cuidados de sa\u00fade \u00e9 um material macio, respir\u00e1vel e altamente absorvente, perfurado por agulha, concebido para produtos como pensos para os olhos, pensos para o pesco\u00e7o e pensos para o umbigo. A sua estrutura uniforme e textura agrad\u00e1vel \u00e0 pele permitem-lhe absorver eficazmente l\u00edquidos \u00e0 base de ervas ou plantas e assegurar a liberta\u00e7\u00e3o gradual de ingredientes terap\u00eauticos, aumentando a efic\u00e1cia e o conforto dos tratamentos de bem-estar.<\/p>\n<h2>Carater\u00edsticas do produto<\/h2>\n<p>Suave e agrad\u00e1vel \u00e0 pele: Textura suave, confort\u00e1vel para o contacto direto com a pele.<\/p>\n<p>Elevada capacidade de absor\u00e7\u00e3o: Absorve rapidamente ervas ou fluidos m\u00e9dicos.<\/p>\n<p>Fun\u00e7\u00e3o de liberta\u00e7\u00e3o lenta: Suporta a liberta\u00e7\u00e3o e absor\u00e7\u00e3o cont\u00ednuas dos ingredientes activos.<\/p>\n<p>Acabamentos personaliz\u00e1veis: Dispon\u00edvel com tratamento hidrof\u00edlico, respir\u00e1vel e antibacteriano.<\/p>\n<p>Seguro e amigo do ambiente: N\u00e3o t\u00f3xico e n\u00e3o irritante, seguro para uma utiliza\u00e7\u00e3o prolongada.<\/p>\n<h2>Fun\u00e7\u00e3o do produto<\/h2>\n<p>Este tecido funciona como a camada central absorvente e de liberta\u00e7\u00e3o nos pensos de bem-estar, promovendo a administra\u00e7\u00e3o eficaz de ingredientes activos, prolongando a dura\u00e7\u00e3o terap\u00eautica e proporcionando amortecimento para aumentar o conforto e a efic\u00e1cia.<\/p>\n<h2>Aplica\u00e7\u00f5es de produtos<\/h2>\n<p>Tapa-olhos<\/p>\n<p>Pensos de terapia para o pesco\u00e7o<\/p>\n<p>Remendos no umbigo<\/p>\n<p>Patches para os p\u00e9s<\/p>\n<p>Pensos terap\u00eauticos MTC<\/p>\n<p>Bases para almofadas de beleza e cuidados da pele<\/p>\n<p>Materiais da almofada de compress\u00e3o quente\/fria<\/p>\n<p><img loading=\"lazy\" decoding=\"async\" class=\"size-full wp-image-13638 aligncenter\" data-src=\"https:\/\/www.bsdnonwoven.com\/wp-content\/uploads\/2025\/05\/Absorbent-Nonwoven-Fabric-for-Health-Care-Patches-7.webp\" alt=\"Tecido n\u00e3o tecido absorvente para pensos de cuidados de sa\u00fade\" width=\"1500\" height=\"500\" srcset=\"https:\/\/www.bsdnonwoven.com\/wp-content\/uploads\/2025\/05\/Absorbent-Nonwoven-Fabric-for-Health-Care-Patches-7.webp 1500w, https:\/\/www.bsdnonwoven.com\/wp-content\/uploads\/2025\/05\/Absorbent-Nonwoven-Fabric-for-Health-Care-Patches-7-1280x427.webp 1280w, https:\/\/www.bsdnonwoven.com\/wp-content\/uploads\/2025\/05\/Absorbent-Nonwoven-Fabric-for-Health-Care-Patches-7-980x327.webp 980w, https:\/\/www.bsdnonwoven.com\/wp-content\/uploads\/2025\/05\/Absorbent-Nonwoven-Fabric-for-Health-Care-Patches-7-480x160.webp 480w\" sizes=\"(min-width: 0px) and (max-width: 480px) 480px, (min-width: 481px) and (max-width: 980px) 980px, (min-width: 981px) and (max-width: 1280px) 1280px, (min-width: 1281px) 1500px, 100vw\" \/><\/p>","protected":false},"excerpt":{"rendered":"<p>O tecido n\u00e3o tecido absorvente para pensos de cuidados de sa\u00fade \u00e9 um material macio, respir\u00e1vel e altamente absorvente, perfurado por agulha, concebido para produtos como pensos para os olhos, pensos para o pesco\u00e7o e pensos para o umbigo. A sua estrutura uniforme e textura agrad\u00e1vel \u00e0 pele permitem-lhe absorver eficazmente l\u00edquidos \u00e0 base de ervas ou plantas e assegurar a liberta\u00e7\u00e3o gradual de ingredientes terap\u00eauticos, aumentando a efic\u00e1cia e o conforto dos tratamentos de bem-estar.<\/p>","protected":false},"featured_media":13417,"template":"","meta":{"_et_pb_use_builder":"","_et_pb_old_content":"","_et_gb_content_width":""},"product_cat":[311],"product_tag":[],"yoast_head":"<!-- This site is optimized with the Yoast SEO plugin v22.7 - https:\/\/yoast.com\/wordpress\/plugins\/seo\/ -->\n<title>Absorbent Nonwoven Fabric for Health Care Patches - Boshida Nonwoven<\/title>\n<meta name=\"description\" content=\"Absorbent Nonwoven Fabric for Health Care Patches , we provide Geosynthetic Needle-Punched Non-woven Fabric, Household needle punched non-woven fabric, Automotive Non-woven Fabric with good price.\" \/>\n<meta name=\"robots\" content=\"index, follow, max-snippet:-1, max-image-preview:large, max-video-preview:-1\" \/>\n<link rel=\"canonical\" href=\"https:\/\/www.bsdnonwoven.com\/pt\/produto\/absorbent-nonwoven-fabric-for-health-care-patches\/\" \/>\n<meta property=\"og:locale\" content=\"pt_PT\" \/>\n<meta property=\"og:type\" content=\"article\" \/>\n<meta property=\"og:title\" content=\"Absorbent Nonwoven Fabric for Health Care Patches - Boshida Nonwoven\" \/>\n<meta property=\"og:description\" content=\"Absorbent Nonwoven Fabric for Health Care Patches , we provide Geosynthetic Needle-Punched Non-woven Fabric, Household needle punched non-woven fabric, Automotive Non-woven Fabric with good price.\" \/>\n<meta property=\"og:url\" content=\"https:\/\/www.bsdnonwoven.com\/pt\/produto\/absorbent-nonwoven-fabric-for-health-care-patches\/\" \/>\n<meta property=\"og:site_name\" content=\"Boshida Nonwoven\" \/>\n<meta property=\"article:modified_time\" content=\"2025-07-02T07:24:31+00:00\" \/>\n<meta property=\"og:image\" content=\"https:\/\/www.bsdnonwoven.com\/wp-content\/uploads\/2025\/05\/Absorbent-Nonwoven-Fabric-for-Health-Care-Patches-1.webp\" \/>\n\t<meta property=\"og:image:width\" content=\"800\" \/>\n\t<meta property=\"og:image:height\" content=\"800\" \/>\n\t<meta property=\"og:image:type\" content=\"image\/webp\" \/>\n<meta name=\"twitter:card\" content=\"summary_large_image\" \/>\n<meta name=\"twitter:label1\" content=\"Tempo estimado de leitura\" \/>\n\t<meta name=\"twitter:data1\" content=\"2 minutos\" \/>\n<script type=\"application\/ld+json\" class=\"yoast-schema-graph\">{\"@context\":\"https:\/\/schema.org\",\"@graph\":[{\"@type\":\"WebPage\",\"@id\":\"https:\/\/www.bsdnonwoven.com\/product\/absorbent-nonwoven-fabric-for-health-care-patches\/\",\"url\":\"https:\/\/www.bsdnonwoven.com\/product\/absorbent-nonwoven-fabric-for-health-care-patches\/\",\"name\":\"Absorbent Nonwoven Fabric for Health Care Patches - Boshida Nonwoven\",\"isPartOf\":{\"@id\":\"https:\/\/www.bsdnonwoven.com\/#website\"},\"primaryImageOfPage\":{\"@id\":\"https:\/\/www.bsdnonwoven.com\/product\/absorbent-nonwoven-fabric-for-health-care-patches\/#primaryimage\"},\"image\":{\"@id\":\"https:\/\/www.bsdnonwoven.com\/product\/absorbent-nonwoven-fabric-for-health-care-patches\/#primaryimage\"},\"thumbnailUrl\":\"https:\/\/www.bsdnonwoven.com\/wp-content\/uploads\/2025\/05\/Absorbent-Nonwoven-Fabric-for-Health-Care-Patches-1.webp\",\"datePublished\":\"2025-05-10T07:12:41+00:00\",\"dateModified\":\"2025-07-02T07:24:31+00:00\",\"description\":\"Absorbent Nonwoven Fabric for Health Care Patches , we provide Geosynthetic Needle-Punched Non-woven Fabric, Household needle punched non-woven fabric, Automotive Non-woven Fabric with good price.\",\"breadcrumb\":{\"@id\":\"https:\/\/www.bsdnonwoven.com\/product\/absorbent-nonwoven-fabric-for-health-care-patches\/#breadcrumb\"},\"inLanguage\":\"pt-PT\",\"potentialAction\":[{\"@type\":\"ReadAction\",\"target\":[\"https:\/\/www.bsdnonwoven.com\/product\/absorbent-nonwoven-fabric-for-health-care-patches\/\"]}]},{\"@type\":\"ImageObject\",\"inLanguage\":\"pt-PT\",\"@id\":\"https:\/\/www.bsdnonwoven.com\/product\/absorbent-nonwoven-fabric-for-health-care-patches\/#primaryimage\",\"url\":\"https:\/\/www.bsdnonwoven.com\/wp-content\/uploads\/2025\/05\/Absorbent-Nonwoven-Fabric-for-Health-Care-Patches-1.webp\",\"contentUrl\":\"https:\/\/www.bsdnonwoven.com\/wp-content\/uploads\/2025\/05\/Absorbent-Nonwoven-Fabric-for-Health-Care-Patches-1.webp\",\"width\":800,\"height\":800,\"caption\":\"Absorbent Nonwoven Fabric for Health Care Patches\"},{\"@type\":\"BreadcrumbList\",\"@id\":\"https:\/\/www.bsdnonwoven.com\/product\/absorbent-nonwoven-fabric-for-health-care-patches\/#breadcrumb\",\"itemListElement\":[{\"@type\":\"ListItem\",\"position\":1,\"name\":\"Home\",\"item\":\"https:\/\/www.bsdnonwoven.com\/\"},{\"@type\":\"ListItem\",\"position\":2,\"name\":\"Products\",\"item\":\"https:\/\/www.bsdnonwoven.com\/shop\/\"},{\"@type\":\"ListItem\",\"position\":3,\"name\":\"Absorbent Nonwoven Fabric for Health Care Patches\"}]},{\"@type\":\"WebSite\",\"@id\":\"https:\/\/www.bsdnonwoven.com\/#website\",\"url\":\"https:\/\/www.bsdnonwoven.com\/\",\"name\":\"Boshida Nonwoven\",\"description\":\"\",\"potentialAction\":[{\"@type\":\"SearchAction\",\"target\":{\"@type\":\"EntryPoint\",\"urlTemplate\":\"https:\/\/www.bsdnonwoven.com\/?s={search_term_string}\"},\"query-input\":\"required name=search_term_string\"}],\"inLanguage\":\"pt-PT\"}]}<\/script>\n<!-- \/ Yoast SEO plugin. -->","yoast_head_json":{"title":"Absorbent Nonwoven Fabric for Health Care Patches - Boshida Nonwoven","description":"Absorbent Nonwoven Fabric for Health Care Patches , we provide Geosynthetic Needle-Punched Non-woven Fabric, Household needle punched non-woven fabric, Automotive Non-woven Fabric with good price.","robots":{"index":"index","follow":"follow","max-snippet":"max-snippet:-1","max-image-preview":"max-image-preview:large","max-video-preview":"max-video-preview:-1"},"canonical":"https:\/\/www.bsdnonwoven.com\/pt\/produto\/absorbent-nonwoven-fabric-for-health-care-patches\/","og_locale":"pt_PT","og_type":"article","og_title":"Absorbent Nonwoven Fabric for Health Care Patches - Boshida Nonwoven","og_description":"Absorbent Nonwoven Fabric for Health Care Patches , we provide Geosynthetic Needle-Punched Non-woven Fabric, Household needle punched non-woven fabric, Automotive Non-woven Fabric with good price.","og_url":"https:\/\/www.bsdnonwoven.com\/pt\/produto\/absorbent-nonwoven-fabric-for-health-care-patches\/","og_site_name":"Boshida Nonwoven","article_modified_time":"2025-07-02T07:24:31+00:00","og_image":[{"width":800,"height":800,"url":"https:\/\/www.bsdnonwoven.com\/wp-content\/uploads\/2025\/05\/Absorbent-Nonwoven-Fabric-for-Health-Care-Patches-1.webp","type":"image\/webp"}],"twitter_card":"summary_large_image","twitter_misc":{"Tempo estimado de leitura":"2 minutos"},"schema":{"@context":"https:\/\/schema.org","@graph":[{"@type":"WebPage","@id":"https:\/\/www.bsdnonwoven.com\/product\/absorbent-nonwoven-fabric-for-health-care-patches\/","url":"https:\/\/www.bsdnonwoven.com\/product\/absorbent-nonwoven-fabric-for-health-care-patches\/","name":"Absorbent Nonwoven Fabric for Health Care Patches - Boshida Nonwoven","isPartOf":{"@id":"https:\/\/www.bsdnonwoven.com\/#website"},"primaryImageOfPage":{"@id":"https:\/\/www.bsdnonwoven.com\/product\/absorbent-nonwoven-fabric-for-health-care-patches\/#primaryimage"},"image":{"@id":"https:\/\/www.bsdnonwoven.com\/product\/absorbent-nonwoven-fabric-for-health-care-patches\/#primaryimage"},"thumbnailUrl":"https:\/\/www.bsdnonwoven.com\/wp-content\/uploads\/2025\/05\/Absorbent-Nonwoven-Fabric-for-Health-Care-Patches-1.webp","datePublished":"2025-05-10T07:12:41+00:00","dateModified":"2025-07-02T07:24:31+00:00","description":"Absorbent Nonwoven Fabric for Health Care Patches , we provide Geosynthetic Needle-Punched Non-woven Fabric, Household needle punched non-woven fabric, Automotive Non-woven Fabric with good price.","breadcrumb":{"@id":"https:\/\/www.bsdnonwoven.com\/product\/absorbent-nonwoven-fabric-for-health-care-patches\/#breadcrumb"},"inLanguage":"pt-PT","potentialAction":[{"@type":"ReadAction","target":["https:\/\/www.bsdnonwoven.com\/product\/absorbent-nonwoven-fabric-for-health-care-patches\/"]}]},{"@type":"ImageObject","inLanguage":"pt-PT","@id":"https:\/\/www.bsdnonwoven.com\/product\/absorbent-nonwoven-fabric-for-health-care-patches\/#primaryimage","url":"https:\/\/www.bsdnonwoven.com\/wp-content\/uploads\/2025\/05\/Absorbent-Nonwoven-Fabric-for-Health-Care-Patches-1.webp","contentUrl":"https:\/\/www.bsdnonwoven.com\/wp-content\/uploads\/2025\/05\/Absorbent-Nonwoven-Fabric-for-Health-Care-Patches-1.webp","width":800,"height":800,"caption":"Absorbent Nonwoven Fabric for Health Care Patches"},{"@type":"BreadcrumbList","@id":"https:\/\/www.bsdnonwoven.com\/product\/absorbent-nonwoven-fabric-for-health-care-patches\/#breadcrumb","itemListElement":[{"@type":"ListItem","position":1,"name":"Home","item":"https:\/\/www.bsdnonwoven.com\/"},{"@type":"ListItem","position":2,"name":"Products","item":"https:\/\/www.bsdnonwoven.com\/shop\/"},{"@type":"ListItem","position":3,"name":"Absorbent Nonwoven Fabric for Health Care Patches"}]},{"@type":"WebSite","@id":"https:\/\/www.bsdnonwoven.com\/#website","url":"https:\/\/www.bsdnonwoven.com\/","name":"Boshida Nonwoven","description":"","potentialAction":[{"@type":"SearchAction","target":{"@type":"EntryPoint","urlTemplate":"https:\/\/www.bsdnonwoven.com\/?s={search_term_string}"},"query-input":"required name=search_term_string"}],"inLanguage":"pt-PT"}]}},"_links":{"self":[{"href":"https:\/\/www.bsdnonwoven.com\/pt\/wp-json\/wp\/v2\/product\/12871"}],"collection":[{"href":"https:\/\/www.bsdnonwoven.com\/pt\/wp-json\/wp\/v2\/product"}],"about":[{"href":"https:\/\/www.bsdnonwoven.com\/pt\/wp-json\/wp\/v2\/types\/product"}],"wp:featuredmedia":[{"embeddable":true,"href":"https:\/\/www.bsdnonwoven.com\/pt\/wp-json\/wp\/v2\/media\/13417"}],"wp:attachment":[{"href":"https:\/\/www.bsdnonwoven.com\/pt\/wp-json\/wp\/v2\/media?parent=12871"}],"wp:term":[{"taxonomy":"product_cat","embeddable":true,"href":"https:\/\/www.bsdnonwoven.com\/pt\/wp-json\/wp\/v2\/product_cat?post=12871"},{"taxonomy":"product_tag","embeddable":true,"href":"https:\/\/www.bsdnonwoven.com\/pt\/wp-json\/wp\/v2\/product_tag?post=12871"}],"curies":[{"name":"wp","href":"https:\/\/api.w.org\/{rel}","templated":true}]}}