{"id":12994,"date":"2025-04-10T03:08:13","date_gmt":"2025-04-10T03:08:13","guid":{"rendered":"https:\/\/www.bsdnonwoven.com\/?post_type=product&#038;p=12994"},"modified":"2025-06-26T08:22:50","modified_gmt":"2025-06-26T08:22:50","slug":"pet-short-fiber-needle-punched-nonwoven-geotextile","status":"publish","type":"product","link":"https:\/\/www.bsdnonwoven.com\/pt\/produto\/pet-short-fiber-needle-punched-nonwoven-geotextile\/","title":{"rendered":"Geot\u00eaxtil n\u00e3o tecido perfurado com agulha de fibra curta PET"},"content":{"rendered":"<h2>Descrever<\/h2>\n<p>O geot\u00eaxtil n\u00e3o tecido perfurado com agulha de fibra curta PET \u00e9 um material geossint\u00e9tico fabricado a partir de fibras descont\u00ednuas de poli\u00e9ster atrav\u00e9s de processos como a abertura, a cardagem, a forma\u00e7\u00e3o de rede e a perfura\u00e7\u00e3o com agulha. Oferece uma excelente resist\u00eancia \u00e0 tra\u00e7\u00e3o, resist\u00eancia ao rasgamento e durabilidade. Este material \u00e9 amplamente utilizado na constru\u00e7\u00e3o de infra-estruturas, tais como projectos de conserva\u00e7\u00e3o de \u00e1gua, auto-estradas, caminhos-de-ferro, portos e t\u00faneis. Desempenha m\u00faltiplas fun\u00e7\u00f5es, incluindo refor\u00e7o, separa\u00e7\u00e3o, drenagem, filtragem e prote\u00e7\u00e3o. O produto tem uma elevada permeabilidade \u00e0 \u00e1gua e uma excelente resist\u00eancia a produtos qu\u00edmicos, assegurando um desempenho a longo prazo, mesmo em ambientes agressivos.<\/p>\n<h2>Par\u00e2metros b\u00e1sicos<\/h2>\n<table class=\"tg\" style=\"border-collapse: collapse; border-spacing: 0;\">\n<thead>\n<tr>\n<th style=\"background-color: #fff; color: #000000; font-family: Arial, sans-serif; font-size: 14px; font-weight: bold; overflow: hidden; padding: 10px 5px; text-align: left; vertical-align: middle; word-break: normal; border: 1px solid black;\">Par\u00e2metro<\/th>\n<th style=\"background-color: #fff; color: #000000; font-family: Arial, sans-serif; font-size: 14px; font-weight: bold; overflow: hidden; padding: 10px 5px; text-align: left; vertical-align: middle; word-break: normal; border: 1px solid black;\">Gama\/Especifica\u00e7\u00e3o<\/th>\n<\/tr>\n<\/thead>\n<tbody>\n<tr>\n<td style=\"background-color: #fff; color: #000000; font-family: Arial, sans-serif; font-size: 14px; font-weight: bold; overflow: hidden; padding: 10px 5px; text-align: left; vertical-align: middle; word-break: normal; border: 1px solid black;\">Mat\u00e9ria-prima<\/td>\n<td style=\"background-color: #fff; color: #000000; font-family: Arial, sans-serif; font-size: 14px; overflow: hidden; padding: 10px 5px; text-align: left; vertical-align: middle; word-break: normal; border: 1px solid black;\">Fibra descont\u00ednua de poli\u00e9ster (PET)<\/td>\n<\/tr>\n<tr>\n<td style=\"background-color: #fff; color: #000000; font-family: Arial, sans-serif; font-size: 14px; font-weight: bold; overflow: hidden; padding: 10px 5px; text-align: left; vertical-align: middle; word-break: normal; border: 1px solid black;\">Peso em gramas<\/td>\n<td style=\"background-color: #fff; color: #000000; font-family: Arial, sans-serif; font-size: 14px; overflow: hidden; padding: 10px 5px; text-align: left; vertical-align: middle; word-break: normal; border: 1px solid black;\">100g\/m<sup>2<\/sup>-800g\/m<sup>2<\/sup> (gsm)<\/td>\n<\/tr>\n<tr>\n<td style=\"background-color: #fff; color: #000000; font-family: Arial, sans-serif; font-size: 14px; font-weight: bold; overflow: hidden; padding: 10px 5px; text-align: left; vertical-align: middle; word-break: normal; border: 1px solid black;\">Espessura<\/td>\n<td style=\"background-color: #fff; color: #000000; font-family: Arial, sans-serif; font-size: 14px; overflow: hidden; padding: 10px 5px; text-align: left; vertical-align: middle; word-break: normal; border: 1px solid black;\">0,9-6,0 mm<\/td>\n<\/tr>\n<tr>\n<td style=\"background-color: #fff; color: #000000; font-family: Arial, sans-serif; font-size: 14px; font-weight: bold; overflow: hidden; padding: 10px 5px; text-align: left; vertical-align: middle; word-break: normal; border: 1px solid black;\">Largura<\/td>\n<td style=\"background-color: #fff; color: #000000; font-family: Arial, sans-serif; font-size: 14px; overflow: hidden; padding: 10px 5px; text-align: left; vertical-align: middle; word-break: normal; border: 1px solid black;\">0,5m-7m (personaliz\u00e1vel)<\/td>\n<\/tr>\n<tr>\n<td style=\"background-color: #fff; color: #000000; font-family: Arial, sans-serif; font-size: 14px; font-weight: bold; overflow: hidden; padding: 10px 5px; text-align: left; vertical-align: middle; word-break: normal; border: 1px solid black;\">Cor<\/td>\n<td style=\"background-color: #fff; color: #000000; font-family: Arial, sans-serif; font-size: 14px; overflow: hidden; padding: 10px 5px; text-align: left; vertical-align: middle; word-break: normal; border: 1px solid black;\">Branco \/ Preto \/ Cinzento<\/td>\n<\/tr>\n<tr>\n<td style=\"background-color: #fff; color: #000000; font-family: Arial, sans-serif; font-size: 14px; font-weight: bold; overflow: hidden; padding: 10px 5px; text-align: left; vertical-align: middle; word-break: normal; border: 1px solid black;\">Resist\u00eancia \u00e0 tra\u00e7\u00e3o<\/td>\n<td style=\"background-color: #fff; color: #000000; font-family: Arial, sans-serif; font-size: 14px; overflow: hidden; padding: 10px 5px; text-align: left; vertical-align: middle; word-break: normal; border: 1px solid black;\">\u2265 4,5 kN\/m (dependendo do peso em gramas)<\/td>\n<\/tr>\n<tr>\n<td style=\"background-color: #fff; color: #000000; font-family: Arial, sans-serif; font-size: 14px; font-weight: bold; overflow: hidden; padding: 10px 5px; text-align: left; vertical-align: middle; word-break: normal; border: 1px solid black;\">Resist\u00eancia ao rasgamento<\/td>\n<td style=\"background-color: #fff; color: #000000; font-family: Arial, sans-serif; font-size: 14px; overflow: hidden; padding: 10px 5px; text-align: left; vertical-align: middle; word-break: normal; border: 1px solid black;\">\u2265 0,5 kN<\/td>\n<\/tr>\n<tr>\n<td style=\"background-color: #fff; color: #000000; font-family: Arial, sans-serif; font-size: 14px; font-weight: bold; overflow: hidden; padding: 10px 5px; text-align: left; vertical-align: middle; word-break: normal; border: 1px solid black;\">Alongamento<\/td>\n<td style=\"background-color: #fff; color: #000000; font-family: Arial, sans-serif; font-size: 14px; overflow: hidden; padding: 10px 5px; text-align: left; vertical-align: middle; word-break: normal; border: 1px solid black;\">25%-100%<\/td>\n<\/tr>\n<tr>\n<td style=\"background-color: #fff; color: #000000; font-family: Arial, sans-serif; font-size: 14px; font-weight: bold; overflow: hidden; padding: 10px 5px; text-align: left; vertical-align: middle; word-break: normal; border: 1px solid black;\">Permeabilidade \u00e0 \u00e1gua<\/td>\n<td style=\"background-color: #fff; color: #000000; font-family: Arial, sans-serif; font-size: 14px; overflow: hidden; padding: 10px 5px; text-align: left; vertical-align: middle; word-break: normal; border: 1px solid black;\">Alta permeabilidade<\/td>\n<\/tr>\n<tr>\n<td style=\"background-color: #fff; color: #000000; font-family: Arial, sans-serif; font-size: 14px; font-weight: bold; overflow: hidden; padding: 10px 5px; text-align: left; vertical-align: middle; word-break: normal; border: 1px solid black;\">Processo de fabrico<\/td>\n<td style=\"background-color: #fff; color: #000000; font-family: Arial, sans-serif; font-size: 14px; overflow: hidden; padding: 10px 5px; text-align: left; vertical-align: middle; word-break: normal; border: 1px solid black;\">Processo de n\u00e3o-tecidos perfurados por agulha<\/td>\n<\/tr>\n<\/tbody>\n<\/table>\n<h2>Carater\u00edsticas<\/h2>\n<ul>\n<li>Elevada resist\u00eancia, devido \u00e0 utiliza\u00e7\u00e3o de fibras de pl\u00e1stico, mant\u00e9m uma resist\u00eancia e um alongamento suficientes tanto em estado seco como h\u00famido.<\/li>\n<li>Resistente \u00e0 corros\u00e3o \uff0c Pode suportar a corros\u00e3o a longo prazo em solos e \u00e1gua com n\u00edveis de pH vari\u00e1veis.<\/li>\n<li>Resistente a altas temperaturas e ao congelamento, bem como ao envelhecimento.<\/li>\n<li>Excelente permeabilidade \u00e0 \u00e1gua, os espa\u00e7os entre as fibras garantem um bom desempenho de infiltra\u00e7\u00e3o.<\/li>\n<li>Resistente a microrganismos, n\u00e3o \u00e9 afetado por micr\u00f3bios e danos causados por insectos.<\/li>\n<li>Constru\u00e7\u00e3o f\u00e1cil, o material leve e flex\u00edvel torna o transporte, a coloca\u00e7\u00e3o e a constru\u00e7\u00e3o c\u00f3modos.<\/li>\n<\/ul>\n<h2>Fun\u00e7\u00e3o<\/h2>\n<ul>\n<li><strong>Isolamento<\/strong><strong>\uff1a<\/strong>Separa materiais como solo\/areia ou solo\/bet\u00e3o, evitando a mistura e melhorando a capacidade de carga.<\/li>\n<li><strong>Filtragem<\/strong><strong>\uff1a<\/strong>Deixa passar a \u00e1gua enquanto bloqueia as part\u00edculas de terra\/areia, mantendo as estruturas est\u00e1veis.<\/li>\n<li><strong>Drenagem<\/strong><strong>\uff1a<\/strong>Cria caminhos de drenagem no solo para remover o excesso de \u00e1gua e g\u00e1s.<\/li>\n<li><strong>Refor\u00e7o<\/strong><strong>\uff1a<\/strong>Aumenta a resist\u00eancia e a estabilidade do solo, reduz a deforma\u00e7\u00e3o.<\/li>\n<li><strong>Prote\u00e7\u00e3o<\/strong><strong>\uff1a<\/strong>Protege o solo da eros\u00e3o, espalhando a press\u00e3o da \u00e1gua.<\/li>\n<\/ul>\n<h2>Objetivo<\/h2>\n<p>O geot\u00eaxtil de fibra curta agulhado \u00e9 um material geossint\u00e9tico muito utilizado. \u00c9 amplamente aplicado em v\u00e1rios projectos de engenharia, como refor\u00e7o de subleito ferrovi\u00e1rio, manuten\u00e7\u00e3o de pavimentos rodovi\u00e1rios, prote\u00e7\u00e3o de barragens, isolamento de estruturas hidr\u00e1ulicas, t\u00faneis, plan\u00edcies de mar\u00e9 costeiras, recupera\u00e7\u00e3o de terras, prote\u00e7\u00e3o ambiental, centrais el\u00e9ctricas e aeroportos.<\/p>\n<ul>\n<li>Material de filtragem para separa\u00e7\u00e3o de camadas de solo;<\/li>\n<li>Material de drenagem para reservat\u00f3rios, processamento de minerais e funda\u00e7\u00f5es de edif\u00edcios altos;<\/li>\n<li>Material de controlo da eros\u00e3o para aterros de rios e prote\u00e7\u00e3o de taludes;<\/li>\n<li>Material de refor\u00e7o para sub-bases de caminhos-de-ferro, auto-estradas e pistas de aeroportos, bem como para a constru\u00e7\u00e3o de estradas pantanosas;<\/li>\n<li>Material de isolamento t\u00e9rmico para prote\u00e7\u00e3o contra a geada e o congelamento;<\/li>\n<li>Material anti-rachadura para pavimentos asf\u00e1lticos.<\/li>\n<\/ul>\n<h2>Cen\u00e1rios de aplica\u00e7\u00e3o<\/h2>\n<p><img loading=\"lazy\" decoding=\"async\" class=\"size-full wp-image-13604 aligncenter\" data-src=\"https:\/\/www.bsdnonwoven.com\/wp-content\/uploads\/2025\/04\/PET-Short-Fiber-Needle-Punched-Nonwoven-Geotextile-1.webp\" alt=\"Geot\u00eaxtil n\u00e3o tecido perfurado com agulha de fibra curta PET-1\" width=\"1500\" height=\"500\" srcset=\"https:\/\/www.bsdnonwoven.com\/wp-content\/uploads\/2025\/04\/PET-Short-Fiber-Needle-Punched-Nonwoven-Geotextile-1.webp 1500w, https:\/\/www.bsdnonwoven.com\/wp-content\/uploads\/2025\/04\/PET-Short-Fiber-Needle-Punched-Nonwoven-Geotextile-1-1280x427.webp 1280w, https:\/\/www.bsdnonwoven.com\/wp-content\/uploads\/2025\/04\/PET-Short-Fiber-Needle-Punched-Nonwoven-Geotextile-1-980x327.webp 980w, https:\/\/www.bsdnonwoven.com\/wp-content\/uploads\/2025\/04\/PET-Short-Fiber-Needle-Punched-Nonwoven-Geotextile-1-480x160.webp 480w\" sizes=\"(min-width: 0px) and (max-width: 480px) 480px, (min-width: 481px) and (max-width: 980px) 980px, (min-width: 981px) and (max-width: 1280px) 1280px, (min-width: 1281px) 1500px, 100vw\" \/><\/p>\n<p>&nbsp;<\/p>","protected":false},"excerpt":{"rendered":"<p>O geot\u00eaxtil n\u00e3o tecido perfurado com agulha de fibra curta PET \u00e9 um material geossint\u00e9tico fabricado a partir de fibras descont\u00ednuas de poli\u00e9ster atrav\u00e9s de processos como a abertura, a cardagem, a forma\u00e7\u00e3o de rede e a perfura\u00e7\u00e3o com agulha. Oferece uma excelente resist\u00eancia \u00e0 tra\u00e7\u00e3o, resist\u00eancia ao rasgamento e durabilidade. Este material \u00e9 amplamente utilizado na constru\u00e7\u00e3o de infra-estruturas, tais como projectos de conserva\u00e7\u00e3o de \u00e1gua, auto-estradas, caminhos-de-ferro, portos e t\u00faneis. Desempenha m\u00faltiplas fun\u00e7\u00f5es, incluindo refor\u00e7o, separa\u00e7\u00e3o, drenagem, filtragem e prote\u00e7\u00e3o. O produto tem uma elevada permeabilidade \u00e0 \u00e1gua e uma excelente resist\u00eancia a produtos qu\u00edmicos, assegurando um desempenho a longo prazo, mesmo em ambientes agressivos.<\/p>","protected":false},"featured_media":13007,"template":"","meta":{"_et_pb_use_builder":"","_et_pb_old_content":"","_et_gb_content_width":""},"product_cat":[312],"product_tag":[],"yoast_head":"<!-- This site is optimized with the Yoast SEO plugin v22.7 - https:\/\/yoast.com\/wordpress\/plugins\/seo\/ -->\n<title>PET Short Fiber Needle Punched Nonwoven Geotextile - Boshida Nonwoven<\/title>\n<meta name=\"description\" content=\"PET Short Fiber Needle Punched Nonwoven Geotextile , we provide Geosynthetic Needle-Punched Non-woven Fabric, Household needle punched non-woven fabric, Automotive Non-woven Fabric with good price.\" \/>\n<meta name=\"robots\" content=\"index, follow, max-snippet:-1, max-image-preview:large, max-video-preview:-1\" \/>\n<link rel=\"canonical\" href=\"https:\/\/www.bsdnonwoven.com\/pt\/produto\/pet-short-fiber-needle-punched-nonwoven-geotextile\/\" \/>\n<meta property=\"og:locale\" content=\"pt_PT\" \/>\n<meta property=\"og:type\" content=\"article\" \/>\n<meta property=\"og:title\" content=\"PET Short Fiber Needle Punched Nonwoven Geotextile - Boshida Nonwoven\" \/>\n<meta property=\"og:description\" content=\"PET Short Fiber Needle Punched Nonwoven Geotextile , we provide Geosynthetic Needle-Punched Non-woven Fabric, Household needle punched non-woven fabric, Automotive Non-woven Fabric with good price.\" \/>\n<meta property=\"og:url\" content=\"https:\/\/www.bsdnonwoven.com\/pt\/produto\/pet-short-fiber-needle-punched-nonwoven-geotextile\/\" \/>\n<meta property=\"og:site_name\" content=\"Boshida Nonwoven\" \/>\n<meta property=\"article:modified_time\" content=\"2025-06-26T08:22:50+00:00\" \/>\n<meta property=\"og:image\" content=\"https:\/\/www.bsdnonwoven.com\/wp-content\/uploads\/2025\/05\/PET-Short-Fiber-Needle-Punched-Nonwoven-Geotextile1-1.webp\" \/>\n\t<meta property=\"og:image:width\" content=\"800\" \/>\n\t<meta property=\"og:image:height\" content=\"800\" \/>\n\t<meta property=\"og:image:type\" content=\"image\/webp\" \/>\n<meta name=\"twitter:card\" content=\"summary_large_image\" \/>\n<meta name=\"twitter:label1\" content=\"Tempo estimado de leitura\" \/>\n\t<meta name=\"twitter:data1\" content=\"2 minutos\" \/>\n<script type=\"application\/ld+json\" class=\"yoast-schema-graph\">{\"@context\":\"https:\/\/schema.org\",\"@graph\":[{\"@type\":\"WebPage\",\"@id\":\"https:\/\/www.bsdnonwoven.com\/product\/pet-short-fiber-needle-punched-nonwoven-geotextile\/\",\"url\":\"https:\/\/www.bsdnonwoven.com\/product\/pet-short-fiber-needle-punched-nonwoven-geotextile\/\",\"name\":\"PET Short Fiber Needle Punched Nonwoven Geotextile - Boshida Nonwoven\",\"isPartOf\":{\"@id\":\"https:\/\/www.bsdnonwoven.com\/#website\"},\"primaryImageOfPage\":{\"@id\":\"https:\/\/www.bsdnonwoven.com\/product\/pet-short-fiber-needle-punched-nonwoven-geotextile\/#primaryimage\"},\"image\":{\"@id\":\"https:\/\/www.bsdnonwoven.com\/product\/pet-short-fiber-needle-punched-nonwoven-geotextile\/#primaryimage\"},\"thumbnailUrl\":\"https:\/\/www.bsdnonwoven.com\/wp-content\/uploads\/2025\/05\/PET-Short-Fiber-Needle-Punched-Nonwoven-Geotextile1-1.webp\",\"datePublished\":\"2025-04-10T03:08:13+00:00\",\"dateModified\":\"2025-06-26T08:22:50+00:00\",\"description\":\"PET Short Fiber Needle Punched Nonwoven Geotextile , we provide Geosynthetic Needle-Punched Non-woven Fabric, Household needle punched non-woven fabric, Automotive Non-woven Fabric with good price.\",\"breadcrumb\":{\"@id\":\"https:\/\/www.bsdnonwoven.com\/product\/pet-short-fiber-needle-punched-nonwoven-geotextile\/#breadcrumb\"},\"inLanguage\":\"pt-PT\",\"potentialAction\":[{\"@type\":\"ReadAction\",\"target\":[\"https:\/\/www.bsdnonwoven.com\/product\/pet-short-fiber-needle-punched-nonwoven-geotextile\/\"]}]},{\"@type\":\"ImageObject\",\"inLanguage\":\"pt-PT\",\"@id\":\"https:\/\/www.bsdnonwoven.com\/product\/pet-short-fiber-needle-punched-nonwoven-geotextile\/#primaryimage\",\"url\":\"https:\/\/www.bsdnonwoven.com\/wp-content\/uploads\/2025\/05\/PET-Short-Fiber-Needle-Punched-Nonwoven-Geotextile1-1.webp\",\"contentUrl\":\"https:\/\/www.bsdnonwoven.com\/wp-content\/uploads\/2025\/05\/PET-Short-Fiber-Needle-Punched-Nonwoven-Geotextile1-1.webp\",\"width\":800,\"height\":800,\"caption\":\"PET Short Fiber Needle Punched Nonwoven Geotextile\"},{\"@type\":\"BreadcrumbList\",\"@id\":\"https:\/\/www.bsdnonwoven.com\/product\/pet-short-fiber-needle-punched-nonwoven-geotextile\/#breadcrumb\",\"itemListElement\":[{\"@type\":\"ListItem\",\"position\":1,\"name\":\"Home\",\"item\":\"https:\/\/www.bsdnonwoven.com\/\"},{\"@type\":\"ListItem\",\"position\":2,\"name\":\"Products\",\"item\":\"https:\/\/www.bsdnonwoven.com\/shop\/\"},{\"@type\":\"ListItem\",\"position\":3,\"name\":\"PET Short Fiber Needle Punched Nonwoven Geotextile\"}]},{\"@type\":\"WebSite\",\"@id\":\"https:\/\/www.bsdnonwoven.com\/#website\",\"url\":\"https:\/\/www.bsdnonwoven.com\/\",\"name\":\"Boshida Nonwoven\",\"description\":\"\",\"potentialAction\":[{\"@type\":\"SearchAction\",\"target\":{\"@type\":\"EntryPoint\",\"urlTemplate\":\"https:\/\/www.bsdnonwoven.com\/?s={search_term_string}\"},\"query-input\":\"required name=search_term_string\"}],\"inLanguage\":\"pt-PT\"}]}<\/script>\n<!-- \/ Yoast SEO plugin. -->","yoast_head_json":{"title":"PET Short Fiber Needle Punched Nonwoven Geotextile - Boshida Nonwoven","description":"PET Short Fiber Needle Punched Nonwoven Geotextile , we provide Geosynthetic Needle-Punched Non-woven Fabric, Household needle punched non-woven fabric, Automotive Non-woven Fabric with good price.","robots":{"index":"index","follow":"follow","max-snippet":"max-snippet:-1","max-image-preview":"max-image-preview:large","max-video-preview":"max-video-preview:-1"},"canonical":"https:\/\/www.bsdnonwoven.com\/pt\/produto\/pet-short-fiber-needle-punched-nonwoven-geotextile\/","og_locale":"pt_PT","og_type":"article","og_title":"PET Short Fiber Needle Punched Nonwoven Geotextile - Boshida Nonwoven","og_description":"PET Short Fiber Needle Punched Nonwoven Geotextile , we provide Geosynthetic Needle-Punched Non-woven Fabric, Household needle punched non-woven fabric, Automotive Non-woven Fabric with good price.","og_url":"https:\/\/www.bsdnonwoven.com\/pt\/produto\/pet-short-fiber-needle-punched-nonwoven-geotextile\/","og_site_name":"Boshida Nonwoven","article_modified_time":"2025-06-26T08:22:50+00:00","og_image":[{"width":800,"height":800,"url":"https:\/\/www.bsdnonwoven.com\/wp-content\/uploads\/2025\/05\/PET-Short-Fiber-Needle-Punched-Nonwoven-Geotextile1-1.webp","type":"image\/webp"}],"twitter_card":"summary_large_image","twitter_misc":{"Tempo estimado de leitura":"2 minutos"},"schema":{"@context":"https:\/\/schema.org","@graph":[{"@type":"WebPage","@id":"https:\/\/www.bsdnonwoven.com\/product\/pet-short-fiber-needle-punched-nonwoven-geotextile\/","url":"https:\/\/www.bsdnonwoven.com\/product\/pet-short-fiber-needle-punched-nonwoven-geotextile\/","name":"PET Short Fiber Needle Punched Nonwoven Geotextile - Boshida Nonwoven","isPartOf":{"@id":"https:\/\/www.bsdnonwoven.com\/#website"},"primaryImageOfPage":{"@id":"https:\/\/www.bsdnonwoven.com\/product\/pet-short-fiber-needle-punched-nonwoven-geotextile\/#primaryimage"},"image":{"@id":"https:\/\/www.bsdnonwoven.com\/product\/pet-short-fiber-needle-punched-nonwoven-geotextile\/#primaryimage"},"thumbnailUrl":"https:\/\/www.bsdnonwoven.com\/wp-content\/uploads\/2025\/05\/PET-Short-Fiber-Needle-Punched-Nonwoven-Geotextile1-1.webp","datePublished":"2025-04-10T03:08:13+00:00","dateModified":"2025-06-26T08:22:50+00:00","description":"PET Short Fiber Needle Punched Nonwoven Geotextile , we provide Geosynthetic Needle-Punched Non-woven Fabric, Household needle punched non-woven fabric, Automotive Non-woven Fabric with good price.","breadcrumb":{"@id":"https:\/\/www.bsdnonwoven.com\/product\/pet-short-fiber-needle-punched-nonwoven-geotextile\/#breadcrumb"},"inLanguage":"pt-PT","potentialAction":[{"@type":"ReadAction","target":["https:\/\/www.bsdnonwoven.com\/product\/pet-short-fiber-needle-punched-nonwoven-geotextile\/"]}]},{"@type":"ImageObject","inLanguage":"pt-PT","@id":"https:\/\/www.bsdnonwoven.com\/product\/pet-short-fiber-needle-punched-nonwoven-geotextile\/#primaryimage","url":"https:\/\/www.bsdnonwoven.com\/wp-content\/uploads\/2025\/05\/PET-Short-Fiber-Needle-Punched-Nonwoven-Geotextile1-1.webp","contentUrl":"https:\/\/www.bsdnonwoven.com\/wp-content\/uploads\/2025\/05\/PET-Short-Fiber-Needle-Punched-Nonwoven-Geotextile1-1.webp","width":800,"height":800,"caption":"PET Short Fiber Needle Punched Nonwoven Geotextile"},{"@type":"BreadcrumbList","@id":"https:\/\/www.bsdnonwoven.com\/product\/pet-short-fiber-needle-punched-nonwoven-geotextile\/#breadcrumb","itemListElement":[{"@type":"ListItem","position":1,"name":"Home","item":"https:\/\/www.bsdnonwoven.com\/"},{"@type":"ListItem","position":2,"name":"Products","item":"https:\/\/www.bsdnonwoven.com\/shop\/"},{"@type":"ListItem","position":3,"name":"PET Short Fiber Needle Punched Nonwoven Geotextile"}]},{"@type":"WebSite","@id":"https:\/\/www.bsdnonwoven.com\/#website","url":"https:\/\/www.bsdnonwoven.com\/","name":"Boshida Nonwoven","description":"","potentialAction":[{"@type":"SearchAction","target":{"@type":"EntryPoint","urlTemplate":"https:\/\/www.bsdnonwoven.com\/?s={search_term_string}"},"query-input":"required name=search_term_string"}],"inLanguage":"pt-PT"}]}},"_links":{"self":[{"href":"https:\/\/www.bsdnonwoven.com\/pt\/wp-json\/wp\/v2\/product\/12994"}],"collection":[{"href":"https:\/\/www.bsdnonwoven.com\/pt\/wp-json\/wp\/v2\/product"}],"about":[{"href":"https:\/\/www.bsdnonwoven.com\/pt\/wp-json\/wp\/v2\/types\/product"}],"wp:featuredmedia":[{"embeddable":true,"href":"https:\/\/www.bsdnonwoven.com\/pt\/wp-json\/wp\/v2\/media\/13007"}],"wp:attachment":[{"href":"https:\/\/www.bsdnonwoven.com\/pt\/wp-json\/wp\/v2\/media?parent=12994"}],"wp:term":[{"taxonomy":"product_cat","embeddable":true,"href":"https:\/\/www.bsdnonwoven.com\/pt\/wp-json\/wp\/v2\/product_cat?post=12994"},{"taxonomy":"product_tag","embeddable":true,"href":"https:\/\/www.bsdnonwoven.com\/pt\/wp-json\/wp\/v2\/product_tag?post=12994"}],"curies":[{"name":"wp","href":"https:\/\/api.w.org\/{rel}","templated":true}]}}