{"id":13016,"date":"2025-05-21T06:55:34","date_gmt":"2025-05-21T06:55:34","guid":{"rendered":"https:\/\/www.bsdnonwoven.com\/?post_type=product&#038;p=13016"},"modified":"2025-06-26T08:22:23","modified_gmt":"2025-06-26T08:22:23","slug":"needle-punched-geotextile-for-highway-engineering","status":"publish","type":"product","link":"https:\/\/www.bsdnonwoven.com\/pt\/produto\/needle-punched-geotextile-for-highway-engineering\/","title":{"rendered":"Geot\u00eaxtil agulhado para engenharia rodovi\u00e1ria"},"content":{"rendered":"<h2>Par\u00e2metros b\u00e1sicos<\/h2>\n<p><a href=\"https:\/\/www.bsdnonwoven.com\/product\/needle-punched-geotextile-for-highway-engineering\/\"><strong>Geot\u00eaxtil agulhado para engenharia rodovi\u00e1ria<\/strong><\/a> \u00e9 um tecido n\u00e3o tecido fabricado a partir de fibras descont\u00ednuas de poli\u00e9ster (PET) ou polipropileno (PP) atrav\u00e9s de um processo de perfura\u00e7\u00e3o por agulha. A sua estrutura de fibra 3D oferece uma excelente resist\u00eancia \u00e0 tra\u00e7\u00e3o, resist\u00eancia ao rasgo, resist\u00eancia \u00e0 perfura\u00e7\u00e3o, filtra\u00e7\u00e3o, drenagem e capacidades de separa\u00e7\u00e3o. \u00c9 amplamente utilizado em auto-estradas, estradas rurais, caminhos-de-ferro e pistas de aeroportos para melhorar a estabiliza\u00e7\u00e3o da base, evitar a deforma\u00e7\u00e3o do subleito e prolongar a vida \u00fatil do pavimento.<\/p>\n<h3>Especifica\u00e7\u00f5es principais<\/h3>\n<table class=\"tg\" style=\"border-collapse: collapse; border-spacing: 0;\">\n<thead>\n<tr>\n<th style=\"font-family: Arial, sans-serif; font-size: 14px; font-weight: bold; overflow: hidden; padding: 10px 5px; text-align: center; vertical-align: middle; word-break: normal; border: 1px solid black;\">Par\u00e2metro<\/th>\n<th style=\"font-family: Arial, sans-serif; font-size: 14px; font-weight: bold; overflow: hidden; padding: 10px 5px; text-align: center; vertical-align: middle; word-break: normal; border: 1px solid black;\">Descri\u00e7\u00e3o das especifica\u00e7\u00f5es<\/th>\n<\/tr>\n<\/thead>\n<tbody>\n<tr>\n<td style=\"font-family: Arial, sans-serif; font-size: 14px; overflow: hidden; padding: 10px 5px; text-align: left; vertical-align: middle; word-break: normal; border: 1px solid black;\">Material<\/td>\n<td style=\"font-family: Arial, sans-serif; font-size: 14px; overflow: hidden; padding: 10px 5px; text-align: left; vertical-align: middle; word-break: normal; border: 1px solid black;\">Poli\u00e9ster de filamento cont\u00ednuo (PET) ou polipropileno (PP)<\/td>\n<\/tr>\n<tr>\n<td style=\"font-family: Arial, sans-serif; font-size: 14px; overflow: hidden; padding: 10px 5px; text-align: left; vertical-align: middle; word-break: normal; border: 1px solid black;\">Peso<\/td>\n<td style=\"font-family: Arial, sans-serif; font-size: 14px; overflow: hidden; padding: 10px 5px; text-align: left; vertical-align: middle; word-break: normal; border: 1px solid black;\">100g\/m<sup>2<\/sup>-800g\/m<sup>2<\/sup><\/td>\n<\/tr>\n<tr>\n<td style=\"font-family: Arial, sans-serif; font-size: 14px; overflow: hidden; padding: 10px 5px; text-align: left; vertical-align: middle; word-break: normal; border: 1px solid black;\">Espessura<\/td>\n<td style=\"font-family: Arial, sans-serif; font-size: 14px; overflow: hidden; padding: 10px 5px; text-align: left; vertical-align: middle; word-break: normal; border: 1px solid black;\">0,8-5 mm<\/td>\n<\/tr>\n<tr>\n<td style=\"font-family: Arial, sans-serif; font-size: 14px; overflow: hidden; padding: 10px 5px; text-align: left; vertical-align: middle; word-break: normal; border: 1px solid black;\">Largura<\/td>\n<td style=\"font-family: Arial, sans-serif; font-size: 14px; overflow: hidden; padding: 10px 5px; text-align: left; vertical-align: top; word-break: normal; border: 1px solid black;\">1-7 metros (personaliz\u00e1vel)<\/td>\n<\/tr>\n<tr>\n<td style=\"font-family: Arial, sans-serif; font-size: 14px; overflow: hidden; padding: 10px 5px; text-align: left; vertical-align: middle; word-break: normal; border: 1px solid black;\">Comprimento do rolo<\/td>\n<td style=\"font-family: Arial, sans-serif; font-size: 14px; overflow: hidden; padding: 10px 5px; text-align: left; vertical-align: middle; word-break: normal; border: 1px solid black;\">50-200 metros\/rolo (personaliz\u00e1vel)<\/td>\n<\/tr>\n<tr>\n<td style=\"font-family: Arial, sans-serif; font-size: 14px; overflow: hidden; padding: 10px 5px; text-align: left; vertical-align: middle; word-break: normal; border: 1px solid black;\">Cor<\/td>\n<td style=\"font-family: Arial, sans-serif; font-size: 14px; overflow: hidden; padding: 10px 5px; text-align: left; vertical-align: middle; word-break: normal; border: 1px solid black;\">Branco, preto, cinzento (personaliz\u00e1vel)<\/td>\n<\/tr>\n<tr>\n<td style=\"font-family: Arial, sans-serif; font-size: 14px; overflow: hidden; padding: 10px 5px; text-align: left; vertical-align: middle; word-break: normal; border: 1px solid black;\">Resist\u00eancia \u00e0 tra\u00e7\u00e3o<\/td>\n<td style=\"font-family: Arial, sans-serif; font-size: 14px; overflow: hidden; padding: 10px 5px; text-align: left; vertical-align: middle; word-break: normal; border: 1px solid black;\">\u2265 8 kN\/m (varia consoante o peso)<\/td>\n<\/tr>\n<tr>\n<td style=\"font-family: Arial, sans-serif; font-size: 14px; overflow: hidden; padding: 10px 5px; text-align: left; vertical-align: middle; word-break: normal; border: 1px solid black;\">Alongamento<\/td>\n<td style=\"font-family: Arial, sans-serif; font-size: 14px; overflow: hidden; padding: 10px 5px; text-align: left; vertical-align: middle; word-break: normal; border: 1px solid black;\">\u2265 25%<\/td>\n<\/tr>\n<tr>\n<td style=\"font-family: Arial, sans-serif; font-size: 14px; overflow: hidden; padding: 10px 5px; text-align: left; vertical-align: middle; word-break: normal; border: 1px solid black;\">Resist\u00eancia ao rasgamento<\/td>\n<td style=\"font-family: Arial, sans-serif; font-size: 14px; overflow: hidden; padding: 10px 5px; text-align: left; vertical-align: middle; word-break: normal; border: 1px solid black;\">\u2265 200 N<\/td>\n<\/tr>\n<tr>\n<td style=\"font-family: Arial, sans-serif; font-size: 14px; overflow: hidden; padding: 10px 5px; text-align: left; vertical-align: middle; word-break: normal; border: 1px solid black;\">Resist\u00eancia qu\u00edmica<\/td>\n<td style=\"font-family: Arial, sans-serif; font-size: 14px; overflow: hidden; padding: 10px 5px; text-align: left; vertical-align: middle; word-break: normal; border: 1px solid black;\">Excelente resist\u00eancia aos \u00e1cidos e \u00e1lcalis<\/td>\n<\/tr>\n<tr>\n<td style=\"font-family: Arial, sans-serif; font-size: 14px; overflow: hidden; padding: 10px 5px; text-align: left; vertical-align: middle; word-break: normal; border: 1px solid black;\">Coeficiente de permeabilidade<\/td>\n<td style=\"font-family: Arial, sans-serif; font-size: 14px; overflow: hidden; padding: 10px 5px; text-align: left; vertical-align: middle; word-break: normal; border: 1px solid black;\">10-\u00b9-10-\u00b3 cm\/s<\/td>\n<\/tr>\n<tr>\n<td style=\"font-family: Arial, sans-serif; font-size: 14px; overflow: hidden; padding: 10px 5px; text-align: left; vertical-align: middle; word-break: normal; border: 1px solid black;\">Temperatura de funcionamento<\/td>\n<td style=\"font-family: Arial, sans-serif; font-size: 14px; overflow: hidden; padding: 10px 5px; text-align: left; vertical-align: middle; word-break: normal; border: 1px solid black;\">-40\u2103 a +120\u2103<\/td>\n<\/tr>\n<\/tbody>\n<\/table>\n<h2>Carater\u00edsticas<\/h2>\n<ul>\n<li>Resistente aos raios UV<\/li>\n<li>Resist\u00eancia a altas temperaturas (at\u00e9 230\u00b0C), mant\u00e9m a estabilidade estrutural e as propriedades f\u00edsicas originais.<\/li>\n<li>Elevada drenagem no plano e permeabilidade vertical<\/li>\n<li>Excelente resist\u00eancia \u00e0 flu\u00eancia<\/li>\n<li>Resistente \u00e0 corros\u00e3o qu\u00edmica (contaminantes do solo, gasolina, gas\u00f3leo, etc.)<\/li>\n<li>Elevado alongamento sob tens\u00e3o, adapta-se bem a substratos desiguais e irregulares.<\/li>\n<\/ul>\n<h2>Fun\u00e7\u00e3o<\/h2>\n<ul>\n<li><strong>Respir\u00e1vel e perme\u00e1vel:<\/strong> Permite a passagem da \u00e1gua e evita a eros\u00e3o do solo e da areia.<\/li>\n<li><strong>Alta condutividade da \u00e1gua:<\/strong> Forma canais de drenagem eficientes para remover o excesso de l\u00edquidos e gases.<\/li>\n<li><strong>Alta permeabilidade sob press\u00e3o: <\/strong>Mant\u00e9m um excelente caudal de \u00e1gua, mesmo sob press\u00e3o do solo e da \u00e1gua.<\/li>\n<li><strong>Distribui\u00e7\u00e3o de tens\u00f5es: <\/strong>Dispersa, transfere ou decomp\u00f5e eficazmente o stress concentrado para proteger o solo de danos.<\/li>\n<li><strong>Camada de separa\u00e7\u00e3o:<\/strong> Evita a mistura entre as camadas superior e inferior de areia, solo e bet\u00e3o.<\/li>\n<li><strong>Resist\u00eancia qu\u00edmica:<\/strong> Fabricado em fibras PP ou PET, resistente a \u00e1cidos, \u00e1lcalis, corros\u00e3o, calor e oxida\u00e7\u00e3o.<\/li>\n<li><strong>Leve e de f\u00e1cil instala\u00e7\u00e3o:<\/strong> Reduz o tempo e os custos de constru\u00e7\u00e3o e melhora a efici\u00eancia.<\/li>\n<li><strong>Refor\u00e7o: <\/strong>Aumenta a resist\u00eancia \u00e0 tra\u00e7\u00e3o do solo, a resist\u00eancia \u00e0 deforma\u00e7\u00e3o e a estabilidade estrutural, melhorando a qualidade do solo.<\/li>\n<\/ul>\n<h2>Objetivo<\/h2>\n<ul>\n<li>Material de filtragem para separa\u00e7\u00e3o de solos<\/li>\n<li>Material de drenagem para reservat\u00f3rios, processamento de minerais em minas e drenagem de funda\u00e7\u00f5es em edif\u00edcios altos<\/li>\n<li>Material anti-incrustante para aterros fluviais e prote\u00e7\u00e3o de taludes<\/li>\n<li>Material de refor\u00e7o para leitos de estradas de caminhos-de-ferro, auto-estradas, pistas de aeroportos e material de estabiliza\u00e7\u00e3o para a constru\u00e7\u00e3o de estradas pantanosas<\/li>\n<li>Material de isolamento t\u00e9rmico para prote\u00e7\u00e3o contra a geada e o congelamento<\/li>\n<li>Material anti-rachadura para pavimentos de asfalto<\/li>\n<\/ul>\n<h2>Cen\u00e1rios de aplica\u00e7\u00e3o<\/h2>\n<p><img loading=\"lazy\" decoding=\"async\" class=\"size-full wp-image-13512 aligncenter\" data-src=\"https:\/\/www.bsdnonwoven.com\/wp-content\/uploads\/2025\/05\/Needle-punched-geotextile-for-highway-engineering1-1.webp\" alt=\"Geot\u00eaxtil agulhado para engenharia rodovi\u00e1ria\" width=\"1500\" height=\"499\" srcset=\"https:\/\/www.bsdnonwoven.com\/wp-content\/uploads\/2025\/05\/Needle-punched-geotextile-for-highway-engineering1-1.webp 1500w, https:\/\/www.bsdnonwoven.com\/wp-content\/uploads\/2025\/05\/Needle-punched-geotextile-for-highway-engineering1-1-1280x426.webp 1280w, https:\/\/www.bsdnonwoven.com\/wp-content\/uploads\/2025\/05\/Needle-punched-geotextile-for-highway-engineering1-1-980x326.webp 980w, https:\/\/www.bsdnonwoven.com\/wp-content\/uploads\/2025\/05\/Needle-punched-geotextile-for-highway-engineering1-1-480x160.webp 480w\" sizes=\"(min-width: 0px) and (max-width: 480px) 480px, (min-width: 481px) and (max-width: 980px) 980px, (min-width: 981px) and (max-width: 1280px) 1280px, (min-width: 1281px) 1500px, 100vw\" \/><\/p>","protected":false},"excerpt":{"rendered":"<p><strong>Geot\u00eaxtil agulhado<\/strong> for highway engineering is a nonwoven fabric made from polyester (PET) or polypropylene (PP) staple fibers through a needle punching process. Its 3D fiber structure offers excellent tensile strength, tear resistance, puncture resistance, filtration, drainage, and separation capabilities. It is widely used in highways, rural roads, railways, and airport runways to enhance base stabilization, prevent subgrade deformation, and extend pavement lifespan.<\/p>\n<p>See more products at <a href=\"https:\/\/www.bsdnonwoven.com\/category\/geotextile\/\"><strong>Geot\u00eaxtil<\/strong><\/a> Cat\u00e1logo!<\/p>","protected":false},"featured_media":13017,"template":"","meta":{"_et_pb_use_builder":"","_et_pb_old_content":"","_et_gb_content_width":""},"product_cat":[312],"product_tag":[315,314],"yoast_head":"<!-- This site is optimized with the Yoast SEO plugin v22.7 - https:\/\/yoast.com\/wordpress\/plugins\/seo\/ -->\n<title>Needle-punched geotextile for highway engineering - Boshida Nonwoven<\/title>\n<meta name=\"description\" content=\"Needle-punched geotextile for highway engineering , we provide Geosynthetic Needle-Punched Non-woven Fabric, Household needle punched non-woven fabric, Automotive Non-woven Fabric with good price.\" \/>\n<meta name=\"robots\" content=\"index, follow, max-snippet:-1, max-image-preview:large, max-video-preview:-1\" \/>\n<link rel=\"canonical\" href=\"https:\/\/www.bsdnonwoven.com\/pt\/produto\/needle-punched-geotextile-for-highway-engineering\/\" \/>\n<meta property=\"og:locale\" content=\"pt_PT\" \/>\n<meta property=\"og:type\" content=\"article\" \/>\n<meta property=\"og:title\" content=\"Needle-punched geotextile for highway engineering - Boshida Nonwoven\" \/>\n<meta property=\"og:description\" content=\"Needle-punched geotextile for highway engineering , we provide Geosynthetic Needle-Punched Non-woven Fabric, Household needle punched non-woven fabric, Automotive Non-woven Fabric with good price.\" \/>\n<meta property=\"og:url\" content=\"https:\/\/www.bsdnonwoven.com\/pt\/produto\/needle-punched-geotextile-for-highway-engineering\/\" \/>\n<meta property=\"og:site_name\" content=\"Boshida Nonwoven\" \/>\n<meta property=\"article:modified_time\" content=\"2025-06-26T08:22:23+00:00\" \/>\n<meta property=\"og:image\" content=\"https:\/\/www.bsdnonwoven.com\/wp-content\/uploads\/2025\/05\/Needle-punched-geotextile-for-highway-engineering-1.webp\" \/>\n\t<meta property=\"og:image:width\" content=\"800\" \/>\n\t<meta property=\"og:image:height\" content=\"800\" \/>\n\t<meta property=\"og:image:type\" content=\"image\/webp\" \/>\n<meta name=\"twitter:card\" content=\"summary_large_image\" \/>\n<meta name=\"twitter:label1\" content=\"Tempo estimado de leitura\" \/>\n\t<meta name=\"twitter:data1\" content=\"2 minutos\" \/>\n<script type=\"application\/ld+json\" class=\"yoast-schema-graph\">{\"@context\":\"https:\/\/schema.org\",\"@graph\":[{\"@type\":\"WebPage\",\"@id\":\"https:\/\/www.bsdnonwoven.com\/product\/needle-punched-geotextile-for-highway-engineering\/\",\"url\":\"https:\/\/www.bsdnonwoven.com\/product\/needle-punched-geotextile-for-highway-engineering\/\",\"name\":\"Needle-punched geotextile for highway engineering - Boshida Nonwoven\",\"isPartOf\":{\"@id\":\"https:\/\/www.bsdnonwoven.com\/#website\"},\"primaryImageOfPage\":{\"@id\":\"https:\/\/www.bsdnonwoven.com\/product\/needle-punched-geotextile-for-highway-engineering\/#primaryimage\"},\"image\":{\"@id\":\"https:\/\/www.bsdnonwoven.com\/product\/needle-punched-geotextile-for-highway-engineering\/#primaryimage\"},\"thumbnailUrl\":\"https:\/\/www.bsdnonwoven.com\/wp-content\/uploads\/2025\/05\/Needle-punched-geotextile-for-highway-engineering-1.webp\",\"datePublished\":\"2025-05-21T06:55:34+00:00\",\"dateModified\":\"2025-06-26T08:22:23+00:00\",\"description\":\"Needle-punched geotextile for highway engineering , we provide Geosynthetic Needle-Punched Non-woven Fabric, Household needle punched non-woven fabric, Automotive Non-woven Fabric with good price.\",\"breadcrumb\":{\"@id\":\"https:\/\/www.bsdnonwoven.com\/product\/needle-punched-geotextile-for-highway-engineering\/#breadcrumb\"},\"inLanguage\":\"pt-PT\",\"potentialAction\":[{\"@type\":\"ReadAction\",\"target\":[\"https:\/\/www.bsdnonwoven.com\/product\/needle-punched-geotextile-for-highway-engineering\/\"]}]},{\"@type\":\"ImageObject\",\"inLanguage\":\"pt-PT\",\"@id\":\"https:\/\/www.bsdnonwoven.com\/product\/needle-punched-geotextile-for-highway-engineering\/#primaryimage\",\"url\":\"https:\/\/www.bsdnonwoven.com\/wp-content\/uploads\/2025\/05\/Needle-punched-geotextile-for-highway-engineering-1.webp\",\"contentUrl\":\"https:\/\/www.bsdnonwoven.com\/wp-content\/uploads\/2025\/05\/Needle-punched-geotextile-for-highway-engineering-1.webp\",\"width\":800,\"height\":800,\"caption\":\"Needle-punched geotextile for highway engineering\"},{\"@type\":\"BreadcrumbList\",\"@id\":\"https:\/\/www.bsdnonwoven.com\/product\/needle-punched-geotextile-for-highway-engineering\/#breadcrumb\",\"itemListElement\":[{\"@type\":\"ListItem\",\"position\":1,\"name\":\"Home\",\"item\":\"https:\/\/www.bsdnonwoven.com\/\"},{\"@type\":\"ListItem\",\"position\":2,\"name\":\"Products\",\"item\":\"https:\/\/www.bsdnonwoven.com\/shop\/\"},{\"@type\":\"ListItem\",\"position\":3,\"name\":\"Needle-punched geotextile for highway engineering\"}]},{\"@type\":\"WebSite\",\"@id\":\"https:\/\/www.bsdnonwoven.com\/#website\",\"url\":\"https:\/\/www.bsdnonwoven.com\/\",\"name\":\"Boshida Nonwoven\",\"description\":\"\",\"potentialAction\":[{\"@type\":\"SearchAction\",\"target\":{\"@type\":\"EntryPoint\",\"urlTemplate\":\"https:\/\/www.bsdnonwoven.com\/?s={search_term_string}\"},\"query-input\":\"required name=search_term_string\"}],\"inLanguage\":\"pt-PT\"}]}<\/script>\n<!-- \/ Yoast SEO plugin. -->","yoast_head_json":{"title":"Needle-punched geotextile for highway engineering - Boshida Nonwoven","description":"Needle-punched geotextile for highway engineering , we provide Geosynthetic Needle-Punched Non-woven Fabric, Household needle punched non-woven fabric, Automotive Non-woven Fabric with good price.","robots":{"index":"index","follow":"follow","max-snippet":"max-snippet:-1","max-image-preview":"max-image-preview:large","max-video-preview":"max-video-preview:-1"},"canonical":"https:\/\/www.bsdnonwoven.com\/pt\/produto\/needle-punched-geotextile-for-highway-engineering\/","og_locale":"pt_PT","og_type":"article","og_title":"Needle-punched geotextile for highway engineering - Boshida Nonwoven","og_description":"Needle-punched geotextile for highway engineering , we provide Geosynthetic Needle-Punched Non-woven Fabric, Household needle punched non-woven fabric, Automotive Non-woven Fabric with good price.","og_url":"https:\/\/www.bsdnonwoven.com\/pt\/produto\/needle-punched-geotextile-for-highway-engineering\/","og_site_name":"Boshida Nonwoven","article_modified_time":"2025-06-26T08:22:23+00:00","og_image":[{"width":800,"height":800,"url":"https:\/\/www.bsdnonwoven.com\/wp-content\/uploads\/2025\/05\/Needle-punched-geotextile-for-highway-engineering-1.webp","type":"image\/webp"}],"twitter_card":"summary_large_image","twitter_misc":{"Tempo estimado de leitura":"2 minutos"},"schema":{"@context":"https:\/\/schema.org","@graph":[{"@type":"WebPage","@id":"https:\/\/www.bsdnonwoven.com\/product\/needle-punched-geotextile-for-highway-engineering\/","url":"https:\/\/www.bsdnonwoven.com\/product\/needle-punched-geotextile-for-highway-engineering\/","name":"Needle-punched geotextile for highway engineering - Boshida Nonwoven","isPartOf":{"@id":"https:\/\/www.bsdnonwoven.com\/#website"},"primaryImageOfPage":{"@id":"https:\/\/www.bsdnonwoven.com\/product\/needle-punched-geotextile-for-highway-engineering\/#primaryimage"},"image":{"@id":"https:\/\/www.bsdnonwoven.com\/product\/needle-punched-geotextile-for-highway-engineering\/#primaryimage"},"thumbnailUrl":"https:\/\/www.bsdnonwoven.com\/wp-content\/uploads\/2025\/05\/Needle-punched-geotextile-for-highway-engineering-1.webp","datePublished":"2025-05-21T06:55:34+00:00","dateModified":"2025-06-26T08:22:23+00:00","description":"Needle-punched geotextile for highway engineering , we provide Geosynthetic Needle-Punched Non-woven Fabric, Household needle punched non-woven fabric, Automotive Non-woven Fabric with good price.","breadcrumb":{"@id":"https:\/\/www.bsdnonwoven.com\/product\/needle-punched-geotextile-for-highway-engineering\/#breadcrumb"},"inLanguage":"pt-PT","potentialAction":[{"@type":"ReadAction","target":["https:\/\/www.bsdnonwoven.com\/product\/needle-punched-geotextile-for-highway-engineering\/"]}]},{"@type":"ImageObject","inLanguage":"pt-PT","@id":"https:\/\/www.bsdnonwoven.com\/product\/needle-punched-geotextile-for-highway-engineering\/#primaryimage","url":"https:\/\/www.bsdnonwoven.com\/wp-content\/uploads\/2025\/05\/Needle-punched-geotextile-for-highway-engineering-1.webp","contentUrl":"https:\/\/www.bsdnonwoven.com\/wp-content\/uploads\/2025\/05\/Needle-punched-geotextile-for-highway-engineering-1.webp","width":800,"height":800,"caption":"Needle-punched geotextile for highway engineering"},{"@type":"BreadcrumbList","@id":"https:\/\/www.bsdnonwoven.com\/product\/needle-punched-geotextile-for-highway-engineering\/#breadcrumb","itemListElement":[{"@type":"ListItem","position":1,"name":"Home","item":"https:\/\/www.bsdnonwoven.com\/"},{"@type":"ListItem","position":2,"name":"Products","item":"https:\/\/www.bsdnonwoven.com\/shop\/"},{"@type":"ListItem","position":3,"name":"Needle-punched geotextile for highway engineering"}]},{"@type":"WebSite","@id":"https:\/\/www.bsdnonwoven.com\/#website","url":"https:\/\/www.bsdnonwoven.com\/","name":"Boshida Nonwoven","description":"","potentialAction":[{"@type":"SearchAction","target":{"@type":"EntryPoint","urlTemplate":"https:\/\/www.bsdnonwoven.com\/?s={search_term_string}"},"query-input":"required name=search_term_string"}],"inLanguage":"pt-PT"}]}},"_links":{"self":[{"href":"https:\/\/www.bsdnonwoven.com\/pt\/wp-json\/wp\/v2\/product\/13016"}],"collection":[{"href":"https:\/\/www.bsdnonwoven.com\/pt\/wp-json\/wp\/v2\/product"}],"about":[{"href":"https:\/\/www.bsdnonwoven.com\/pt\/wp-json\/wp\/v2\/types\/product"}],"wp:featuredmedia":[{"embeddable":true,"href":"https:\/\/www.bsdnonwoven.com\/pt\/wp-json\/wp\/v2\/media\/13017"}],"wp:attachment":[{"href":"https:\/\/www.bsdnonwoven.com\/pt\/wp-json\/wp\/v2\/media?parent=13016"}],"wp:term":[{"taxonomy":"product_cat","embeddable":true,"href":"https:\/\/www.bsdnonwoven.com\/pt\/wp-json\/wp\/v2\/product_cat?post=13016"},{"taxonomy":"product_tag","embeddable":true,"href":"https:\/\/www.bsdnonwoven.com\/pt\/wp-json\/wp\/v2\/product_tag?post=13016"}],"curies":[{"name":"wp","href":"https:\/\/api.w.org\/{rel}","templated":true}]}}