{"id":13071,"date":"2025-05-21T07:43:08","date_gmt":"2025-05-21T07:43:08","guid":{"rendered":"https:\/\/www.bsdnonwoven.com\/?post_type=product&#038;p=13071"},"modified":"2025-06-25T09:22:19","modified_gmt":"2025-06-25T09:22:19","slug":"composite-geomembrane-for-road-engineering-2","status":"publish","type":"product","link":"https:\/\/www.bsdnonwoven.com\/pt\/produto\/composite-geomembrane-for-road-engineering-2\/","title":{"rendered":"Geomembrana comp\u00f3sita para engenharia rodovi\u00e1ria"},"content":{"rendered":"<h2>Descri\u00e7\u00e3o<\/h2>\n<p>Na constru\u00e7\u00e3o de estradas, as geomembranas comp\u00f3sitas s\u00e3o utilizadas principalmente para o refor\u00e7o do subleito e para o tratamento da drenagem.<a href=\"https:\/\/www.bsdnonwoven.com\/product\/composite-geomembrane-for-road-engineering-2\/\"><strong> Geomembrana de engenharia rodovi\u00e1ria<\/strong> <\/a>podem aumentar a capacidade de carga da estrada, reduzir o assentamento da funda\u00e7\u00e3o, impedir a penetra\u00e7\u00e3o da \u00e1gua e a eros\u00e3o do solo, protegendo efetivamente a estabilidade da base da estrada. Al\u00e9m disso, as geomembranas compostas podem inibir o crescimento de ervas daninhas e reduzir a carga de trabalho de manuten\u00e7\u00e3o da estrada.<\/p>\n<h2>Par\u00e2metro b\u00e1sico<\/h2>\n<table class=\"tg\" style=\"border-collapse: collapse; border-spacing: 0;\">\n<thead>\n<tr>\n<th style=\"font-family: Arial, sans-serif; font-size: 14px; font-weight: bold; overflow: hidden; padding: 10px 5px; text-align: left; vertical-align: middle; word-break: normal; border: 1px solid black;\">Par\u00e2metro<\/th>\n<th style=\"font-family: Arial, sans-serif; font-size: 14px; font-weight: bold; overflow: hidden; padding: 10px 5px; text-align: left; vertical-align: middle; word-break: normal; border: 1px solid black;\">Especifica\u00e7\u00e3o<\/th>\n<\/tr>\n<\/thead>\n<tbody>\n<tr>\n<td style=\"font-family: Arial, sans-serif; font-size: 14px; overflow: hidden; padding: 10px 5px; text-align: left; vertical-align: middle; word-break: normal; border: 1px solid black;\">Composi\u00e7\u00e3o do material<\/td>\n<td style=\"font-family: Arial, sans-serif; font-size: 14px; overflow: hidden; padding: 10px 5px; text-align: left; vertical-align: middle; word-break: normal; border: 1px solid black;\">Geomembrana PEAD + Geot\u00eaxtil agulhado<\/td>\n<\/tr>\n<tr>\n<td style=\"font-family: Arial, sans-serif; font-size: 14px; overflow: hidden; padding: 10px 5px; text-align: left; vertical-align: middle; word-break: normal; border: 1px solid black;\">Espessura da membrana<\/td>\n<td style=\"font-family: Arial, sans-serif; font-size: 14px; overflow: hidden; padding: 10px 5px; text-align: left; vertical-align: middle; word-break: normal; border: 1px solid black;\">0,2 mm - 2,0 mm<\/td>\n<\/tr>\n<tr>\n<td style=\"font-family: Arial, sans-serif; font-size: 14px; overflow: hidden; padding: 10px 5px; text-align: left; vertical-align: middle; word-break: normal; border: 1px solid black;\">Peso do tecido<\/td>\n<td style=\"font-family: Arial, sans-serif; font-size: 14px; overflow: hidden; padding: 10px 5px; text-align: left; vertical-align: middle; word-break: normal; border: 1px solid black;\">100g - 600g\/m\u00b2<\/td>\n<\/tr>\n<tr>\n<td style=\"font-family: Arial, sans-serif; font-size: 14px; overflow: hidden; padding: 10px 5px; text-align: left; vertical-align: middle; word-break: normal; border: 1px solid black;\">Camadas compostas<\/td>\n<td style=\"font-family: Arial, sans-serif; font-size: 14px; overflow: hidden; padding: 10px 5px; text-align: left; vertical-align: middle; word-break: normal; border: 1px solid black;\">Um t\u00eaxtil + uma membrana \/ Dois t\u00eaxteis + uma membrana \/ Multicamada<\/td>\n<\/tr>\n<tr>\n<td style=\"font-family: Arial, sans-serif; font-size: 14px; overflow: hidden; padding: 10px 5px; text-align: left; vertical-align: middle; word-break: normal; border: 1px solid black;\">Largura<\/td>\n<td style=\"font-family: Arial, sans-serif; font-size: 14px; overflow: hidden; padding: 10px 5px; text-align: left; vertical-align: middle; word-break: normal; border: 1px solid black;\">Padr\u00e3o 6 metros, personaliz\u00e1vel 1m-8m<\/td>\n<\/tr>\n<tr>\n<td style=\"font-family: Arial, sans-serif; font-size: 14px; overflow: hidden; padding: 10px 5px; text-align: left; vertical-align: middle; word-break: normal; border: 1px solid black;\">Comprimento<\/td>\n<td style=\"font-family: Arial, sans-serif; font-size: 14px; overflow: hidden; padding: 10px 5px; text-align: left; vertical-align: middle; word-break: normal; border: 1px solid black;\">50m ou 100m por rolo, personaliz\u00e1vel<\/td>\n<\/tr>\n<tr>\n<td style=\"font-family: Arial, sans-serif; font-size: 14px; overflow: hidden; padding: 10px 5px; text-align: left; vertical-align: middle; word-break: normal; border: 1px solid black;\">Resist\u00eancia \u00e0 tra\u00e7\u00e3o<\/td>\n<td style=\"font-family: Arial, sans-serif; font-size: 14px; overflow: hidden; padding: 10px 5px; text-align: left; vertical-align: middle; word-break: normal; border: 1px solid black;\">\u2265 18 MPa (ajust\u00e1vel com base no tecido)<\/td>\n<\/tr>\n<tr>\n<td style=\"font-family: Arial, sans-serif; font-size: 14px; overflow: hidden; padding: 10px 5px; text-align: left; vertical-align: middle; word-break: normal; border: 1px solid black;\">Resist\u00eancia ao rasgamento<\/td>\n<td style=\"font-family: Arial, sans-serif; font-size: 14px; overflow: hidden; padding: 10px 5px; text-align: left; vertical-align: middle; word-break: normal; border: 1px solid black;\">\u2265 80 N<\/td>\n<\/tr>\n<tr>\n<td style=\"font-family: Arial, sans-serif; font-size: 14px; overflow: hidden; padding: 10px 5px; text-align: left; vertical-align: middle; word-break: normal; border: 1px solid black;\">Permeabilidade<\/td>\n<td style=\"font-family: Arial, sans-serif; font-size: 14px; overflow: hidden; padding: 10px 5px; text-align: left; vertical-align: middle; word-break: normal; border: 1px solid black;\">\u2264 1,0\u00d710-\u00b9\u00b3 cm\/s<\/td>\n<\/tr>\n<\/tbody>\n<\/table>\n<h2>Principais carater\u00edsticas<\/h2>\n<ul>\n<li>Elevado desempenho f\u00edsico e mec\u00e2nico em termos de resist\u00eancia \u00e0 tra\u00e7\u00e3o, resist\u00eancia ao rasgamento e resist\u00eancia \u00e0 perfura\u00e7\u00e3o<\/li>\n<li>Excelentes propriedades do produto: elevada resist\u00eancia, boas carater\u00edsticas de alongamento e grande m\u00f3dulo de deforma\u00e7\u00e3o<\/li>\n<li>Carater\u00edsticas superiores do material: resist\u00eancia a \u00e1cidos\/alcalinos, resist\u00eancia \u00e0 corros\u00e3o, resist\u00eancia ao envelhecimento e excelente impermeabilidade<\/li>\n<\/ul>\n<h2>Fun\u00e7\u00e3o<\/h2>\n<ul>\n<li><strong>Impermeabilidade: <\/strong>Utilizado como uma camada anti-infiltra\u00e7\u00e3o em bases\/aterros de estradas para evitar a infiltra\u00e7\u00e3o de \u00e1gua, reduzindo o amolecimento\/deforma\u00e7\u00e3o do subleito e aumentando a estabilidade e a durabilidade.<\/li>\n<li><strong>Prote\u00e7\u00e3o contra a corros\u00e3o<\/strong>: Serve como barreira protetora em pontes\/culvernas\/t\u00faneis contra a corros\u00e3o da \u00e1gua\/qu\u00edmica, aumentando significativamente a vida \u00fatil da estrutura.<\/li>\n<li><strong>Camada de separa\u00e7\u00e3o<\/strong>: Mant\u00e9m a integridade do material, evitando a mistura entre diferentes camadas de constru\u00e7\u00e3o, garantindo a qualidade da engenharia.<\/li>\n<li><strong>Refor\u00e7o<\/strong>: Quando combinado com solo\/agregado, forma camadas refor\u00e7adas que melhoram a resist\u00eancia \u00e0 tra\u00e7\u00e3o\/deforma\u00e7\u00e3o, aumentando a capacidade de carga.<\/li>\n<li><strong>Controlo da liquida\u00e7\u00e3o:<\/strong> Atenua eficazmente a subsid\u00eancia do pavimento em \u00e1reas de solos moles, melhorando a consolida\u00e7\u00e3o da sub-base e mantendo a planura da estrada.<\/li>\n<\/ul>\n<h2>Cen\u00e1rios de aplica\u00e7\u00e3o<\/h2>\n<p><img loading=\"lazy\" decoding=\"async\" class=\"size-full wp-image-13504 aligncenter\" data-src=\"https:\/\/www.bsdnonwoven.com\/wp-content\/uploads\/2025\/05\/Composite-geomembrane-for-road-engineering1-1.webp\" alt=\"Geomembrana comp\u00f3sita para engenharia rodovi\u00e1ria\" width=\"1500\" height=\"502\" srcset=\"https:\/\/www.bsdnonwoven.com\/wp-content\/uploads\/2025\/05\/Composite-geomembrane-for-road-engineering1-1.webp 1500w, https:\/\/www.bsdnonwoven.com\/wp-content\/uploads\/2025\/05\/Composite-geomembrane-for-road-engineering1-1-1280x428.webp 1280w, https:\/\/www.bsdnonwoven.com\/wp-content\/uploads\/2025\/05\/Composite-geomembrane-for-road-engineering1-1-980x328.webp 980w, https:\/\/www.bsdnonwoven.com\/wp-content\/uploads\/2025\/05\/Composite-geomembrane-for-road-engineering1-1-480x161.webp 480w\" sizes=\"(min-width: 0px) and (max-width: 480px) 480px, (min-width: 481px) and (max-width: 980px) 980px, (min-width: 981px) and (max-width: 1280px) 1280px, (min-width: 1281px) 1500px, 100vw\" \/><\/p>","protected":false},"excerpt":{"rendered":"<p>Na constru\u00e7\u00e3o de estradas, o comp\u00f3sito <a href=\"https:\/\/www.bsdnonwoven.com\/category\/geomembrane-2\/\"><strong>geomembranas<\/strong><\/a> s\u00e3o utilizados principalmente para refor\u00e7o do subleito e tratamento de drenagem. Melhoram a capacidade de carga da estrada, reduzem o assentamento da funda\u00e7\u00e3o, evitam a penetra\u00e7\u00e3o de \u00e1gua e a eros\u00e3o do solo, protegendo eficazmente a estabilidade da base da estrada. Al\u00e9m disso, as geomembranas compostas podem inibir o crescimento de ervas daninhas e reduzir a carga de trabalho de manuten\u00e7\u00e3o da estrada.<\/p>","protected":false},"featured_media":13073,"template":"","meta":{"_et_pb_use_builder":"","_et_pb_old_content":"","_et_gb_content_width":""},"product_cat":[313],"product_tag":[319],"yoast_head":"<!-- This site is optimized with the Yoast SEO plugin v22.7 - https:\/\/yoast.com\/wordpress\/plugins\/seo\/ -->\n<title>Composite geomembrane for road engineering - Boshida Nonwoven<\/title>\n<meta name=\"description\" content=\"Composite geomembrane for road engineering , we provide Geosynthetic Needle-Punched Non-woven Fabric, Household needle punched non-woven fabric, Automotive Non-woven Fabric with good price.\" \/>\n<meta name=\"robots\" content=\"index, follow, max-snippet:-1, max-image-preview:large, max-video-preview:-1\" \/>\n<link rel=\"canonical\" href=\"https:\/\/www.bsdnonwoven.com\/pt\/produto\/composite-geomembrane-for-road-engineering-2\/\" \/>\n<meta property=\"og:locale\" content=\"pt_PT\" \/>\n<meta property=\"og:type\" content=\"article\" \/>\n<meta property=\"og:title\" content=\"Composite geomembrane for road engineering - Boshida Nonwoven\" \/>\n<meta property=\"og:description\" content=\"Composite geomembrane for road engineering , we provide Geosynthetic Needle-Punched Non-woven Fabric, Household needle punched non-woven fabric, Automotive Non-woven Fabric with good price.\" \/>\n<meta property=\"og:url\" content=\"https:\/\/www.bsdnonwoven.com\/pt\/produto\/composite-geomembrane-for-road-engineering-2\/\" \/>\n<meta property=\"og:site_name\" content=\"Boshida Nonwoven\" \/>\n<meta property=\"article:modified_time\" content=\"2025-06-25T09:22:19+00:00\" \/>\n<meta property=\"og:image\" content=\"https:\/\/www.bsdnonwoven.com\/wp-content\/uploads\/2025\/05\/Composite-geomembrane-for-road-engineering-1.webp\" \/>\n\t<meta property=\"og:image:width\" content=\"800\" \/>\n\t<meta property=\"og:image:height\" content=\"800\" \/>\n\t<meta property=\"og:image:type\" content=\"image\/webp\" \/>\n<meta name=\"twitter:card\" content=\"summary_large_image\" \/>\n<meta name=\"twitter:label1\" content=\"Tempo estimado de leitura\" \/>\n\t<meta name=\"twitter:data1\" content=\"2 minutos\" \/>\n<script type=\"application\/ld+json\" class=\"yoast-schema-graph\">{\"@context\":\"https:\/\/schema.org\",\"@graph\":[{\"@type\":\"WebPage\",\"@id\":\"https:\/\/www.bsdnonwoven.com\/product\/composite-geomembrane-for-road-engineering-2\/\",\"url\":\"https:\/\/www.bsdnonwoven.com\/product\/composite-geomembrane-for-road-engineering-2\/\",\"name\":\"Composite geomembrane for road engineering - Boshida Nonwoven\",\"isPartOf\":{\"@id\":\"https:\/\/www.bsdnonwoven.com\/#website\"},\"primaryImageOfPage\":{\"@id\":\"https:\/\/www.bsdnonwoven.com\/product\/composite-geomembrane-for-road-engineering-2\/#primaryimage\"},\"image\":{\"@id\":\"https:\/\/www.bsdnonwoven.com\/product\/composite-geomembrane-for-road-engineering-2\/#primaryimage\"},\"thumbnailUrl\":\"https:\/\/www.bsdnonwoven.com\/wp-content\/uploads\/2025\/05\/Composite-geomembrane-for-road-engineering-1.webp\",\"datePublished\":\"2025-05-21T07:43:08+00:00\",\"dateModified\":\"2025-06-25T09:22:19+00:00\",\"description\":\"Composite geomembrane for road engineering , we provide Geosynthetic Needle-Punched Non-woven Fabric, Household needle punched non-woven fabric, Automotive Non-woven Fabric with good price.\",\"breadcrumb\":{\"@id\":\"https:\/\/www.bsdnonwoven.com\/product\/composite-geomembrane-for-road-engineering-2\/#breadcrumb\"},\"inLanguage\":\"pt-PT\",\"potentialAction\":[{\"@type\":\"ReadAction\",\"target\":[\"https:\/\/www.bsdnonwoven.com\/product\/composite-geomembrane-for-road-engineering-2\/\"]}]},{\"@type\":\"ImageObject\",\"inLanguage\":\"pt-PT\",\"@id\":\"https:\/\/www.bsdnonwoven.com\/product\/composite-geomembrane-for-road-engineering-2\/#primaryimage\",\"url\":\"https:\/\/www.bsdnonwoven.com\/wp-content\/uploads\/2025\/05\/Composite-geomembrane-for-road-engineering-1.webp\",\"contentUrl\":\"https:\/\/www.bsdnonwoven.com\/wp-content\/uploads\/2025\/05\/Composite-geomembrane-for-road-engineering-1.webp\",\"width\":800,\"height\":800,\"caption\":\"Composite geomembrane for road engineering\"},{\"@type\":\"BreadcrumbList\",\"@id\":\"https:\/\/www.bsdnonwoven.com\/product\/composite-geomembrane-for-road-engineering-2\/#breadcrumb\",\"itemListElement\":[{\"@type\":\"ListItem\",\"position\":1,\"name\":\"Home\",\"item\":\"https:\/\/www.bsdnonwoven.com\/\"},{\"@type\":\"ListItem\",\"position\":2,\"name\":\"Products\",\"item\":\"https:\/\/www.bsdnonwoven.com\/shop\/\"},{\"@type\":\"ListItem\",\"position\":3,\"name\":\"Composite geomembrane for road engineering\"}]},{\"@type\":\"WebSite\",\"@id\":\"https:\/\/www.bsdnonwoven.com\/#website\",\"url\":\"https:\/\/www.bsdnonwoven.com\/\",\"name\":\"Boshida Nonwoven\",\"description\":\"\",\"potentialAction\":[{\"@type\":\"SearchAction\",\"target\":{\"@type\":\"EntryPoint\",\"urlTemplate\":\"https:\/\/www.bsdnonwoven.com\/?s={search_term_string}\"},\"query-input\":\"required name=search_term_string\"}],\"inLanguage\":\"pt-PT\"}]}<\/script>\n<!-- \/ Yoast SEO plugin. -->","yoast_head_json":{"title":"Composite geomembrane for road engineering - Boshida Nonwoven","description":"Composite geomembrane for road engineering , we provide Geosynthetic Needle-Punched Non-woven Fabric, Household needle punched non-woven fabric, Automotive Non-woven Fabric with good price.","robots":{"index":"index","follow":"follow","max-snippet":"max-snippet:-1","max-image-preview":"max-image-preview:large","max-video-preview":"max-video-preview:-1"},"canonical":"https:\/\/www.bsdnonwoven.com\/pt\/produto\/composite-geomembrane-for-road-engineering-2\/","og_locale":"pt_PT","og_type":"article","og_title":"Composite geomembrane for road engineering - Boshida Nonwoven","og_description":"Composite geomembrane for road engineering , we provide Geosynthetic Needle-Punched Non-woven Fabric, Household needle punched non-woven fabric, Automotive Non-woven Fabric with good price.","og_url":"https:\/\/www.bsdnonwoven.com\/pt\/produto\/composite-geomembrane-for-road-engineering-2\/","og_site_name":"Boshida Nonwoven","article_modified_time":"2025-06-25T09:22:19+00:00","og_image":[{"width":800,"height":800,"url":"https:\/\/www.bsdnonwoven.com\/wp-content\/uploads\/2025\/05\/Composite-geomembrane-for-road-engineering-1.webp","type":"image\/webp"}],"twitter_card":"summary_large_image","twitter_misc":{"Tempo estimado de leitura":"2 minutos"},"schema":{"@context":"https:\/\/schema.org","@graph":[{"@type":"WebPage","@id":"https:\/\/www.bsdnonwoven.com\/product\/composite-geomembrane-for-road-engineering-2\/","url":"https:\/\/www.bsdnonwoven.com\/product\/composite-geomembrane-for-road-engineering-2\/","name":"Composite geomembrane for road engineering - Boshida Nonwoven","isPartOf":{"@id":"https:\/\/www.bsdnonwoven.com\/#website"},"primaryImageOfPage":{"@id":"https:\/\/www.bsdnonwoven.com\/product\/composite-geomembrane-for-road-engineering-2\/#primaryimage"},"image":{"@id":"https:\/\/www.bsdnonwoven.com\/product\/composite-geomembrane-for-road-engineering-2\/#primaryimage"},"thumbnailUrl":"https:\/\/www.bsdnonwoven.com\/wp-content\/uploads\/2025\/05\/Composite-geomembrane-for-road-engineering-1.webp","datePublished":"2025-05-21T07:43:08+00:00","dateModified":"2025-06-25T09:22:19+00:00","description":"Composite geomembrane for road engineering , we provide Geosynthetic Needle-Punched Non-woven Fabric, Household needle punched non-woven fabric, Automotive Non-woven Fabric with good price.","breadcrumb":{"@id":"https:\/\/www.bsdnonwoven.com\/product\/composite-geomembrane-for-road-engineering-2\/#breadcrumb"},"inLanguage":"pt-PT","potentialAction":[{"@type":"ReadAction","target":["https:\/\/www.bsdnonwoven.com\/product\/composite-geomembrane-for-road-engineering-2\/"]}]},{"@type":"ImageObject","inLanguage":"pt-PT","@id":"https:\/\/www.bsdnonwoven.com\/product\/composite-geomembrane-for-road-engineering-2\/#primaryimage","url":"https:\/\/www.bsdnonwoven.com\/wp-content\/uploads\/2025\/05\/Composite-geomembrane-for-road-engineering-1.webp","contentUrl":"https:\/\/www.bsdnonwoven.com\/wp-content\/uploads\/2025\/05\/Composite-geomembrane-for-road-engineering-1.webp","width":800,"height":800,"caption":"Composite geomembrane for road engineering"},{"@type":"BreadcrumbList","@id":"https:\/\/www.bsdnonwoven.com\/product\/composite-geomembrane-for-road-engineering-2\/#breadcrumb","itemListElement":[{"@type":"ListItem","position":1,"name":"Home","item":"https:\/\/www.bsdnonwoven.com\/"},{"@type":"ListItem","position":2,"name":"Products","item":"https:\/\/www.bsdnonwoven.com\/shop\/"},{"@type":"ListItem","position":3,"name":"Composite geomembrane for road engineering"}]},{"@type":"WebSite","@id":"https:\/\/www.bsdnonwoven.com\/#website","url":"https:\/\/www.bsdnonwoven.com\/","name":"Boshida Nonwoven","description":"","potentialAction":[{"@type":"SearchAction","target":{"@type":"EntryPoint","urlTemplate":"https:\/\/www.bsdnonwoven.com\/?s={search_term_string}"},"query-input":"required name=search_term_string"}],"inLanguage":"pt-PT"}]}},"_links":{"self":[{"href":"https:\/\/www.bsdnonwoven.com\/pt\/wp-json\/wp\/v2\/product\/13071"}],"collection":[{"href":"https:\/\/www.bsdnonwoven.com\/pt\/wp-json\/wp\/v2\/product"}],"about":[{"href":"https:\/\/www.bsdnonwoven.com\/pt\/wp-json\/wp\/v2\/types\/product"}],"wp:featuredmedia":[{"embeddable":true,"href":"https:\/\/www.bsdnonwoven.com\/pt\/wp-json\/wp\/v2\/media\/13073"}],"wp:attachment":[{"href":"https:\/\/www.bsdnonwoven.com\/pt\/wp-json\/wp\/v2\/media?parent=13071"}],"wp:term":[{"taxonomy":"product_cat","embeddable":true,"href":"https:\/\/www.bsdnonwoven.com\/pt\/wp-json\/wp\/v2\/product_cat?post=13071"},{"taxonomy":"product_tag","embeddable":true,"href":"https:\/\/www.bsdnonwoven.com\/pt\/wp-json\/wp\/v2\/product_tag?post=13071"}],"curies":[{"name":"wp","href":"https:\/\/api.w.org\/{rel}","templated":true}]}}