{"id":13114,"date":"2025-05-21T08:39:50","date_gmt":"2025-05-21T08:39:50","guid":{"rendered":"https:\/\/www.bsdnonwoven.com\/?post_type=product&#038;p=13114"},"modified":"2025-06-25T09:19:49","modified_gmt":"2025-06-25T09:19:49","slug":"composite-geomembrane-for-tailings-engineering-2","status":"publish","type":"product","link":"https:\/\/www.bsdnonwoven.com\/pt\/produto\/composite-geomembrane-for-tailings-engineering-2\/","title":{"rendered":"Geomembrana comp\u00f3sita para engenharia de rejeitos"},"content":{"rendered":"<h2>Descrever<\/h2>\n<p>O composto <a href=\"https:\/\/www.bsdnonwoven.com\/product\/composite-geomembrane-for-tailings-engineering-2\/\"><strong>Geomembrana para engenharia de rejeitos<\/strong><\/a> pond \u00e9 uma barreira geossint\u00e9tica composta por geomembrana de polietileno de alta densidade (PEAD) laminada com geot\u00eaxtil n\u00e3o tecido agulhado. Foi especificamente concebida para lagoas de rejeitos e aplica\u00e7\u00f5es de conten\u00e7\u00e3o de res\u00edduos mineiros, oferecendo uma excelente resist\u00eancia qu\u00edmica, resist\u00eancia ao envelhecimento e resist\u00eancia mec\u00e2nica para impedir eficazmente a fuga de subst\u00e2ncias perigosas e proteger as \u00e1guas subterr\u00e2neas e os ambientes circundantes.<\/p>\n<h2>Par\u00e2metro<\/h2>\n<table class=\"tg\" style=\"border-collapse: collapse; border-spacing: 0;\">\n<thead>\n<tr>\n<th style=\"font-family: Arial, sans-serif; font-size: 14px; font-weight: bold; overflow: hidden; padding: 10px 5px; text-align: left; vertical-align: middle; word-break: normal; border: 1px solid black;\">Par\u00e2metro<\/th>\n<th style=\"font-family: Arial, sans-serif; font-size: 14px; font-weight: bold; overflow: hidden; padding: 10px 5px; text-align: left; vertical-align: middle; word-break: normal; border: 1px solid black;\">Especifica\u00e7\u00e3o<\/th>\n<\/tr>\n<\/thead>\n<tbody>\n<tr>\n<td style=\"font-family: Arial, sans-serif; font-size: 14px; overflow: hidden; padding: 10px 5px; text-align: left; vertical-align: middle; word-break: normal; border: 1px solid black;\">Composi\u00e7\u00e3o do material<\/td>\n<td style=\"font-family: Arial, sans-serif; font-size: 14px; overflow: hidden; padding: 10px 5px; text-align: left; vertical-align: middle; word-break: normal; border: 1px solid black;\">Geomembrana PEAD + Geot\u00eaxtil agulhado<\/td>\n<\/tr>\n<tr>\n<td style=\"font-family: Arial, sans-serif; font-size: 14px; overflow: hidden; padding: 10px 5px; text-align: left; vertical-align: middle; word-break: normal; border: 1px solid black;\">Espessura da membrana<\/td>\n<td style=\"font-family: Arial, sans-serif; font-size: 14px; overflow: hidden; padding: 10px 5px; text-align: left; vertical-align: middle; word-break: normal; border: 1px solid black;\">0,2 mm - 2,0 mm<\/td>\n<\/tr>\n<tr>\n<td style=\"font-family: Arial, sans-serif; font-size: 14px; overflow: hidden; padding: 10px 5px; text-align: left; vertical-align: middle; word-break: normal; border: 1px solid black;\">Peso do tecido<\/td>\n<td style=\"font-family: Arial, sans-serif; font-size: 14px; overflow: hidden; padding: 10px 5px; text-align: left; vertical-align: middle; word-break: normal; border: 1px solid black;\">100g - 600g\/m\u00b2<\/td>\n<\/tr>\n<tr>\n<td style=\"font-family: Arial, sans-serif; font-size: 14px; overflow: hidden; padding: 10px 5px; text-align: left; vertical-align: middle; word-break: normal; border: 1px solid black;\">Camadas compostas<\/td>\n<td style=\"font-family: Arial, sans-serif; font-size: 14px; overflow: hidden; padding: 10px 5px; text-align: left; vertical-align: middle; word-break: normal; border: 1px solid black;\">Um t\u00eaxtil + uma membrana \/ Dois t\u00eaxteis + uma membrana \/ Multicamada<\/td>\n<\/tr>\n<tr>\n<td style=\"font-family: Arial, sans-serif; font-size: 14px; overflow: hidden; padding: 10px 5px; text-align: left; vertical-align: middle; word-break: normal; border: 1px solid black;\">Largura<\/td>\n<td style=\"font-family: Arial, sans-serif; font-size: 14px; overflow: hidden; padding: 10px 5px; text-align: left; vertical-align: middle; word-break: normal; border: 1px solid black;\">Padr\u00e3o 6 metros, personaliz\u00e1vel 1m-8m<\/td>\n<\/tr>\n<tr>\n<td style=\"font-family: Arial, sans-serif; font-size: 14px; overflow: hidden; padding: 10px 5px; text-align: left; vertical-align: middle; word-break: normal; border: 1px solid black;\">Comprimento<\/td>\n<td style=\"font-family: Arial, sans-serif; font-size: 14px; overflow: hidden; padding: 10px 5px; text-align: left; vertical-align: middle; word-break: normal; border: 1px solid black;\">50m ou 100m por rolo, personaliz\u00e1vel<\/td>\n<\/tr>\n<tr>\n<td style=\"font-family: Arial, sans-serif; font-size: 14px; overflow: hidden; padding: 10px 5px; text-align: left; vertical-align: middle; word-break: normal; border: 1px solid black;\">Resist\u00eancia \u00e0 tra\u00e7\u00e3o<\/td>\n<td style=\"font-family: Arial, sans-serif; font-size: 14px; overflow: hidden; padding: 10px 5px; text-align: left; vertical-align: middle; word-break: normal; border: 1px solid black;\">\u2265 18 MPa (ajust\u00e1vel com base no tecido)<\/td>\n<\/tr>\n<tr>\n<td style=\"font-family: Arial, sans-serif; font-size: 14px; overflow: hidden; padding: 10px 5px; text-align: left; vertical-align: middle; word-break: normal; border: 1px solid black;\">Resist\u00eancia ao rasgamento<\/td>\n<td style=\"font-family: Arial, sans-serif; font-size: 14px; overflow: hidden; padding: 10px 5px; text-align: left; vertical-align: middle; word-break: normal; border: 1px solid black;\">\u2265 80 N<\/td>\n<\/tr>\n<tr>\n<td style=\"font-family: Arial, sans-serif; font-size: 14px; overflow: hidden; padding: 10px 5px; text-align: left; vertical-align: middle; word-break: normal; border: 1px solid black;\">Permeabilidade<\/td>\n<td style=\"font-family: Arial, sans-serif; font-size: 14px; overflow: hidden; padding: 10px 5px; text-align: left; vertical-align: middle; word-break: normal; border: 1px solid black;\">\u2264 1,0\u00d710-\u00b9\u00b3 cm\/s<\/td>\n<\/tr>\n<\/tbody>\n<\/table>\n<h2>Principais carater\u00edsticas<\/h2>\n<ul>\n<li><strong>Elevados indicadores de desempenho f\u00edsico e mec\u00e2nico<\/strong>: Incluindo resist\u00eancia \u00e0 tra\u00e7\u00e3o, resist\u00eancia ao rasgamento e resist\u00eancia ao rebentamento.<\/li>\n<li><strong>Excelentes carater\u00edsticas do produto<\/strong>: Alta resist\u00eancia, boas propriedades de alongamento e grande m\u00f3dulo de deforma\u00e7\u00e3o.<\/li>\n<li><strong>Propriedades extraordin\u00e1rias do material<\/strong>: Resist\u00eancia a \u00e1cidos e \u00e1lcalis, resist\u00eancia \u00e0 corros\u00e3o, resist\u00eancia ao envelhecimento e impermeabilidade superior.<\/li>\n<\/ul>\n<h2>Fun\u00e7\u00e3o da geomembrana comp\u00f3sita para a engenharia de rejeitos<\/h2>\n<ul>\n<li><strong>Seguran\u00e7a refor\u00e7ada:<\/strong> A impermeabilidade superior da geomembrana comp\u00f3sita evita a infiltra\u00e7\u00e3o de \u00e1gua nas bacias de rejeitos, garantindo a estabilidade estrutural.<\/li>\n<li><strong>Prote\u00e7\u00e3o do ambiente<\/strong>: Ao conter e clarificar a \u00e1gua do processo carregada de produtos qu\u00edmicos, permite a reciclagem da \u00e1gua, evitando a polui\u00e7\u00e3o.<\/li>\n<li><strong>Efici\u00eancia de custos<\/strong>: Fabricado com materiais polim\u00e9ricos dur\u00e1veis e resistentes a temperaturas extremas, \u00e9 reutiliz\u00e1vel ap\u00f3s a secagem, oferecendo vantagens econ\u00f3micas a longo prazo.<\/li>\n<li><strong>Instala\u00e7\u00e3o f\u00e1cil<\/strong>: O m\u00e9todo simples de coloca\u00e7\u00e3o embutida reduz a complexidade e os custos de constru\u00e7\u00e3o.<\/li>\n<\/ul>\n<h2>Aplica\u00e7\u00f5es de produtos<\/h2>\n<p><strong>Revestimento do fundo da bacia de rejeitos<\/strong>: Evita que o lixiviado se infiltre nas \u00e1guas subterr\u00e2neas.<\/p>\n<p><strong>Controlo das infiltra\u00e7\u00f5es na barragem de rejeitos<\/strong>: Aumenta a estabilidade do talude e evita o vazamento lateral da barragem.<\/p>\n<p><strong>Tamponamento de escombreiras de rejeitos<\/strong>: Utilizado como cobertura tempor\u00e1ria ou permanente para controlar a infiltra\u00e7\u00e3o da \u00e1gua da chuva e reduzir a produ\u00e7\u00e3o de lixiviados.<\/p>\n<p><strong>Dep\u00f3sitos de res\u00edduos perigosos<\/strong>: Aplicado em \u00e1reas de armazenamento que cont\u00eam metais pesados ou produtos qu\u00edmicos, proporcionando uma camada adicional de prote\u00e7\u00e3o ambiental.<\/p>\n<h2>Cen\u00e1rios de aplica\u00e7\u00e3o<\/h2>\n<p><img loading=\"lazy\" decoding=\"async\" class=\"size-full wp-image-13574 aligncenter\" data-src=\"https:\/\/www.bsdnonwoven.com\/wp-content\/uploads\/2025\/05\/Composite-geomembrane-for-tailings-engineering1-2.webp\" alt=\"Geomembrana comp\u00f3sita para engenharia de rejeitos1\" width=\"1500\" height=\"500\" srcset=\"https:\/\/www.bsdnonwoven.com\/wp-content\/uploads\/2025\/05\/Composite-geomembrane-for-tailings-engineering1-2.webp 1500w, https:\/\/www.bsdnonwoven.com\/wp-content\/uploads\/2025\/05\/Composite-geomembrane-for-tailings-engineering1-2-1280x427.webp 1280w, https:\/\/www.bsdnonwoven.com\/wp-content\/uploads\/2025\/05\/Composite-geomembrane-for-tailings-engineering1-2-980x327.webp 980w, https:\/\/www.bsdnonwoven.com\/wp-content\/uploads\/2025\/05\/Composite-geomembrane-for-tailings-engineering1-2-480x160.webp 480w\" sizes=\"(min-width: 0px) and (max-width: 480px) 480px, (min-width: 481px) and (max-width: 980px) 980px, (min-width: 981px) and (max-width: 1280px) 1280px, (min-width: 1281px) 1500px, 100vw\" \/><\/p>","protected":false},"excerpt":{"rendered":"<p>O composto <a href=\"https:\/\/www.bsdnonwoven.com\/category\/geomembrane-2\/\"><strong>geomembrana<\/strong><\/a> para bacias de rejeitos \u00e9 uma barreira geossint\u00e9tica composta por geomembrana de polietileno de alta densidade (PEAD) laminada com geot\u00eaxtil n\u00e3o tecido agulhado. Foi especificamente concebida para lagoas de rejeitos e aplica\u00e7\u00f5es de conten\u00e7\u00e3o de res\u00edduos mineiros, oferecendo uma excelente resist\u00eancia qu\u00edmica, resist\u00eancia ao envelhecimento e resist\u00eancia mec\u00e2nica para impedir eficazmente a fuga de subst\u00e2ncias perigosas e proteger as \u00e1guas subterr\u00e2neas e os ambientes circundantes.<\/p>","protected":false},"featured_media":13116,"template":"","meta":{"_et_pb_use_builder":"","_et_pb_old_content":"","_et_gb_content_width":""},"product_cat":[313],"product_tag":[323],"yoast_head":"<!-- This site is optimized with the Yoast SEO plugin v22.7 - https:\/\/yoast.com\/wordpress\/plugins\/seo\/ -->\n<title>Composite geomembrane for tailings engineering - Boshida Nonwoven<\/title>\n<meta name=\"description\" content=\"Composite geomembrane for tailings engineering , we provide Geosynthetic Needle-Punched Non-woven Fabric, Household needle punched non-woven fabric, Automotive Non-woven Fabric with good price.\" \/>\n<meta name=\"robots\" content=\"index, follow, max-snippet:-1, max-image-preview:large, max-video-preview:-1\" \/>\n<link rel=\"canonical\" href=\"https:\/\/www.bsdnonwoven.com\/pt\/produto\/composite-geomembrane-for-tailings-engineering-2\/\" \/>\n<meta property=\"og:locale\" content=\"pt_PT\" \/>\n<meta property=\"og:type\" content=\"article\" \/>\n<meta property=\"og:title\" content=\"Composite geomembrane for tailings engineering - Boshida Nonwoven\" \/>\n<meta property=\"og:description\" content=\"Composite geomembrane for tailings engineering , we provide Geosynthetic Needle-Punched Non-woven Fabric, Household needle punched non-woven fabric, Automotive Non-woven Fabric with good price.\" \/>\n<meta property=\"og:url\" content=\"https:\/\/www.bsdnonwoven.com\/pt\/produto\/composite-geomembrane-for-tailings-engineering-2\/\" \/>\n<meta property=\"og:site_name\" content=\"Boshida Nonwoven\" \/>\n<meta property=\"article:modified_time\" content=\"2025-06-25T09:19:49+00:00\" \/>\n<meta property=\"og:image\" content=\"https:\/\/www.bsdnonwoven.com\/wp-content\/uploads\/2025\/05\/Composite-geomembrane-for-tailings-engineering-6.webp\" \/>\n\t<meta property=\"og:image:width\" content=\"800\" \/>\n\t<meta property=\"og:image:height\" content=\"800\" \/>\n\t<meta property=\"og:image:type\" content=\"image\/webp\" \/>\n<meta name=\"twitter:card\" content=\"summary_large_image\" \/>\n<meta name=\"twitter:label1\" content=\"Tempo estimado de leitura\" \/>\n\t<meta name=\"twitter:data1\" content=\"2 minutos\" \/>\n<script type=\"application\/ld+json\" class=\"yoast-schema-graph\">{\"@context\":\"https:\/\/schema.org\",\"@graph\":[{\"@type\":\"WebPage\",\"@id\":\"https:\/\/www.bsdnonwoven.com\/product\/composite-geomembrane-for-tailings-engineering-2\/\",\"url\":\"https:\/\/www.bsdnonwoven.com\/product\/composite-geomembrane-for-tailings-engineering-2\/\",\"name\":\"Composite geomembrane for tailings engineering - Boshida Nonwoven\",\"isPartOf\":{\"@id\":\"https:\/\/www.bsdnonwoven.com\/#website\"},\"primaryImageOfPage\":{\"@id\":\"https:\/\/www.bsdnonwoven.com\/product\/composite-geomembrane-for-tailings-engineering-2\/#primaryimage\"},\"image\":{\"@id\":\"https:\/\/www.bsdnonwoven.com\/product\/composite-geomembrane-for-tailings-engineering-2\/#primaryimage\"},\"thumbnailUrl\":\"https:\/\/www.bsdnonwoven.com\/wp-content\/uploads\/2025\/05\/Composite-geomembrane-for-tailings-engineering-6.webp\",\"datePublished\":\"2025-05-21T08:39:50+00:00\",\"dateModified\":\"2025-06-25T09:19:49+00:00\",\"description\":\"Composite geomembrane for tailings engineering , we provide Geosynthetic Needle-Punched Non-woven Fabric, Household needle punched non-woven fabric, Automotive Non-woven Fabric with good price.\",\"breadcrumb\":{\"@id\":\"https:\/\/www.bsdnonwoven.com\/product\/composite-geomembrane-for-tailings-engineering-2\/#breadcrumb\"},\"inLanguage\":\"pt-PT\",\"potentialAction\":[{\"@type\":\"ReadAction\",\"target\":[\"https:\/\/www.bsdnonwoven.com\/product\/composite-geomembrane-for-tailings-engineering-2\/\"]}]},{\"@type\":\"ImageObject\",\"inLanguage\":\"pt-PT\",\"@id\":\"https:\/\/www.bsdnonwoven.com\/product\/composite-geomembrane-for-tailings-engineering-2\/#primaryimage\",\"url\":\"https:\/\/www.bsdnonwoven.com\/wp-content\/uploads\/2025\/05\/Composite-geomembrane-for-tailings-engineering-6.webp\",\"contentUrl\":\"https:\/\/www.bsdnonwoven.com\/wp-content\/uploads\/2025\/05\/Composite-geomembrane-for-tailings-engineering-6.webp\",\"width\":800,\"height\":800,\"caption\":\"Composite geomembrane for tailings engineering\"},{\"@type\":\"BreadcrumbList\",\"@id\":\"https:\/\/www.bsdnonwoven.com\/product\/composite-geomembrane-for-tailings-engineering-2\/#breadcrumb\",\"itemListElement\":[{\"@type\":\"ListItem\",\"position\":1,\"name\":\"Home\",\"item\":\"https:\/\/www.bsdnonwoven.com\/\"},{\"@type\":\"ListItem\",\"position\":2,\"name\":\"Products\",\"item\":\"https:\/\/www.bsdnonwoven.com\/shop\/\"},{\"@type\":\"ListItem\",\"position\":3,\"name\":\"Composite geomembrane for tailings engineering\"}]},{\"@type\":\"WebSite\",\"@id\":\"https:\/\/www.bsdnonwoven.com\/#website\",\"url\":\"https:\/\/www.bsdnonwoven.com\/\",\"name\":\"Boshida Nonwoven\",\"description\":\"\",\"potentialAction\":[{\"@type\":\"SearchAction\",\"target\":{\"@type\":\"EntryPoint\",\"urlTemplate\":\"https:\/\/www.bsdnonwoven.com\/?s={search_term_string}\"},\"query-input\":\"required name=search_term_string\"}],\"inLanguage\":\"pt-PT\"}]}<\/script>\n<!-- \/ Yoast SEO plugin. -->","yoast_head_json":{"title":"Composite geomembrane for tailings engineering - Boshida Nonwoven","description":"Composite geomembrane for tailings engineering , we provide Geosynthetic Needle-Punched Non-woven Fabric, Household needle punched non-woven fabric, Automotive Non-woven Fabric with good price.","robots":{"index":"index","follow":"follow","max-snippet":"max-snippet:-1","max-image-preview":"max-image-preview:large","max-video-preview":"max-video-preview:-1"},"canonical":"https:\/\/www.bsdnonwoven.com\/pt\/produto\/composite-geomembrane-for-tailings-engineering-2\/","og_locale":"pt_PT","og_type":"article","og_title":"Composite geomembrane for tailings engineering - Boshida Nonwoven","og_description":"Composite geomembrane for tailings engineering , we provide Geosynthetic Needle-Punched Non-woven Fabric, Household needle punched non-woven fabric, Automotive Non-woven Fabric with good price.","og_url":"https:\/\/www.bsdnonwoven.com\/pt\/produto\/composite-geomembrane-for-tailings-engineering-2\/","og_site_name":"Boshida Nonwoven","article_modified_time":"2025-06-25T09:19:49+00:00","og_image":[{"width":800,"height":800,"url":"https:\/\/www.bsdnonwoven.com\/wp-content\/uploads\/2025\/05\/Composite-geomembrane-for-tailings-engineering-6.webp","type":"image\/webp"}],"twitter_card":"summary_large_image","twitter_misc":{"Tempo estimado de leitura":"2 minutos"},"schema":{"@context":"https:\/\/schema.org","@graph":[{"@type":"WebPage","@id":"https:\/\/www.bsdnonwoven.com\/product\/composite-geomembrane-for-tailings-engineering-2\/","url":"https:\/\/www.bsdnonwoven.com\/product\/composite-geomembrane-for-tailings-engineering-2\/","name":"Composite geomembrane for tailings engineering - Boshida Nonwoven","isPartOf":{"@id":"https:\/\/www.bsdnonwoven.com\/#website"},"primaryImageOfPage":{"@id":"https:\/\/www.bsdnonwoven.com\/product\/composite-geomembrane-for-tailings-engineering-2\/#primaryimage"},"image":{"@id":"https:\/\/www.bsdnonwoven.com\/product\/composite-geomembrane-for-tailings-engineering-2\/#primaryimage"},"thumbnailUrl":"https:\/\/www.bsdnonwoven.com\/wp-content\/uploads\/2025\/05\/Composite-geomembrane-for-tailings-engineering-6.webp","datePublished":"2025-05-21T08:39:50+00:00","dateModified":"2025-06-25T09:19:49+00:00","description":"Composite geomembrane for tailings engineering , we provide Geosynthetic Needle-Punched Non-woven Fabric, Household needle punched non-woven fabric, Automotive Non-woven Fabric with good price.","breadcrumb":{"@id":"https:\/\/www.bsdnonwoven.com\/product\/composite-geomembrane-for-tailings-engineering-2\/#breadcrumb"},"inLanguage":"pt-PT","potentialAction":[{"@type":"ReadAction","target":["https:\/\/www.bsdnonwoven.com\/product\/composite-geomembrane-for-tailings-engineering-2\/"]}]},{"@type":"ImageObject","inLanguage":"pt-PT","@id":"https:\/\/www.bsdnonwoven.com\/product\/composite-geomembrane-for-tailings-engineering-2\/#primaryimage","url":"https:\/\/www.bsdnonwoven.com\/wp-content\/uploads\/2025\/05\/Composite-geomembrane-for-tailings-engineering-6.webp","contentUrl":"https:\/\/www.bsdnonwoven.com\/wp-content\/uploads\/2025\/05\/Composite-geomembrane-for-tailings-engineering-6.webp","width":800,"height":800,"caption":"Composite geomembrane for tailings engineering"},{"@type":"BreadcrumbList","@id":"https:\/\/www.bsdnonwoven.com\/product\/composite-geomembrane-for-tailings-engineering-2\/#breadcrumb","itemListElement":[{"@type":"ListItem","position":1,"name":"Home","item":"https:\/\/www.bsdnonwoven.com\/"},{"@type":"ListItem","position":2,"name":"Products","item":"https:\/\/www.bsdnonwoven.com\/shop\/"},{"@type":"ListItem","position":3,"name":"Composite geomembrane for tailings engineering"}]},{"@type":"WebSite","@id":"https:\/\/www.bsdnonwoven.com\/#website","url":"https:\/\/www.bsdnonwoven.com\/","name":"Boshida Nonwoven","description":"","potentialAction":[{"@type":"SearchAction","target":{"@type":"EntryPoint","urlTemplate":"https:\/\/www.bsdnonwoven.com\/?s={search_term_string}"},"query-input":"required name=search_term_string"}],"inLanguage":"pt-PT"}]}},"_links":{"self":[{"href":"https:\/\/www.bsdnonwoven.com\/pt\/wp-json\/wp\/v2\/product\/13114"}],"collection":[{"href":"https:\/\/www.bsdnonwoven.com\/pt\/wp-json\/wp\/v2\/product"}],"about":[{"href":"https:\/\/www.bsdnonwoven.com\/pt\/wp-json\/wp\/v2\/types\/product"}],"wp:featuredmedia":[{"embeddable":true,"href":"https:\/\/www.bsdnonwoven.com\/pt\/wp-json\/wp\/v2\/media\/13116"}],"wp:attachment":[{"href":"https:\/\/www.bsdnonwoven.com\/pt\/wp-json\/wp\/v2\/media?parent=13114"}],"wp:term":[{"taxonomy":"product_cat","embeddable":true,"href":"https:\/\/www.bsdnonwoven.com\/pt\/wp-json\/wp\/v2\/product_cat?post=13114"},{"taxonomy":"product_tag","embeddable":true,"href":"https:\/\/www.bsdnonwoven.com\/pt\/wp-json\/wp\/v2\/product_tag?post=13114"}],"curies":[{"name":"wp","href":"https:\/\/api.w.org\/{rel}","templated":true}]}}