{"id":13122,"date":"2025-05-21T08:55:06","date_gmt":"2025-05-21T08:55:06","guid":{"rendered":"https:\/\/www.bsdnonwoven.com\/?post_type=product&#038;p=13122"},"modified":"2025-06-25T09:15:05","modified_gmt":"2025-06-25T09:15:05","slug":"geotextile-bag-for-slope-protection","status":"publish","type":"product","link":"https:\/\/www.bsdnonwoven.com\/pt\/produto\/geotextile-bag-for-slope-protection\/","title":{"rendered":"Saco geot\u00eaxtil para prote\u00e7\u00e3o de taludes"},"content":{"rendered":"<h2>Descri\u00e7\u00e3o do produto<\/h2>\n<p><a href=\"https:\/\/www.bsdnonwoven.com\/category\/geotextile-bag-for-slope-protection\/\"><strong>Saco geot\u00eaxtil para prote\u00e7\u00e3o de taludes<\/strong><\/a> \u00e9 fabricado a partir de tecidos n\u00e3o tecidos de alta resist\u00eancia perfurados por agulha, normalmente compostos por poli\u00e9ster (PET) ou polipropileno (PP). Estes sacos s\u00e3o cosidos e utilizados em projectos de prote\u00e7\u00e3o ecol\u00f3gica de taludes, como margens de rios, reservat\u00f3rios, lagos e canais. Com uma excelente permeabilidade e resist\u00eancia \u00e0s intemp\u00e9ries, os sacos podem ser enchidos com terra, sementes ou outros substratos para proteger os taludes, promovendo simultaneamente o crescimento da vegeta\u00e7\u00e3o e a restaura\u00e7\u00e3o ecol\u00f3gica.<\/p>\n<h2>Especifica\u00e7\u00f5es t\u00e9cnicas<\/h2>\n<table class=\"tg\" style=\"border-collapse: collapse; border-spacing: 0;\">\n<thead>\n<tr>\n<th style=\"font-family: Arial, sans-serif; font-size: 14px; font-weight: normal; overflow: hidden; padding: 10px 5px; text-align: left; vertical-align: middle; word-break: normal; border: 1px solid black;\">Par\u00e2metro<\/th>\n<th style=\"font-family: Arial, sans-serif; font-size: 14px; font-weight: normal; overflow: hidden; padding: 10px 5px; text-align: left; vertical-align: middle; word-break: normal; border: 1px solid black;\">Especifica\u00e7\u00e3o<\/th>\n<\/tr>\n<\/thead>\n<tbody>\n<tr>\n<td style=\"font-family: Arial, sans-serif; font-size: 14px; overflow: hidden; padding: 10px 5px; text-align: left; vertical-align: middle; word-break: normal; border: 1px solid black;\">Mat\u00e9ria-prima<\/td>\n<td style=\"font-family: Arial, sans-serif; font-size: 14px; overflow: hidden; padding: 10px 5px; text-align: left; vertical-align: middle; word-break: normal; border: 1px solid black;\">Poli\u00e9ster (PET) ou polipropileno (PP)<\/td>\n<\/tr>\n<tr>\n<td style=\"font-family: Arial, sans-serif; font-size: 14px; overflow: hidden; padding: 10px 5px; text-align: left; vertical-align: middle; word-break: normal; border: 1px solid black;\">Peso do tecido<\/td>\n<td style=\"font-family: Arial, sans-serif; font-size: 14px; overflow: hidden; padding: 10px 5px; text-align: left; vertical-align: middle; word-break: normal; border: 1px solid black;\">150g\/m\u00b2 - 300g\/m\u00b2<\/td>\n<\/tr>\n<tr>\n<td style=\"font-family: Arial, sans-serif; font-size: 14px; overflow: hidden; padding: 10px 5px; text-align: left; vertical-align: middle; word-break: normal; border: 1px solid black;\">Tamanho<\/td>\n<td style=\"font-family: Arial, sans-serif; font-size: 14px; overflow: hidden; padding: 10px 5px; text-align: left; vertical-align: middle; word-break: normal; border: 1px solid black;\">40\u00d780cm, 50\u00d7100cm, personaliz\u00e1vel<\/td>\n<\/tr>\n<tr>\n<td style=\"font-family: Arial, sans-serif; font-size: 14px; overflow: hidden; padding: 10px 5px; text-align: left; vertical-align: middle; word-break: normal; border: 1px solid black;\">Resist\u00eancia \u00e0 tra\u00e7\u00e3o<\/td>\n<td style=\"font-family: Arial, sans-serif; font-size: 14px; overflow: hidden; padding: 10px 5px; text-align: left; vertical-align: middle; word-break: normal; border: 1px solid black;\">\u2265 8kN\/m<\/td>\n<\/tr>\n<tr>\n<td style=\"font-family: Arial, sans-serif; font-size: 14px; overflow: hidden; padding: 10px 5px; text-align: left; vertical-align: middle; word-break: normal; border: 1px solid black;\">Permeabilidade \u00e0 \u00e1gua<\/td>\n<td style=\"font-family: Arial, sans-serif; font-size: 14px; overflow: hidden; padding: 10px 5px; text-align: left; vertical-align: middle; word-break: normal; border: 1px solid black;\">Bom<\/td>\n<\/tr>\n<tr>\n<td style=\"font-family: Arial, sans-serif; font-size: 14px; overflow: hidden; padding: 10px 5px; text-align: left; vertical-align: middle; word-break: normal; border: 1px solid black;\">Resist\u00eancia aos raios UV<\/td>\n<td style=\"font-family: Arial, sans-serif; font-size: 14px; overflow: hidden; padding: 10px 5px; text-align: left; vertical-align: middle; word-break: normal; border: 1px solid black;\">Forte<\/td>\n<\/tr>\n<tr>\n<td style=\"font-family: Arial, sans-serif; font-size: 14px; overflow: hidden; padding: 10px 5px; text-align: left; vertical-align: middle; word-break: normal; border: 1px solid black;\">Vida \u00fatil<\/td>\n<td style=\"font-family: Arial, sans-serif; font-size: 14px; overflow: hidden; padding: 10px 5px; text-align: left; vertical-align: middle; word-break: normal; border: 1px solid black;\">\u22655 anos (exposi\u00e7\u00e3o natural)<\/td>\n<\/tr>\n<tr>\n<td style=\"font-family: Arial, sans-serif; font-size: 14px; overflow: hidden; padding: 10px 5px; text-align: left; vertical-align: middle; word-break: normal; border: 1px solid black;\">Adequa\u00e7\u00e3o da vegeta\u00e7\u00e3o<\/td>\n<td style=\"font-family: Arial, sans-serif; font-size: 14px; overflow: hidden; padding: 10px 5px; text-align: left; vertical-align: middle; word-break: normal; border: 1px solid black;\">Apoia a planta\u00e7\u00e3o direta de relva<\/td>\n<\/tr>\n<\/tbody>\n<\/table>\n<h2>Carater\u00edsticas<\/h2>\n<ul>\n<li>Flex\u00edvel e dur\u00e1vel: Feito com fibras de alta densidade para maior resist\u00eancia \u00e0 tra\u00e7\u00e3o e resist\u00eancia \u00e0 deforma\u00e7\u00e3o, garantindo que n\u00e3o se quebre facilmente sob estresse.<\/li>\n<li>Alta resist\u00eancia\uff1aConstru\u00eddo a partir de polipropileno\/poli\u00e9ster de alta densidade, oferecendo v\u00e1rias vezes a resist\u00eancia das fibras comuns, ideal para aplica\u00e7\u00f5es de engenharia exigentes.<\/li>\n<li>Resistente \u00e0 corros\u00e3o e ao envelhecimento\uff1aO revestimento especial protege contra micr\u00f3bios e parasitas, enquanto os pol\u00edmeros resistentes aos raios UV garantem um desempenho duradouro em condi\u00e7\u00f5es adversas.<\/li>\n<li>Instala\u00e7\u00e3o r\u00e1pida e f\u00e1cil\uff1aFabricado \u00e0 m\u00e1quina para uma produ\u00e7\u00e3o r\u00e1pida, reduzindo o tempo e os custos de constru\u00e7\u00e3o.<\/li>\n<li>Amigo do ambiente: Zero emiss\u00f5es nocivas ou \u00e1guas residuais durante a produ\u00e7\u00e3o, tornando-o uma escolha sustent\u00e1vel.<\/li>\n<li>Recicl\u00e1vel e Biodegrad\u00e1vel: Os sacos \u00e0 base de poli\u00e9ster s\u00e3o totalmente recicl\u00e1veis, enquanto os sacos de polipropileno se decomp\u00f5em naturalmente, n\u00e3o deixando qualquer pegada ambiental.<\/li>\n<\/ul>\n<h2>Objetivo<\/h2>\n<ul>\n<li>Prote\u00e7\u00e3o de taludes para estradas e caminhos-de-ferro \uff1a Ideal para taludes de corte e aterro ao longo de auto-estradas e caminhos-de-ferro.<\/li>\n<li>Aterros de rios e lagos\uff1aEstabiliza eficazmente as margens de rios, lagos e reservat\u00f3rios.<\/li>\n<li>Usos especiais de engenharia: Instala\u00e7\u00f5es militares, controlo de inunda\u00e7\u00f5es de emerg\u00eancia, bunkers e diques.<\/li>\n<li>Zonas ribeirinhas - Cria bancos ecol\u00f3gicos que harmonizam a infraestrutura humana com os habitats da vida selvagem.<\/li>\n<li>Recupera\u00e7\u00e3o de minas\uff1a Reaproveita os res\u00edduos de minera\u00e7\u00e3o, restaura \u00e1reas de subsidio e revitaliza terras \u00e1ridas para uma recupera\u00e7\u00e3o ecol\u00f3gica sustent\u00e1vel.<\/li>\n<li>Estabiliza\u00e7\u00e3o costeira\/litoral: Aborda deslizamentos de terra, entradas de bueiros, valas de drenagem, eros\u00e3o do solo e sistemas de irriga\u00e7\u00e3o.<\/li>\n<li>Zonas h\u00famidas constru\u00eddas\uff1aApoia projectos de restaura\u00e7\u00e3o ecol\u00f3gica e de purifica\u00e7\u00e3o da \u00e1gua.<\/li>\n<\/ul>\n<h2>Cen\u00e1rios de aplica\u00e7\u00e3o<\/h2>\n<p><img loading=\"lazy\" decoding=\"async\" class=\"size-full wp-image-13580 aligncenter\" data-src=\"https:\/\/www.bsdnonwoven.com\/wp-content\/uploads\/2025\/05\/Geotextile-Bag-for-Slope-Protection1-2.webp\" alt=\"Saco geot\u00eaxtil para prote\u00e7\u00e3o de taludes\" width=\"1500\" height=\"500\" srcset=\"https:\/\/www.bsdnonwoven.com\/wp-content\/uploads\/2025\/05\/Geotextile-Bag-for-Slope-Protection1-2.webp 1500w, https:\/\/www.bsdnonwoven.com\/wp-content\/uploads\/2025\/05\/Geotextile-Bag-for-Slope-Protection1-2-1280x427.webp 1280w, https:\/\/www.bsdnonwoven.com\/wp-content\/uploads\/2025\/05\/Geotextile-Bag-for-Slope-Protection1-2-980x327.webp 980w, https:\/\/www.bsdnonwoven.com\/wp-content\/uploads\/2025\/05\/Geotextile-Bag-for-Slope-Protection1-2-480x160.webp 480w\" sizes=\"(min-width: 0px) and (max-width: 480px) 480px, (min-width: 481px) and (max-width: 980px) 980px, (min-width: 981px) and (max-width: 1280px) 1280px, (min-width: 1281px) 1500px, 100vw\" \/><\/p>","protected":false},"excerpt":{"rendered":"<p><strong>Saco geot\u00eaxtil para prote\u00e7\u00e3o de taludes<\/strong> \u00e9 fabricado a partir de tecidos n\u00e3o tecidos de alta resist\u00eancia perfurados por agulha, normalmente compostos por poli\u00e9ster (PET) ou polipropileno (PP). Estes sacos s\u00e3o cosidos e utilizados em projectos de prote\u00e7\u00e3o ecol\u00f3gica de taludes, como margens de rios, reservat\u00f3rios, lagos e canais. Com uma excelente permeabilidade e resist\u00eancia \u00e0s intemp\u00e9ries, os sacos podem ser enchidos com terra, sementes ou outros substratos para proteger os taludes, promovendo simultaneamente o crescimento da vegeta\u00e7\u00e3o e a restaura\u00e7\u00e3o ecol\u00f3gica.<\/p>","protected":false},"featured_media":13125,"template":"","meta":{"_et_pb_use_builder":"","_et_pb_old_content":"","_et_gb_content_width":""},"product_cat":[325],"product_tag":[],"yoast_head":"<!-- This site is optimized with the Yoast SEO plugin v22.7 - https:\/\/yoast.com\/wordpress\/plugins\/seo\/ -->\n<title>Geotextile Bag for Slope Protection - Boshida Nonwoven<\/title>\n<meta name=\"description\" content=\"Geotextile Bag for Slope Protection , we provide Geosynthetic Needle-Punched Non-woven Fabric, Household needle punched non-woven fabric, Automotive Non-woven Fabric with good price.\" \/>\n<meta name=\"robots\" content=\"index, follow, max-snippet:-1, max-image-preview:large, max-video-preview:-1\" \/>\n<link rel=\"canonical\" href=\"https:\/\/www.bsdnonwoven.com\/pt\/produto\/geotextile-bag-for-slope-protection\/\" \/>\n<meta property=\"og:locale\" content=\"pt_PT\" \/>\n<meta property=\"og:type\" content=\"article\" \/>\n<meta property=\"og:title\" content=\"Geotextile Bag for Slope Protection - Boshida Nonwoven\" \/>\n<meta property=\"og:description\" content=\"Geotextile Bag for Slope Protection , we provide Geosynthetic Needle-Punched Non-woven Fabric, Household needle punched non-woven fabric, Automotive Non-woven Fabric with good price.\" \/>\n<meta property=\"og:url\" content=\"https:\/\/www.bsdnonwoven.com\/pt\/produto\/geotextile-bag-for-slope-protection\/\" \/>\n<meta property=\"og:site_name\" content=\"Boshida Nonwoven\" \/>\n<meta property=\"article:modified_time\" content=\"2025-06-25T09:15:05+00:00\" \/>\n<meta property=\"og:image\" content=\"https:\/\/www.bsdnonwoven.com\/wp-content\/uploads\/2025\/05\/Geotextile-Bag-for-Slope-Protection-1.webp\" \/>\n\t<meta property=\"og:image:width\" content=\"800\" \/>\n\t<meta property=\"og:image:height\" content=\"800\" \/>\n\t<meta property=\"og:image:type\" content=\"image\/webp\" \/>\n<meta name=\"twitter:card\" content=\"summary_large_image\" \/>\n<meta name=\"twitter:label1\" content=\"Tempo estimado de leitura\" \/>\n\t<meta name=\"twitter:data1\" content=\"2 minutos\" \/>\n<script type=\"application\/ld+json\" class=\"yoast-schema-graph\">{\"@context\":\"https:\/\/schema.org\",\"@graph\":[{\"@type\":\"WebPage\",\"@id\":\"https:\/\/www.bsdnonwoven.com\/product\/geotextile-bag-for-slope-protection\/\",\"url\":\"https:\/\/www.bsdnonwoven.com\/product\/geotextile-bag-for-slope-protection\/\",\"name\":\"Geotextile Bag for Slope Protection - Boshida Nonwoven\",\"isPartOf\":{\"@id\":\"https:\/\/www.bsdnonwoven.com\/#website\"},\"primaryImageOfPage\":{\"@id\":\"https:\/\/www.bsdnonwoven.com\/product\/geotextile-bag-for-slope-protection\/#primaryimage\"},\"image\":{\"@id\":\"https:\/\/www.bsdnonwoven.com\/product\/geotextile-bag-for-slope-protection\/#primaryimage\"},\"thumbnailUrl\":\"https:\/\/www.bsdnonwoven.com\/wp-content\/uploads\/2025\/05\/Geotextile-Bag-for-Slope-Protection-1.webp\",\"datePublished\":\"2025-05-21T08:55:06+00:00\",\"dateModified\":\"2025-06-25T09:15:05+00:00\",\"description\":\"Geotextile Bag for Slope Protection , we provide Geosynthetic Needle-Punched Non-woven Fabric, Household needle punched non-woven fabric, Automotive Non-woven Fabric with good price.\",\"breadcrumb\":{\"@id\":\"https:\/\/www.bsdnonwoven.com\/product\/geotextile-bag-for-slope-protection\/#breadcrumb\"},\"inLanguage\":\"pt-PT\",\"potentialAction\":[{\"@type\":\"ReadAction\",\"target\":[\"https:\/\/www.bsdnonwoven.com\/product\/geotextile-bag-for-slope-protection\/\"]}]},{\"@type\":\"ImageObject\",\"inLanguage\":\"pt-PT\",\"@id\":\"https:\/\/www.bsdnonwoven.com\/product\/geotextile-bag-for-slope-protection\/#primaryimage\",\"url\":\"https:\/\/www.bsdnonwoven.com\/wp-content\/uploads\/2025\/05\/Geotextile-Bag-for-Slope-Protection-1.webp\",\"contentUrl\":\"https:\/\/www.bsdnonwoven.com\/wp-content\/uploads\/2025\/05\/Geotextile-Bag-for-Slope-Protection-1.webp\",\"width\":800,\"height\":800,\"caption\":\"Geotextile Bag for Slope Protection\"},{\"@type\":\"BreadcrumbList\",\"@id\":\"https:\/\/www.bsdnonwoven.com\/product\/geotextile-bag-for-slope-protection\/#breadcrumb\",\"itemListElement\":[{\"@type\":\"ListItem\",\"position\":1,\"name\":\"Home\",\"item\":\"https:\/\/www.bsdnonwoven.com\/\"},{\"@type\":\"ListItem\",\"position\":2,\"name\":\"Products\",\"item\":\"https:\/\/www.bsdnonwoven.com\/shop\/\"},{\"@type\":\"ListItem\",\"position\":3,\"name\":\"Geotextile Bag for Slope Protection\"}]},{\"@type\":\"WebSite\",\"@id\":\"https:\/\/www.bsdnonwoven.com\/#website\",\"url\":\"https:\/\/www.bsdnonwoven.com\/\",\"name\":\"Boshida Nonwoven\",\"description\":\"\",\"potentialAction\":[{\"@type\":\"SearchAction\",\"target\":{\"@type\":\"EntryPoint\",\"urlTemplate\":\"https:\/\/www.bsdnonwoven.com\/?s={search_term_string}\"},\"query-input\":\"required name=search_term_string\"}],\"inLanguage\":\"pt-PT\"}]}<\/script>\n<!-- \/ Yoast SEO plugin. -->","yoast_head_json":{"title":"Geotextile Bag for Slope Protection - Boshida Nonwoven","description":"Geotextile Bag for Slope Protection , we provide Geosynthetic Needle-Punched Non-woven Fabric, Household needle punched non-woven fabric, Automotive Non-woven Fabric with good price.","robots":{"index":"index","follow":"follow","max-snippet":"max-snippet:-1","max-image-preview":"max-image-preview:large","max-video-preview":"max-video-preview:-1"},"canonical":"https:\/\/www.bsdnonwoven.com\/pt\/produto\/geotextile-bag-for-slope-protection\/","og_locale":"pt_PT","og_type":"article","og_title":"Geotextile Bag for Slope Protection - Boshida Nonwoven","og_description":"Geotextile Bag for Slope Protection , we provide Geosynthetic Needle-Punched Non-woven Fabric, Household needle punched non-woven fabric, Automotive Non-woven Fabric with good price.","og_url":"https:\/\/www.bsdnonwoven.com\/pt\/produto\/geotextile-bag-for-slope-protection\/","og_site_name":"Boshida Nonwoven","article_modified_time":"2025-06-25T09:15:05+00:00","og_image":[{"width":800,"height":800,"url":"https:\/\/www.bsdnonwoven.com\/wp-content\/uploads\/2025\/05\/Geotextile-Bag-for-Slope-Protection-1.webp","type":"image\/webp"}],"twitter_card":"summary_large_image","twitter_misc":{"Tempo estimado de leitura":"2 minutos"},"schema":{"@context":"https:\/\/schema.org","@graph":[{"@type":"WebPage","@id":"https:\/\/www.bsdnonwoven.com\/product\/geotextile-bag-for-slope-protection\/","url":"https:\/\/www.bsdnonwoven.com\/product\/geotextile-bag-for-slope-protection\/","name":"Geotextile Bag for Slope Protection - Boshida Nonwoven","isPartOf":{"@id":"https:\/\/www.bsdnonwoven.com\/#website"},"primaryImageOfPage":{"@id":"https:\/\/www.bsdnonwoven.com\/product\/geotextile-bag-for-slope-protection\/#primaryimage"},"image":{"@id":"https:\/\/www.bsdnonwoven.com\/product\/geotextile-bag-for-slope-protection\/#primaryimage"},"thumbnailUrl":"https:\/\/www.bsdnonwoven.com\/wp-content\/uploads\/2025\/05\/Geotextile-Bag-for-Slope-Protection-1.webp","datePublished":"2025-05-21T08:55:06+00:00","dateModified":"2025-06-25T09:15:05+00:00","description":"Geotextile Bag for Slope Protection , we provide Geosynthetic Needle-Punched Non-woven Fabric, Household needle punched non-woven fabric, Automotive Non-woven Fabric with good price.","breadcrumb":{"@id":"https:\/\/www.bsdnonwoven.com\/product\/geotextile-bag-for-slope-protection\/#breadcrumb"},"inLanguage":"pt-PT","potentialAction":[{"@type":"ReadAction","target":["https:\/\/www.bsdnonwoven.com\/product\/geotextile-bag-for-slope-protection\/"]}]},{"@type":"ImageObject","inLanguage":"pt-PT","@id":"https:\/\/www.bsdnonwoven.com\/product\/geotextile-bag-for-slope-protection\/#primaryimage","url":"https:\/\/www.bsdnonwoven.com\/wp-content\/uploads\/2025\/05\/Geotextile-Bag-for-Slope-Protection-1.webp","contentUrl":"https:\/\/www.bsdnonwoven.com\/wp-content\/uploads\/2025\/05\/Geotextile-Bag-for-Slope-Protection-1.webp","width":800,"height":800,"caption":"Geotextile Bag for Slope Protection"},{"@type":"BreadcrumbList","@id":"https:\/\/www.bsdnonwoven.com\/product\/geotextile-bag-for-slope-protection\/#breadcrumb","itemListElement":[{"@type":"ListItem","position":1,"name":"Home","item":"https:\/\/www.bsdnonwoven.com\/"},{"@type":"ListItem","position":2,"name":"Products","item":"https:\/\/www.bsdnonwoven.com\/shop\/"},{"@type":"ListItem","position":3,"name":"Geotextile Bag for Slope Protection"}]},{"@type":"WebSite","@id":"https:\/\/www.bsdnonwoven.com\/#website","url":"https:\/\/www.bsdnonwoven.com\/","name":"Boshida Nonwoven","description":"","potentialAction":[{"@type":"SearchAction","target":{"@type":"EntryPoint","urlTemplate":"https:\/\/www.bsdnonwoven.com\/?s={search_term_string}"},"query-input":"required name=search_term_string"}],"inLanguage":"pt-PT"}]}},"_links":{"self":[{"href":"https:\/\/www.bsdnonwoven.com\/pt\/wp-json\/wp\/v2\/product\/13122"}],"collection":[{"href":"https:\/\/www.bsdnonwoven.com\/pt\/wp-json\/wp\/v2\/product"}],"about":[{"href":"https:\/\/www.bsdnonwoven.com\/pt\/wp-json\/wp\/v2\/types\/product"}],"wp:featuredmedia":[{"embeddable":true,"href":"https:\/\/www.bsdnonwoven.com\/pt\/wp-json\/wp\/v2\/media\/13125"}],"wp:attachment":[{"href":"https:\/\/www.bsdnonwoven.com\/pt\/wp-json\/wp\/v2\/media?parent=13122"}],"wp:term":[{"taxonomy":"product_cat","embeddable":true,"href":"https:\/\/www.bsdnonwoven.com\/pt\/wp-json\/wp\/v2\/product_cat?post=13122"},{"taxonomy":"product_tag","embeddable":true,"href":"https:\/\/www.bsdnonwoven.com\/pt\/wp-json\/wp\/v2\/product_tag?post=13122"}],"curies":[{"name":"wp","href":"https:\/\/api.w.org\/{rel}","templated":true}]}}