{"id":13131,"date":"2025-05-21T08:59:21","date_gmt":"2025-05-21T08:59:21","guid":{"rendered":"https:\/\/www.bsdnonwoven.com\/?post_type=product&#038;p=13131"},"modified":"2025-06-25T09:14:26","modified_gmt":"2025-06-25T09:14:26","slug":"bentonite-waterproof-blanket-2","status":"publish","type":"product","link":"https:\/\/www.bsdnonwoven.com\/pt\/produto\/bentonite-waterproof-blanket-2\/","title":{"rendered":"Manta imperme\u00e1vel de bentonite"},"content":{"rendered":"<h2>Descri\u00e7\u00e3o do produto<\/h2>\n<p>O Geosynthetic Clay Liner (GCL) \u00e9 um material de impermeabiliza\u00e7\u00e3o de alto desempenho composto por bentonite de s\u00f3dio natural ensanduichada entre duas camadas de geot\u00eaxteis, unidas atrav\u00e9s da tecnologia de perfura\u00e7\u00e3o com agulhas. Na engenharia hidr\u00e1ulica, as GCL s\u00e3o amplamente utilizadas em canais, barragens, reservat\u00f3rios e lagos artificiais para controlo da infiltra\u00e7\u00e3o. A camada de bentonite incha em contacto com a \u00e1gua, formando uma barreira semelhante a um gel de baixa permeabilidade que impede eficazmente a infiltra\u00e7\u00e3o de \u00e1gua e assegura a estabilidade das estruturas hidr\u00e1ulicas.<\/p>\n<h2>Especifica\u00e7\u00f5es t\u00e9cnicas<\/h2>\n<table class=\"tg\" style=\"border-collapse: collapse; border-spacing: 0;\">\n<thead>\n<tr>\n<th style=\"font-family: Arial, sans-serif; font-size: 14px; font-weight: bold; overflow: hidden; padding: 10px 5px; text-align: center; vertical-align: middle; word-break: normal; border: 1px solid black;\">Par\u00e2metro<\/th>\n<th style=\"font-family: Arial, sans-serif; font-size: 14px; font-weight: bold; overflow: hidden; padding: 10px 5px; text-align: center; vertical-align: middle; word-break: normal; border: 1px solid black;\">Especifica\u00e7\u00e3o<\/th>\n<\/tr>\n<\/thead>\n<tbody>\n<tr>\n<td style=\"font-family: Arial, sans-serif; font-size: 14px; overflow: hidden; padding: 10px 5px; text-align: left; vertical-align: middle; word-break: normal; border: 1px solid black;\">Material<\/td>\n<td style=\"font-family: Arial, sans-serif; font-size: 14px; overflow: hidden; padding: 10px 5px; text-align: left; vertical-align: middle; word-break: normal; border: 1px solid black;\">Poli\u00e9ster (PET) ou polipropileno (PP)<\/td>\n<\/tr>\n<tr>\n<td style=\"font-family: Arial, sans-serif; font-size: 14px; overflow: hidden; padding: 10px 5px; text-align: left; vertical-align: middle; word-break: normal; border: 1px solid black;\">Peso do tecido<\/td>\n<td style=\"font-family: Arial, sans-serif; font-size: 14px; overflow: hidden; padding: 10px 5px; text-align: left; vertical-align: middle; word-break: normal; border: 1px solid black;\">150g\/m\u00b2 - 300g\/m\u00b2<\/td>\n<\/tr>\n<tr>\n<td style=\"font-family: Arial, sans-serif; font-size: 14px; overflow: hidden; padding: 10px 5px; text-align: left; vertical-align: middle; word-break: normal; border: 1px solid black;\">Tamanho<\/td>\n<td style=\"font-family: Arial, sans-serif; font-size: 14px; overflow: hidden; padding: 10px 5px; text-align: left; vertical-align: middle; word-break: normal; border: 1px solid black;\">40\u00d780cm, 50\u00d7100cm, personaliz\u00e1vel<\/td>\n<\/tr>\n<tr>\n<td style=\"font-family: Arial, sans-serif; font-size: 14px; overflow: hidden; padding: 10px 5px; text-align: left; vertical-align: middle; word-break: normal; border: 1px solid black;\">Resist\u00eancia \u00e0 tra\u00e7\u00e3o<\/td>\n<td style=\"font-family: Arial, sans-serif; font-size: 14px; overflow: hidden; padding: 10px 5px; text-align: left; vertical-align: middle; word-break: normal; border: 1px solid black;\">\u2265 8kN\/m<\/td>\n<\/tr>\n<tr>\n<td style=\"font-family: Arial, sans-serif; font-size: 14px; overflow: hidden; padding: 10px 5px; text-align: left; vertical-align: middle; word-break: normal; border: 1px solid black;\">Permeabilidade \u00e0 \u00e1gua<\/td>\n<td style=\"font-family: Arial, sans-serif; font-size: 14px; overflow: hidden; padding: 10px 5px; text-align: left; vertical-align: middle; word-break: normal; border: 1px solid black;\">Bom<\/td>\n<\/tr>\n<tr>\n<td style=\"font-family: Arial, sans-serif; font-size: 14px; overflow: hidden; padding: 10px 5px; text-align: left; vertical-align: middle; word-break: normal; border: 1px solid black;\">Resist\u00eancia aos raios UV<\/td>\n<td style=\"font-family: Arial, sans-serif; font-size: 14px; overflow: hidden; padding: 10px 5px; text-align: left; vertical-align: middle; word-break: normal; border: 1px solid black;\">Forte<\/td>\n<\/tr>\n<tr>\n<td style=\"font-family: Arial, sans-serif; font-size: 14px; overflow: hidden; padding: 10px 5px; text-align: left; vertical-align: middle; word-break: normal; border: 1px solid black;\">Vida \u00fatil<\/td>\n<td style=\"font-family: Arial, sans-serif; font-size: 14px; overflow: hidden; padding: 10px 5px; text-align: left; vertical-align: middle; word-break: normal; border: 1px solid black;\">\u22655 anos (exposi\u00e7\u00e3o natural)<\/td>\n<\/tr>\n<tr>\n<td style=\"font-family: Arial, sans-serif; font-size: 14px; overflow: hidden; padding: 10px 5px; text-align: left; vertical-align: middle; word-break: normal; border: 1px solid black;\">Adequa\u00e7\u00e3o da vegeta\u00e7\u00e3o<\/td>\n<td style=\"font-family: Arial, sans-serif; font-size: 14px; overflow: hidden; padding: 10px 5px; text-align: left; vertical-align: middle; word-break: normal; border: 1px solid black;\">Apoia a planta\u00e7\u00e3o direta de relva<\/td>\n<\/tr>\n<\/tbody>\n<\/table>\n<h2>Carater\u00edsticas<\/h2>\n<ul>\n<li><strong>Compacidade<\/strong>: A bentonite de s\u00f3dio forma uma membrana imperme\u00e1vel de alta densidade sob press\u00e3o de \u00e1gua, oferecendo fortes propriedades de auto-reten\u00e7\u00e3o de \u00e1gua.<\/li>\n<li><strong>Impermeabiliza\u00e7\u00e3o permanente<\/strong>: Uma vez que a bentonite de s\u00f3dio \u00e9 um material inorg\u00e2nico natural, n\u00e3o se degrada nem corr\u00f3i com o tempo nem com as altera\u00e7\u00f5es ambientais, garantindo um desempenho duradouro \u00e0 prova de \u00e1gua.<\/li>\n<li><strong>Constru\u00e7\u00e3o f\u00e1cil e r\u00e1pida<\/strong>: Em compara\u00e7\u00e3o com outros materiais de impermeabiliza\u00e7\u00e3o, a sua instala\u00e7\u00e3o \u00e9 mais simples, n\u00e3o necessitando de aquecimento nem de ader\u00eancia.<\/li>\n<li><strong>Resistente \u00e0 temperatura<\/strong>: Mant\u00e9m-se intacto mesmo em climas frios sem se tornar quebradi\u00e7o.<\/li>\n<li><strong>Integra\u00e7\u00e3o com a estrutura<\/strong>: O material de impermeabiliza\u00e7\u00e3o liga-se perfeitamente ao suporte.<\/li>\n<li><strong>Amigo do ambiente<\/strong>: A bentonite \u00e9 um material inorg\u00e2nico natural, n\u00e3o t\u00f3xico e inofensivo para o ser humano, com um impacto ambiental m\u00ednimo, o que a torna altamente sustent\u00e1vel.<\/li>\n<\/ul>\n<h2>Aplica\u00e7\u00e3o<\/h2>\n<ul>\n<li><strong>Engenharia municipal<\/strong>: Preven\u00e7\u00e3o de infiltra\u00e7\u00f5es em passagens subterr\u00e2neas, estruturas subterr\u00e2neas e reservat\u00f3rios de \u00e1gua nos telhados.<\/li>\n<li><strong>Ambiente e saneamento<\/strong>: Aterros para res\u00edduos s\u00f3lidos urbanos, esta\u00e7\u00f5es de tratamento de \u00e1guas residuais e conten\u00e7\u00e3o de res\u00edduos industriais.<\/li>\n<li><strong>Conserva\u00e7\u00e3o da \u00e1gua<\/strong>: Controlo de infiltra\u00e7\u00f5es, veda\u00e7\u00e3o de fugas e refor\u00e7o de rios, lagos, reservat\u00f3rios e barragens.<\/li>\n<li><strong>Paisagismo<\/strong>: Impermeabiliza\u00e7\u00e3o de lagos artificiais, lagos de campos de golfe e aplica\u00e7\u00f5es similares.<\/li>\n<li><strong>Petroqu\u00edmica e minas<\/strong>: Preven\u00e7\u00e3o de infiltra\u00e7\u00f5es e fugas em projectos de engenharia conexos.<\/li>\n<\/ul>\n<h2>Cen\u00e1rios de aplica\u00e7\u00e3o<\/h2>\n<p><img loading=\"lazy\" decoding=\"async\" class=\"alignnone size-full wp-image-13571\" data-src=\"https:\/\/www.bsdnonwoven.com\/wp-content\/uploads\/2025\/05\/Bentonite-waterproof-blanket1-2.webp\" alt=\"Manta imperme\u00e1vel de bentonite1\" width=\"1500\" height=\"500\" srcset=\"https:\/\/www.bsdnonwoven.com\/wp-content\/uploads\/2025\/05\/Bentonite-waterproof-blanket1-2.webp 1500w, https:\/\/www.bsdnonwoven.com\/wp-content\/uploads\/2025\/05\/Bentonite-waterproof-blanket1-2-1280x427.webp 1280w, https:\/\/www.bsdnonwoven.com\/wp-content\/uploads\/2025\/05\/Bentonite-waterproof-blanket1-2-980x327.webp 980w, https:\/\/www.bsdnonwoven.com\/wp-content\/uploads\/2025\/05\/Bentonite-waterproof-blanket1-2-480x160.webp 480w\" sizes=\"(min-width: 0px) and (max-width: 480px) 480px, (min-width: 481px) and (max-width: 980px) 980px, (min-width: 981px) and (max-width: 1280px) 1280px, (min-width: 1281px) 1500px, 100vw\" \/><\/p>","protected":false},"excerpt":{"rendered":"<p>O Geosynthetic Clay Liner (GCL) \u00e9 um material de impermeabiliza\u00e7\u00e3o de alto desempenho composto por bentonite de s\u00f3dio natural ensanduichada entre duas camadas de geot\u00eaxteis, unidas atrav\u00e9s da tecnologia de perfura\u00e7\u00e3o com agulhas. Na engenharia hidr\u00e1ulica, as GCL s\u00e3o amplamente utilizadas em canais, barragens, reservat\u00f3rios e lagos artificiais para controlo da infiltra\u00e7\u00e3o. A camada de bentonite incha em contacto com a \u00e1gua, formando uma barreira semelhante a um gel de baixa permeabilidade que impede eficazmente a infiltra\u00e7\u00e3o de \u00e1gua e assegura a estabilidade das estruturas hidr\u00e1ulicas.<\/p>","protected":false},"featured_media":13133,"template":"","meta":{"_et_pb_use_builder":"","_et_pb_old_content":"","_et_gb_content_width":""},"product_cat":[324],"product_tag":[281],"yoast_head":"<!-- This site is optimized with the Yoast SEO plugin v22.7 - https:\/\/yoast.com\/wordpress\/plugins\/seo\/ -->\n<title>Bentonite waterproof blanket - Boshida Nonwoven<\/title>\n<meta name=\"description\" content=\"Bentonite waterproof blanket , we provide Geosynthetic Needle-Punched Non-woven Fabric, Household needle punched non-woven fabric, Automotive Non-woven Fabric with good price.\" \/>\n<meta name=\"robots\" content=\"index, follow, max-snippet:-1, max-image-preview:large, max-video-preview:-1\" \/>\n<link rel=\"canonical\" href=\"https:\/\/www.bsdnonwoven.com\/pt\/produto\/bentonite-waterproof-blanket-2\/\" \/>\n<meta property=\"og:locale\" content=\"pt_PT\" \/>\n<meta property=\"og:type\" content=\"article\" \/>\n<meta property=\"og:title\" content=\"Bentonite waterproof blanket - Boshida Nonwoven\" \/>\n<meta property=\"og:description\" content=\"Bentonite waterproof blanket , we provide Geosynthetic Needle-Punched Non-woven Fabric, Household needle punched non-woven fabric, Automotive Non-woven Fabric with good price.\" \/>\n<meta property=\"og:url\" content=\"https:\/\/www.bsdnonwoven.com\/pt\/produto\/bentonite-waterproof-blanket-2\/\" \/>\n<meta property=\"og:site_name\" content=\"Boshida Nonwoven\" \/>\n<meta property=\"article:modified_time\" content=\"2025-06-25T09:14:26+00:00\" \/>\n<meta property=\"og:image\" content=\"https:\/\/www.bsdnonwoven.com\/wp-content\/uploads\/2025\/05\/Bentonite-waterproof-blanket-1.webp\" \/>\n\t<meta property=\"og:image:width\" content=\"800\" \/>\n\t<meta property=\"og:image:height\" content=\"800\" \/>\n\t<meta property=\"og:image:type\" content=\"image\/webp\" \/>\n<meta name=\"twitter:card\" content=\"summary_large_image\" \/>\n<meta name=\"twitter:label1\" content=\"Tempo estimado de leitura\" \/>\n\t<meta name=\"twitter:data1\" content=\"2 minutos\" \/>\n<script type=\"application\/ld+json\" class=\"yoast-schema-graph\">{\"@context\":\"https:\/\/schema.org\",\"@graph\":[{\"@type\":\"WebPage\",\"@id\":\"https:\/\/www.bsdnonwoven.com\/product\/bentonite-waterproof-blanket-2\/\",\"url\":\"https:\/\/www.bsdnonwoven.com\/product\/bentonite-waterproof-blanket-2\/\",\"name\":\"Bentonite waterproof blanket - Boshida Nonwoven\",\"isPartOf\":{\"@id\":\"https:\/\/www.bsdnonwoven.com\/#website\"},\"primaryImageOfPage\":{\"@id\":\"https:\/\/www.bsdnonwoven.com\/product\/bentonite-waterproof-blanket-2\/#primaryimage\"},\"image\":{\"@id\":\"https:\/\/www.bsdnonwoven.com\/product\/bentonite-waterproof-blanket-2\/#primaryimage\"},\"thumbnailUrl\":\"https:\/\/www.bsdnonwoven.com\/wp-content\/uploads\/2025\/05\/Bentonite-waterproof-blanket-1.webp\",\"datePublished\":\"2025-05-21T08:59:21+00:00\",\"dateModified\":\"2025-06-25T09:14:26+00:00\",\"description\":\"Bentonite waterproof blanket , we provide Geosynthetic Needle-Punched Non-woven Fabric, Household needle punched non-woven fabric, Automotive Non-woven Fabric with good price.\",\"breadcrumb\":{\"@id\":\"https:\/\/www.bsdnonwoven.com\/product\/bentonite-waterproof-blanket-2\/#breadcrumb\"},\"inLanguage\":\"pt-PT\",\"potentialAction\":[{\"@type\":\"ReadAction\",\"target\":[\"https:\/\/www.bsdnonwoven.com\/product\/bentonite-waterproof-blanket-2\/\"]}]},{\"@type\":\"ImageObject\",\"inLanguage\":\"pt-PT\",\"@id\":\"https:\/\/www.bsdnonwoven.com\/product\/bentonite-waterproof-blanket-2\/#primaryimage\",\"url\":\"https:\/\/www.bsdnonwoven.com\/wp-content\/uploads\/2025\/05\/Bentonite-waterproof-blanket-1.webp\",\"contentUrl\":\"https:\/\/www.bsdnonwoven.com\/wp-content\/uploads\/2025\/05\/Bentonite-waterproof-blanket-1.webp\",\"width\":800,\"height\":800,\"caption\":\"Bentonite waterproof blanket\"},{\"@type\":\"BreadcrumbList\",\"@id\":\"https:\/\/www.bsdnonwoven.com\/product\/bentonite-waterproof-blanket-2\/#breadcrumb\",\"itemListElement\":[{\"@type\":\"ListItem\",\"position\":1,\"name\":\"Home\",\"item\":\"https:\/\/www.bsdnonwoven.com\/\"},{\"@type\":\"ListItem\",\"position\":2,\"name\":\"Products\",\"item\":\"https:\/\/www.bsdnonwoven.com\/shop\/\"},{\"@type\":\"ListItem\",\"position\":3,\"name\":\"Bentonite waterproof blanket\"}]},{\"@type\":\"WebSite\",\"@id\":\"https:\/\/www.bsdnonwoven.com\/#website\",\"url\":\"https:\/\/www.bsdnonwoven.com\/\",\"name\":\"Boshida Nonwoven\",\"description\":\"\",\"potentialAction\":[{\"@type\":\"SearchAction\",\"target\":{\"@type\":\"EntryPoint\",\"urlTemplate\":\"https:\/\/www.bsdnonwoven.com\/?s={search_term_string}\"},\"query-input\":\"required name=search_term_string\"}],\"inLanguage\":\"pt-PT\"}]}<\/script>\n<!-- \/ Yoast SEO plugin. -->","yoast_head_json":{"title":"Bentonite waterproof blanket - Boshida Nonwoven","description":"Bentonite waterproof blanket , we provide Geosynthetic Needle-Punched Non-woven Fabric, Household needle punched non-woven fabric, Automotive Non-woven Fabric with good price.","robots":{"index":"index","follow":"follow","max-snippet":"max-snippet:-1","max-image-preview":"max-image-preview:large","max-video-preview":"max-video-preview:-1"},"canonical":"https:\/\/www.bsdnonwoven.com\/pt\/produto\/bentonite-waterproof-blanket-2\/","og_locale":"pt_PT","og_type":"article","og_title":"Bentonite waterproof blanket - Boshida Nonwoven","og_description":"Bentonite waterproof blanket , we provide Geosynthetic Needle-Punched Non-woven Fabric, Household needle punched non-woven fabric, Automotive Non-woven Fabric with good price.","og_url":"https:\/\/www.bsdnonwoven.com\/pt\/produto\/bentonite-waterproof-blanket-2\/","og_site_name":"Boshida Nonwoven","article_modified_time":"2025-06-25T09:14:26+00:00","og_image":[{"width":800,"height":800,"url":"https:\/\/www.bsdnonwoven.com\/wp-content\/uploads\/2025\/05\/Bentonite-waterproof-blanket-1.webp","type":"image\/webp"}],"twitter_card":"summary_large_image","twitter_misc":{"Tempo estimado de leitura":"2 minutos"},"schema":{"@context":"https:\/\/schema.org","@graph":[{"@type":"WebPage","@id":"https:\/\/www.bsdnonwoven.com\/product\/bentonite-waterproof-blanket-2\/","url":"https:\/\/www.bsdnonwoven.com\/product\/bentonite-waterproof-blanket-2\/","name":"Bentonite waterproof blanket - Boshida Nonwoven","isPartOf":{"@id":"https:\/\/www.bsdnonwoven.com\/#website"},"primaryImageOfPage":{"@id":"https:\/\/www.bsdnonwoven.com\/product\/bentonite-waterproof-blanket-2\/#primaryimage"},"image":{"@id":"https:\/\/www.bsdnonwoven.com\/product\/bentonite-waterproof-blanket-2\/#primaryimage"},"thumbnailUrl":"https:\/\/www.bsdnonwoven.com\/wp-content\/uploads\/2025\/05\/Bentonite-waterproof-blanket-1.webp","datePublished":"2025-05-21T08:59:21+00:00","dateModified":"2025-06-25T09:14:26+00:00","description":"Bentonite waterproof blanket , we provide Geosynthetic Needle-Punched Non-woven Fabric, Household needle punched non-woven fabric, Automotive Non-woven Fabric with good price.","breadcrumb":{"@id":"https:\/\/www.bsdnonwoven.com\/product\/bentonite-waterproof-blanket-2\/#breadcrumb"},"inLanguage":"pt-PT","potentialAction":[{"@type":"ReadAction","target":["https:\/\/www.bsdnonwoven.com\/product\/bentonite-waterproof-blanket-2\/"]}]},{"@type":"ImageObject","inLanguage":"pt-PT","@id":"https:\/\/www.bsdnonwoven.com\/product\/bentonite-waterproof-blanket-2\/#primaryimage","url":"https:\/\/www.bsdnonwoven.com\/wp-content\/uploads\/2025\/05\/Bentonite-waterproof-blanket-1.webp","contentUrl":"https:\/\/www.bsdnonwoven.com\/wp-content\/uploads\/2025\/05\/Bentonite-waterproof-blanket-1.webp","width":800,"height":800,"caption":"Bentonite waterproof blanket"},{"@type":"BreadcrumbList","@id":"https:\/\/www.bsdnonwoven.com\/product\/bentonite-waterproof-blanket-2\/#breadcrumb","itemListElement":[{"@type":"ListItem","position":1,"name":"Home","item":"https:\/\/www.bsdnonwoven.com\/"},{"@type":"ListItem","position":2,"name":"Products","item":"https:\/\/www.bsdnonwoven.com\/shop\/"},{"@type":"ListItem","position":3,"name":"Bentonite waterproof blanket"}]},{"@type":"WebSite","@id":"https:\/\/www.bsdnonwoven.com\/#website","url":"https:\/\/www.bsdnonwoven.com\/","name":"Boshida Nonwoven","description":"","potentialAction":[{"@type":"SearchAction","target":{"@type":"EntryPoint","urlTemplate":"https:\/\/www.bsdnonwoven.com\/?s={search_term_string}"},"query-input":"required name=search_term_string"}],"inLanguage":"pt-PT"}]}},"_links":{"self":[{"href":"https:\/\/www.bsdnonwoven.com\/pt\/wp-json\/wp\/v2\/product\/13131"}],"collection":[{"href":"https:\/\/www.bsdnonwoven.com\/pt\/wp-json\/wp\/v2\/product"}],"about":[{"href":"https:\/\/www.bsdnonwoven.com\/pt\/wp-json\/wp\/v2\/types\/product"}],"wp:featuredmedia":[{"embeddable":true,"href":"https:\/\/www.bsdnonwoven.com\/pt\/wp-json\/wp\/v2\/media\/13133"}],"wp:attachment":[{"href":"https:\/\/www.bsdnonwoven.com\/pt\/wp-json\/wp\/v2\/media?parent=13131"}],"wp:term":[{"taxonomy":"product_cat","embeddable":true,"href":"https:\/\/www.bsdnonwoven.com\/pt\/wp-json\/wp\/v2\/product_cat?post=13131"},{"taxonomy":"product_tag","embeddable":true,"href":"https:\/\/www.bsdnonwoven.com\/pt\/wp-json\/wp\/v2\/product_tag?post=13131"}],"curies":[{"name":"wp","href":"https:\/\/api.w.org\/{rel}","templated":true}]}}