{"id":13151,"date":"2025-04-15T09:11:16","date_gmt":"2025-04-15T09:11:16","guid":{"rendered":"https:\/\/www.bsdnonwoven.com\/?post_type=product&#038;p=13151"},"modified":"2025-06-26T08:18:22","modified_gmt":"2025-06-26T08:18:22","slug":"rigid-nonwoven-for-sofa-and-headboard","status":"publish","type":"product","link":"https:\/\/www.bsdnonwoven.com\/pt\/produto\/rigid-nonwoven-for-sofa-and-headboard\/","title":{"rendered":"N\u00e3o-tecido r\u00edgido para sof\u00e1 e cabeceira"},"content":{"rendered":"<h2>Descri\u00e7\u00e3o do produto<\/h2>\n<p>Este tecido n\u00e3o tecido perfurado com agulha \u00e9 fabricado a partir de fibras de poli\u00e9ster ou polipropileno de alta qualidade e formado atrav\u00e9s de um processo denso de perfura\u00e7\u00e3o com agulha. Oferece uma excelente resist\u00eancia e estabilidade estrutural, o que o torna muito utilizado no fabrico de mobili\u00e1rio - especialmente em \u00e1reas como cabeceiras de cama, encostos de bancos e revestimentos de sof\u00e1s. Serve como uma camada de suporte interna que melhora a forma, o conforto e a durabilidade.<\/p>\n<h2>Especifica\u00e7\u00f5es principais<\/h2>\n<table class=\"tg\" style=\"border-collapse: collapse; border-spacing: 0;\">\n<thead>\n<tr>\n<th style=\"font-family: Arial, sans-serif; font-size: 14px; font-weight: bold; overflow: hidden; padding: 10px 5px; text-align: left; vertical-align: middle; word-break: normal; border: 1px solid black;\">Par\u00e2metro<\/th>\n<th style=\"font-family: Arial, sans-serif; font-size: 14px; font-weight: bold; overflow: hidden; padding: 10px 5px; text-align: left; vertical-align: middle; word-break: normal; border: 1px solid black;\">Especifica\u00e7\u00e3o<\/th>\n<\/tr>\n<\/thead>\n<tbody>\n<tr>\n<td style=\"font-family: Arial, sans-serif; font-size: 14px; overflow: hidden; padding: 10px 5px; text-align: left; vertical-align: middle; word-break: normal; border: 1px solid black;\">Material<\/td>\n<td style=\"font-family: Arial, sans-serif; font-size: 14px; overflow: hidden; padding: 10px 5px; text-align: left; vertical-align: middle; word-break: normal; border: 1px solid black;\">Poli\u00e9ster (PET) ou polipropileno (PP)<\/td>\n<\/tr>\n<tr>\n<td style=\"font-family: Arial, sans-serif; font-size: 14px; overflow: hidden; padding: 10px 5px; text-align: left; vertical-align: middle; word-break: normal; border: 1px solid black;\">Processo<\/td>\n<td style=\"font-family: Arial, sans-serif; font-size: 14px; overflow: hidden; padding: 10px 5px; text-align: left; vertical-align: middle; word-break: normal; border: 1px solid black;\">Perfura\u00e7\u00e3o com agulha<\/td>\n<\/tr>\n<tr>\n<td style=\"font-family: Arial, sans-serif; font-size: 14px; overflow: hidden; padding: 10px 5px; text-align: left; vertical-align: middle; word-break: normal; border: 1px solid black;\">Peso<\/td>\n<td style=\"font-family: Arial, sans-serif; font-size: 14px; overflow: hidden; padding: 10px 5px; text-align: left; vertical-align: middle; word-break: normal; border: 1px solid black;\">100-600g\/m\u00b2 (personaliz\u00e1vel)<\/td>\n<\/tr>\n<tr>\n<td style=\"font-family: Arial, sans-serif; font-size: 14px; overflow: hidden; padding: 10px 5px; text-align: left; vertical-align: middle; word-break: normal; border: 1px solid black;\">Espessura<\/td>\n<td style=\"font-family: Arial, sans-serif; font-size: 14px; overflow: hidden; padding: 10px 5px; text-align: left; vertical-align: middle; word-break: normal; border: 1px solid black;\">1-6mm<\/td>\n<\/tr>\n<tr>\n<td style=\"font-family: Arial, sans-serif; font-size: 14px; overflow: hidden; padding: 10px 5px; text-align: left; vertical-align: middle; word-break: normal; border: 1px solid black;\">Largura<\/td>\n<td style=\"font-family: Arial, sans-serif; font-size: 14px; overflow: hidden; padding: 10px 5px; text-align: left; vertical-align: middle; word-break: normal; border: 1px solid black;\">Normalmente 1,0-2,2 metros, personaliz\u00e1vel<\/td>\n<\/tr>\n<tr>\n<td style=\"font-family: Arial, sans-serif; font-size: 14px; overflow: hidden; padding: 10px 5px; text-align: left; vertical-align: middle; word-break: normal; border: 1px solid black;\">Cor<\/td>\n<td style=\"font-family: Arial, sans-serif; font-size: 14px; overflow: hidden; padding: 10px 5px; text-align: left; vertical-align: middle; word-break: normal; border: 1px solid black;\">Branco, preto, cinzento ou personalizado<\/td>\n<\/tr>\n<tr>\n<td style=\"font-family: Arial, sans-serif; font-size: 14px; overflow: hidden; padding: 10px 5px; text-align: left; vertical-align: middle; word-break: normal; border: 1px solid black;\">Embalagem<\/td>\n<td style=\"font-family: Arial, sans-serif; font-size: 14px; overflow: hidden; padding: 10px 5px; text-align: left; vertical-align: middle; word-break: normal; border: 1px solid black;\">Enrolado com pel\u00edcula PE<\/td>\n<\/tr>\n<\/tbody>\n<\/table>\n<h2>Carater\u00edsticas do produto<\/h2>\n<p><strong>Forte apoio<\/strong>: Estrutura densamente agulhada com elevada resist\u00eancia \u00e0 tra\u00e7\u00e3o e ao rasgamento.<br \/>\n<strong>Bom desempenho de modela\u00e7\u00e3o<\/strong>: Mant\u00e9m a forma devido \u00e0 sua excelente resist\u00eancia ao longo do tempo.<br \/>\n<strong>Suave e leve<\/strong>: Confort\u00e1vel ao tato e f\u00e1cil de cortar e coser.<br \/>\n<strong>Respir\u00e1vel e resistente ao bolor<\/strong>: Permite o fluxo de ar e evita a acumula\u00e7\u00e3o de humidade.<br \/>\n<strong>Amigo do ambiente e personaliz\u00e1vel<\/strong>: Dispon\u00edvel em v\u00e1rios pesos, cores e tamanhos para satisfazer v\u00e1rios requisitos de design.<\/p>\n<h2>Fun\u00e7\u00e3o do produto<\/h2>\n<p>Este tecido n\u00e3o tecido serve principalmente como suporte estrutural e de revestimento no fabrico de mobili\u00e1rio. Refor\u00e7a a estrutura do m\u00f3vel, alisa a superf\u00edcie exterior do tecido e aumenta o conforto e a durabilidade do produto final.<\/p>\n<h2>Aplica\u00e7\u00f5es de produtos<\/h2>\n<p><strong>Cabeceiras de cama<\/strong>: Actua como material de apoio e de enchimento no interior de cabeceiras estofadas.<br \/>\n<strong>Sof\u00e1s e assentos<\/strong>: D\u00e1 estabilidade e forma ao interior das almofadas e das costas.<br \/>\n<strong>Pain\u00e9is de parede<\/strong>: Utilizado como camada de base para o revestimento decorativo de paredes, melhorando a est\u00e9tica e a textura.<br \/>\n<strong>Outros artigos para estofos<\/strong>: Suporta as camadas interiores de almofadas, assentos e capas de cadeiras.<\/p>\n<h2>Imagem da aplica\u00e7\u00e3o<\/h2>\n<p><img loading=\"lazy\" decoding=\"async\" class=\"size-full wp-image-13592 aligncenter\" data-src=\"https:\/\/www.bsdnonwoven.com\/wp-content\/uploads\/2025\/04\/Needle-Punched-Nonwoven-Upholstery-Fabric1.webp\" alt=\"Tecido n\u00e3o tecido para estofos perfurado com agulha1\" width=\"1500\" height=\"500\" srcset=\"https:\/\/www.bsdnonwoven.com\/wp-content\/uploads\/2025\/04\/Needle-Punched-Nonwoven-Upholstery-Fabric1.webp 1500w, https:\/\/www.bsdnonwoven.com\/wp-content\/uploads\/2025\/04\/Needle-Punched-Nonwoven-Upholstery-Fabric1-1280x427.webp 1280w, https:\/\/www.bsdnonwoven.com\/wp-content\/uploads\/2025\/04\/Needle-Punched-Nonwoven-Upholstery-Fabric1-980x327.webp 980w, https:\/\/www.bsdnonwoven.com\/wp-content\/uploads\/2025\/04\/Needle-Punched-Nonwoven-Upholstery-Fabric1-480x160.webp 480w\" sizes=\"(min-width: 0px) and (max-width: 480px) 480px, (min-width: 481px) and (max-width: 980px) 980px, (min-width: 981px) and (max-width: 1280px) 1280px, (min-width: 1281px) 1500px, 100vw\" \/><\/p>","protected":false},"excerpt":{"rendered":"<p>Este tecido n\u00e3o tecido perfurado com agulha \u00e9 fabricado a partir de fibras de poli\u00e9ster ou polipropileno de alta qualidade e formado atrav\u00e9s de um processo denso de perfura\u00e7\u00e3o com agulha. Oferece uma excelente resist\u00eancia e estabilidade estrutural, o que o torna muito utilizado no fabrico de mobili\u00e1rio - especialmente em \u00e1reas como cabeceiras de cama, encostos de bancos e revestimentos de sof\u00e1s. Serve como uma camada de suporte interna que melhora a forma, o conforto e a durabilidade.<\/p>\n<p>Ver mais em <a href=\"https:\/\/www.bsdnonwoven.com\/category\/household-needle-punched-non-woven-fabric\/\"><strong>Tecido n\u00e3o tecido perfurado com agulha para uso dom\u00e9stico<\/strong><\/a>!<\/p>","protected":false},"featured_media":13633,"template":"","meta":{"_et_pb_use_builder":"","_et_pb_old_content":"","_et_gb_content_width":""},"product_cat":[284],"product_tag":[],"yoast_head":"<!-- This site is optimized with the Yoast SEO plugin v22.7 - https:\/\/yoast.com\/wordpress\/plugins\/seo\/ -->\n<title>Rigid Nonwoven for Sofa and Headboard - Boshida Nonwoven<\/title>\n<meta name=\"description\" content=\"Rigid Nonwoven for Sofa and Headboard , we provide Geosynthetic Needle-Punched Non-woven Fabric, Household needle punched non-woven fabric, Automotive Non-woven Fabric with good price.\" \/>\n<meta name=\"robots\" content=\"index, follow, max-snippet:-1, max-image-preview:large, max-video-preview:-1\" \/>\n<link rel=\"canonical\" href=\"https:\/\/www.bsdnonwoven.com\/pt\/produto\/rigid-nonwoven-for-sofa-and-headboard\/\" \/>\n<meta property=\"og:locale\" content=\"pt_PT\" \/>\n<meta property=\"og:type\" content=\"article\" \/>\n<meta property=\"og:title\" content=\"Rigid Nonwoven for Sofa and Headboard - Boshida Nonwoven\" \/>\n<meta property=\"og:description\" content=\"Rigid Nonwoven for Sofa and Headboard , we provide Geosynthetic Needle-Punched Non-woven Fabric, Household needle punched non-woven fabric, Automotive Non-woven Fabric with good price.\" \/>\n<meta property=\"og:url\" content=\"https:\/\/www.bsdnonwoven.com\/pt\/produto\/rigid-nonwoven-for-sofa-and-headboard\/\" \/>\n<meta property=\"og:site_name\" content=\"Boshida Nonwoven\" \/>\n<meta property=\"article:modified_time\" content=\"2025-06-26T08:18:22+00:00\" \/>\n<meta property=\"og:image\" content=\"https:\/\/www.bsdnonwoven.com\/wp-content\/uploads\/2025\/04\/Needle-Punched-Nonwoven-Upholstery-Fabric-4.webp\" \/>\n\t<meta property=\"og:image:width\" content=\"800\" \/>\n\t<meta property=\"og:image:height\" content=\"800\" \/>\n\t<meta property=\"og:image:type\" content=\"image\/webp\" \/>\n<meta name=\"twitter:card\" content=\"summary_large_image\" \/>\n<meta name=\"twitter:label1\" content=\"Tempo estimado de leitura\" \/>\n\t<meta name=\"twitter:data1\" content=\"2 minutos\" \/>\n<script type=\"application\/ld+json\" class=\"yoast-schema-graph\">{\"@context\":\"https:\/\/schema.org\",\"@graph\":[{\"@type\":\"WebPage\",\"@id\":\"https:\/\/www.bsdnonwoven.com\/product\/rigid-nonwoven-for-sofa-and-headboard\/\",\"url\":\"https:\/\/www.bsdnonwoven.com\/product\/rigid-nonwoven-for-sofa-and-headboard\/\",\"name\":\"Rigid Nonwoven for Sofa and Headboard - Boshida Nonwoven\",\"isPartOf\":{\"@id\":\"https:\/\/www.bsdnonwoven.com\/#website\"},\"primaryImageOfPage\":{\"@id\":\"https:\/\/www.bsdnonwoven.com\/product\/rigid-nonwoven-for-sofa-and-headboard\/#primaryimage\"},\"image\":{\"@id\":\"https:\/\/www.bsdnonwoven.com\/product\/rigid-nonwoven-for-sofa-and-headboard\/#primaryimage\"},\"thumbnailUrl\":\"https:\/\/www.bsdnonwoven.com\/wp-content\/uploads\/2025\/04\/Needle-Punched-Nonwoven-Upholstery-Fabric-4.webp\",\"datePublished\":\"2025-04-15T09:11:16+00:00\",\"dateModified\":\"2025-06-26T08:18:22+00:00\",\"description\":\"Rigid Nonwoven for Sofa and Headboard , we provide Geosynthetic Needle-Punched Non-woven Fabric, Household needle punched non-woven fabric, Automotive Non-woven Fabric with good price.\",\"breadcrumb\":{\"@id\":\"https:\/\/www.bsdnonwoven.com\/product\/rigid-nonwoven-for-sofa-and-headboard\/#breadcrumb\"},\"inLanguage\":\"pt-PT\",\"potentialAction\":[{\"@type\":\"ReadAction\",\"target\":[\"https:\/\/www.bsdnonwoven.com\/product\/rigid-nonwoven-for-sofa-and-headboard\/\"]}]},{\"@type\":\"ImageObject\",\"inLanguage\":\"pt-PT\",\"@id\":\"https:\/\/www.bsdnonwoven.com\/product\/rigid-nonwoven-for-sofa-and-headboard\/#primaryimage\",\"url\":\"https:\/\/www.bsdnonwoven.com\/wp-content\/uploads\/2025\/04\/Needle-Punched-Nonwoven-Upholstery-Fabric-4.webp\",\"contentUrl\":\"https:\/\/www.bsdnonwoven.com\/wp-content\/uploads\/2025\/04\/Needle-Punched-Nonwoven-Upholstery-Fabric-4.webp\",\"width\":800,\"height\":800,\"caption\":\"Needle Punched Nonwoven Upholstery Fabric\"},{\"@type\":\"BreadcrumbList\",\"@id\":\"https:\/\/www.bsdnonwoven.com\/product\/rigid-nonwoven-for-sofa-and-headboard\/#breadcrumb\",\"itemListElement\":[{\"@type\":\"ListItem\",\"position\":1,\"name\":\"Home\",\"item\":\"https:\/\/www.bsdnonwoven.com\/\"},{\"@type\":\"ListItem\",\"position\":2,\"name\":\"Products\",\"item\":\"https:\/\/www.bsdnonwoven.com\/shop\/\"},{\"@type\":\"ListItem\",\"position\":3,\"name\":\"Rigid Nonwoven for Sofa and Headboard\"}]},{\"@type\":\"WebSite\",\"@id\":\"https:\/\/www.bsdnonwoven.com\/#website\",\"url\":\"https:\/\/www.bsdnonwoven.com\/\",\"name\":\"Boshida Nonwoven\",\"description\":\"\",\"potentialAction\":[{\"@type\":\"SearchAction\",\"target\":{\"@type\":\"EntryPoint\",\"urlTemplate\":\"https:\/\/www.bsdnonwoven.com\/?s={search_term_string}\"},\"query-input\":\"required name=search_term_string\"}],\"inLanguage\":\"pt-PT\"}]}<\/script>\n<!-- \/ Yoast SEO plugin. -->","yoast_head_json":{"title":"Rigid Nonwoven for Sofa and Headboard - Boshida Nonwoven","description":"Rigid Nonwoven for Sofa and Headboard , we provide Geosynthetic Needle-Punched Non-woven Fabric, Household needle punched non-woven fabric, Automotive Non-woven Fabric with good price.","robots":{"index":"index","follow":"follow","max-snippet":"max-snippet:-1","max-image-preview":"max-image-preview:large","max-video-preview":"max-video-preview:-1"},"canonical":"https:\/\/www.bsdnonwoven.com\/pt\/produto\/rigid-nonwoven-for-sofa-and-headboard\/","og_locale":"pt_PT","og_type":"article","og_title":"Rigid Nonwoven for Sofa and Headboard - Boshida Nonwoven","og_description":"Rigid Nonwoven for Sofa and Headboard , we provide Geosynthetic Needle-Punched Non-woven Fabric, Household needle punched non-woven fabric, Automotive Non-woven Fabric with good price.","og_url":"https:\/\/www.bsdnonwoven.com\/pt\/produto\/rigid-nonwoven-for-sofa-and-headboard\/","og_site_name":"Boshida Nonwoven","article_modified_time":"2025-06-26T08:18:22+00:00","og_image":[{"width":800,"height":800,"url":"https:\/\/www.bsdnonwoven.com\/wp-content\/uploads\/2025\/04\/Needle-Punched-Nonwoven-Upholstery-Fabric-4.webp","type":"image\/webp"}],"twitter_card":"summary_large_image","twitter_misc":{"Tempo estimado de leitura":"2 minutos"},"schema":{"@context":"https:\/\/schema.org","@graph":[{"@type":"WebPage","@id":"https:\/\/www.bsdnonwoven.com\/product\/rigid-nonwoven-for-sofa-and-headboard\/","url":"https:\/\/www.bsdnonwoven.com\/product\/rigid-nonwoven-for-sofa-and-headboard\/","name":"Rigid Nonwoven for Sofa and Headboard - Boshida Nonwoven","isPartOf":{"@id":"https:\/\/www.bsdnonwoven.com\/#website"},"primaryImageOfPage":{"@id":"https:\/\/www.bsdnonwoven.com\/product\/rigid-nonwoven-for-sofa-and-headboard\/#primaryimage"},"image":{"@id":"https:\/\/www.bsdnonwoven.com\/product\/rigid-nonwoven-for-sofa-and-headboard\/#primaryimage"},"thumbnailUrl":"https:\/\/www.bsdnonwoven.com\/wp-content\/uploads\/2025\/04\/Needle-Punched-Nonwoven-Upholstery-Fabric-4.webp","datePublished":"2025-04-15T09:11:16+00:00","dateModified":"2025-06-26T08:18:22+00:00","description":"Rigid Nonwoven for Sofa and Headboard , we provide Geosynthetic Needle-Punched Non-woven Fabric, Household needle punched non-woven fabric, Automotive Non-woven Fabric with good price.","breadcrumb":{"@id":"https:\/\/www.bsdnonwoven.com\/product\/rigid-nonwoven-for-sofa-and-headboard\/#breadcrumb"},"inLanguage":"pt-PT","potentialAction":[{"@type":"ReadAction","target":["https:\/\/www.bsdnonwoven.com\/product\/rigid-nonwoven-for-sofa-and-headboard\/"]}]},{"@type":"ImageObject","inLanguage":"pt-PT","@id":"https:\/\/www.bsdnonwoven.com\/product\/rigid-nonwoven-for-sofa-and-headboard\/#primaryimage","url":"https:\/\/www.bsdnonwoven.com\/wp-content\/uploads\/2025\/04\/Needle-Punched-Nonwoven-Upholstery-Fabric-4.webp","contentUrl":"https:\/\/www.bsdnonwoven.com\/wp-content\/uploads\/2025\/04\/Needle-Punched-Nonwoven-Upholstery-Fabric-4.webp","width":800,"height":800,"caption":"Needle Punched Nonwoven Upholstery Fabric"},{"@type":"BreadcrumbList","@id":"https:\/\/www.bsdnonwoven.com\/product\/rigid-nonwoven-for-sofa-and-headboard\/#breadcrumb","itemListElement":[{"@type":"ListItem","position":1,"name":"Home","item":"https:\/\/www.bsdnonwoven.com\/"},{"@type":"ListItem","position":2,"name":"Products","item":"https:\/\/www.bsdnonwoven.com\/shop\/"},{"@type":"ListItem","position":3,"name":"Rigid Nonwoven for Sofa and Headboard"}]},{"@type":"WebSite","@id":"https:\/\/www.bsdnonwoven.com\/#website","url":"https:\/\/www.bsdnonwoven.com\/","name":"Boshida Nonwoven","description":"","potentialAction":[{"@type":"SearchAction","target":{"@type":"EntryPoint","urlTemplate":"https:\/\/www.bsdnonwoven.com\/?s={search_term_string}"},"query-input":"required name=search_term_string"}],"inLanguage":"pt-PT"}]}},"_links":{"self":[{"href":"https:\/\/www.bsdnonwoven.com\/pt\/wp-json\/wp\/v2\/product\/13151"}],"collection":[{"href":"https:\/\/www.bsdnonwoven.com\/pt\/wp-json\/wp\/v2\/product"}],"about":[{"href":"https:\/\/www.bsdnonwoven.com\/pt\/wp-json\/wp\/v2\/types\/product"}],"wp:featuredmedia":[{"embeddable":true,"href":"https:\/\/www.bsdnonwoven.com\/pt\/wp-json\/wp\/v2\/media\/13633"}],"wp:attachment":[{"href":"https:\/\/www.bsdnonwoven.com\/pt\/wp-json\/wp\/v2\/media?parent=13151"}],"wp:term":[{"taxonomy":"product_cat","embeddable":true,"href":"https:\/\/www.bsdnonwoven.com\/pt\/wp-json\/wp\/v2\/product_cat?post=13151"},{"taxonomy":"product_tag","embeddable":true,"href":"https:\/\/www.bsdnonwoven.com\/pt\/wp-json\/wp\/v2\/product_tag?post=13151"}],"curies":[{"name":"wp","href":"https:\/\/api.w.org\/{rel}","templated":true}]}}