{"id":14423,"date":"2025-12-02T08:20:45","date_gmt":"2025-12-02T08:20:45","guid":{"rendered":"https:\/\/www.bsdnonwoven.com\/?post_type=product&#038;p=14423"},"modified":"2025-12-02T08:20:45","modified_gmt":"2025-12-02T08:20:45","slug":"gel-coated-midsole-board","status":"publish","type":"product","link":"https:\/\/www.bsdnonwoven.com\/pt\/produto\/gel-coated-midsole-board\/","title":{"rendered":"Placa da sola interm\u00e9dia revestida a gel"},"content":{"rendered":"<p>Modela\u00e7\u00e3o duradoura - A escolha para um apoio duradouro<\/p>\n<p><strong>Descri\u00e7\u00e3o do produto:<\/strong><br \/>\nA placa da entressola revestida a gel da Boshida utiliza tecido n\u00e3o tecido de poli\u00e9ster de alta densidade agulhado como material de base, que \u00e9 profundamente impregnado com adesivos especialmente formulados \u00e0 base de \u00e1gua ou \u00e0 base de solvente e depois curado a quente. Este processo confere ao material uma elevada rigidez, resist\u00eancia \u00e0 dobragem e resili\u00eancia. A sua estrutura interna \u00e9 densa e a superf\u00edcie \u00e9 lisa, proporcionando um forte apoio sem rigidez. Mant\u00e9m uma forma est\u00e1vel em ambientes de tens\u00e3o de alta frequ\u00eancia no cal\u00e7ado. Adequado para estruturas de entressolas em cal\u00e7ado desportivo, cal\u00e7ado de vestu\u00e1rio, cal\u00e7ado de trabalho e muito mais, este material oferece o equil\u00edbrio ideal entre conforto e durabilidade.<\/p>\n<p><strong>Par\u00e2metros principais:<br \/>\n<\/strong><\/p>\n<table style=\"border-collapse: collapse; width: 372.02pt;\" border=\"0\" width=\"372\" cellspacing=\"0\" cellpadding=\"0\">\n<tbody>\n<tr style=\"height: 18.00pt;\">\n<td class=\"et2\" style=\"height: 18.00pt; width: 127.45pt;\" width=\"127\" height=\"18\">Item<\/td>\n<td class=\"et2\" style=\"width: 95.00pt;\" width=\"95\">Unidade<\/td>\n<td class=\"et2\" style=\"width: 149.95pt;\" width=\"149\">Gama<\/td>\n<\/tr>\n<tr style=\"height: 18.00pt;\">\n<td class=\"et3\" style=\"height: 18.00pt; width: 127.45pt;\" width=\"127\" height=\"18\">Gramagem<\/td>\n<td class=\"et3\" style=\"width: 95.00pt;\" width=\"95\">g\/\u33a1<\/td>\n<td class=\"et3\" style=\"width: 149.95pt;\" width=\"149\">300 - 800<\/td>\n<\/tr>\n<tr style=\"height: 18.00pt;\">\n<td class=\"et3\" style=\"height: 18.00pt; width: 127.45pt;\" width=\"127\" height=\"18\">Largura<\/td>\n<td class=\"et3\" style=\"width: 95.00pt;\" width=\"95\">m<\/td>\n<td class=\"et3\" style=\"width: 149.95pt;\" width=\"149\">\u2264 2.4<\/td>\n<\/tr>\n<tr style=\"height: 18.00pt;\">\n<td class=\"et3\" style=\"height: 18.00pt; width: 127.45pt;\" width=\"127\" height=\"18\">Espessura<\/td>\n<td class=\"et3\" style=\"width: 95.00pt;\" width=\"95\">mm<\/td>\n<td class=\"et3\" style=\"width: 149.95pt;\" width=\"149\">1,5 - 3,5 (personaliz\u00e1vel)<\/td>\n<\/tr>\n<tr style=\"height: 36.00pt;\">\n<td class=\"et3\" style=\"height: 36.00pt; width: 127.45pt;\" width=\"127\" height=\"36\">Tipo de revestimento<\/td>\n<td class=\"et3\" style=\"width: 95.00pt;\" width=\"95\">-<\/td>\n<td class=\"et3\" style=\"width: 149.95pt;\" width=\"149\">\u00c0 base de \u00e1gua \/ \u00c0 base de solventes \/ Emuls\u00e3o (opcional)<\/td>\n<\/tr>\n<\/tbody>\n<\/table>\n<p><strong>Carater\u00edsticas do produto:<\/strong><\/p>\n<p>Suporte de elevada rigidez, n\u00e3o propenso a colapso ou deforma\u00e7\u00e3o<br \/>\nResistente \u00e0 dobragem e \u00e0 press\u00e3o, adequado para dobras repetidas em cal\u00e7ado desportivo<br \/>\nRevestimento uniforme, liga\u00e7\u00e3o forte, f\u00e1cil de cortar e moldar<br \/>\nCombina apoio e flexibilidade, proporcionando um excelente conforto<br \/>\nDureza, espessura e sistema adesivo personaliz\u00e1veis<\/p>\n<p><strong>Fun\u00e7\u00f5es do produto:<\/strong><\/p>\n<p>Fornece um suporte estrutural central para o cal\u00e7ado, melhorando a estabilidade<br \/>\nMant\u00e9m a forma e o aspeto tridimensional do sapato, evitando o colapso<br \/>\nAbsorve uma parte das for\u00e7as de impacto, melhorando o conforto do p\u00e9<br \/>\nProlonga a vida \u00fatil global do cal\u00e7ado<\/p>\n<p><strong>Campos de aplica\u00e7\u00e3o:<\/strong><\/p>\n<p>Camada estrutural da entressola do sapato desportivo<br \/>\nSapatos de cerim\u00f3nia e sapatos de trabalho a moldar a prancha<br \/>\nCamada de apoio refor\u00e7ada para cal\u00e7ado de caminhada, cal\u00e7ado de seguran\u00e7a, etc.<br \/>\nSolas de sapatos de moda e estrutura de suporte da palmilha<br \/>\n<img loading=\"lazy\" decoding=\"async\" class=\"alignleft wp-image-14427 size-medium\" data-src=\"https:\/\/www.bsdnonwoven.com\/wp-content\/uploads\/2025\/12\/fabea223-d9ac-420c-b6d6-0bd3e1df558e-300x300.webp\" alt=\"\" width=\"300\" height=\"300\" \/> <img loading=\"lazy\" decoding=\"async\" class=\"alignleft wp-image-14426 size-medium\" data-src=\"https:\/\/www.bsdnonwoven.com\/wp-content\/uploads\/2025\/12\/52de672d-d405-40d5-8710-0dd7a85a0280-300x300.webp\" alt=\"\" width=\"300\" height=\"300\" \/><\/p>\n<p>&nbsp;<\/p>","protected":false},"excerpt":{"rendered":"<p>Modela\u00e7\u00e3o duradoura - A escolha para um apoio de longa dura\u00e7\u00e3o Descri\u00e7\u00e3o do produto: A placa de entressola revestida a gel da Boshida utiliza tecido n\u00e3o tecido de poli\u00e9ster de alta densidade agulhado como material de base, que \u00e9 profundamente impregnado com adesivos especialmente formulados \u00e0 base de \u00e1gua ou \u00e0 base de solvente e depois curado a quente. Este processo confere ao material uma elevada rigidez, resist\u00eancia \u00e0 dobragem e resili\u00eancia. A sua estrutura interna \u00e9 densa e [...]<\/p>","protected":false},"featured_media":14425,"template":"","meta":{"_et_pb_use_builder":"","_et_pb_old_content":"","_et_gb_content_width":""},"product_cat":[289],"product_tag":[],"yoast_head":"<!-- This site is optimized with the Yoast SEO plugin v22.7 - https:\/\/yoast.com\/wordpress\/plugins\/seo\/ -->\n<title>Gel-coated Midsole Board - Boshida Nonwoven<\/title>\n<meta name=\"description\" content=\"Gel-coated Midsole Board , we provide Geosynthetic Needle-Punched Non-woven Fabric, Household needle punched non-woven fabric, Automotive Non-woven Fabric with good price.\" \/>\n<meta name=\"robots\" content=\"index, follow, max-snippet:-1, max-image-preview:large, max-video-preview:-1\" \/>\n<link rel=\"canonical\" href=\"https:\/\/www.bsdnonwoven.com\/pt\/produto\/gel-coated-midsole-board\/\" \/>\n<meta property=\"og:locale\" content=\"pt_PT\" \/>\n<meta property=\"og:type\" content=\"article\" \/>\n<meta property=\"og:title\" content=\"Gel-coated Midsole Board - Boshida Nonwoven\" \/>\n<meta property=\"og:description\" content=\"Gel-coated Midsole Board , we provide Geosynthetic Needle-Punched Non-woven Fabric, Household needle punched non-woven fabric, Automotive Non-woven Fabric with good price.\" \/>\n<meta property=\"og:url\" content=\"https:\/\/www.bsdnonwoven.com\/pt\/produto\/gel-coated-midsole-board\/\" \/>\n<meta property=\"og:site_name\" content=\"Boshida Nonwoven\" \/>\n<meta property=\"og:image\" content=\"https:\/\/www.bsdnonwoven.com\/wp-content\/uploads\/2025\/12\/cff9310d-3c04-4ca1-93fc-25d55854f256.webp\" \/>\n\t<meta property=\"og:image:width\" content=\"800\" \/>\n\t<meta property=\"og:image:height\" content=\"800\" \/>\n\t<meta property=\"og:image:type\" content=\"image\/webp\" \/>\n<meta name=\"twitter:card\" content=\"summary_large_image\" \/>\n<meta name=\"twitter:label1\" content=\"Tempo estimado de leitura\" \/>\n\t<meta name=\"twitter:data1\" content=\"2 minutos\" \/>\n<script type=\"application\/ld+json\" class=\"yoast-schema-graph\">{\"@context\":\"https:\/\/schema.org\",\"@graph\":[{\"@type\":\"WebPage\",\"@id\":\"https:\/\/www.bsdnonwoven.com\/product\/gel-coated-midsole-board\/\",\"url\":\"https:\/\/www.bsdnonwoven.com\/product\/gel-coated-midsole-board\/\",\"name\":\"Gel-coated Midsole Board - Boshida Nonwoven\",\"isPartOf\":{\"@id\":\"https:\/\/www.bsdnonwoven.com\/#website\"},\"primaryImageOfPage\":{\"@id\":\"https:\/\/www.bsdnonwoven.com\/product\/gel-coated-midsole-board\/#primaryimage\"},\"image\":{\"@id\":\"https:\/\/www.bsdnonwoven.com\/product\/gel-coated-midsole-board\/#primaryimage\"},\"thumbnailUrl\":\"https:\/\/www.bsdnonwoven.com\/wp-content\/uploads\/2025\/12\/cff9310d-3c04-4ca1-93fc-25d55854f256.webp\",\"datePublished\":\"2025-12-02T08:20:45+00:00\",\"dateModified\":\"2025-12-02T08:20:45+00:00\",\"description\":\"Gel-coated Midsole Board , we provide Geosynthetic Needle-Punched Non-woven Fabric, Household needle punched non-woven fabric, Automotive Non-woven Fabric with good price.\",\"breadcrumb\":{\"@id\":\"https:\/\/www.bsdnonwoven.com\/product\/gel-coated-midsole-board\/#breadcrumb\"},\"inLanguage\":\"pt-PT\",\"potentialAction\":[{\"@type\":\"ReadAction\",\"target\":[\"https:\/\/www.bsdnonwoven.com\/product\/gel-coated-midsole-board\/\"]}]},{\"@type\":\"ImageObject\",\"inLanguage\":\"pt-PT\",\"@id\":\"https:\/\/www.bsdnonwoven.com\/product\/gel-coated-midsole-board\/#primaryimage\",\"url\":\"https:\/\/www.bsdnonwoven.com\/wp-content\/uploads\/2025\/12\/cff9310d-3c04-4ca1-93fc-25d55854f256.webp\",\"contentUrl\":\"https:\/\/www.bsdnonwoven.com\/wp-content\/uploads\/2025\/12\/cff9310d-3c04-4ca1-93fc-25d55854f256.webp\",\"width\":800,\"height\":800},{\"@type\":\"BreadcrumbList\",\"@id\":\"https:\/\/www.bsdnonwoven.com\/product\/gel-coated-midsole-board\/#breadcrumb\",\"itemListElement\":[{\"@type\":\"ListItem\",\"position\":1,\"name\":\"Home\",\"item\":\"https:\/\/www.bsdnonwoven.com\/\"},{\"@type\":\"ListItem\",\"position\":2,\"name\":\"Products\",\"item\":\"https:\/\/www.bsdnonwoven.com\/shop\/\"},{\"@type\":\"ListItem\",\"position\":3,\"name\":\"Gel-coated Midsole Board\"}]},{\"@type\":\"WebSite\",\"@id\":\"https:\/\/www.bsdnonwoven.com\/#website\",\"url\":\"https:\/\/www.bsdnonwoven.com\/\",\"name\":\"Boshida Nonwoven\",\"description\":\"\",\"potentialAction\":[{\"@type\":\"SearchAction\",\"target\":{\"@type\":\"EntryPoint\",\"urlTemplate\":\"https:\/\/www.bsdnonwoven.com\/?s={search_term_string}\"},\"query-input\":\"required name=search_term_string\"}],\"inLanguage\":\"pt-PT\"}]}<\/script>\n<!-- \/ Yoast SEO plugin. -->","yoast_head_json":{"title":"Gel-coated Midsole Board - Boshida Nonwoven","description":"Gel-coated Midsole Board , we provide Geosynthetic Needle-Punched Non-woven Fabric, Household needle punched non-woven fabric, Automotive Non-woven Fabric with good price.","robots":{"index":"index","follow":"follow","max-snippet":"max-snippet:-1","max-image-preview":"max-image-preview:large","max-video-preview":"max-video-preview:-1"},"canonical":"https:\/\/www.bsdnonwoven.com\/pt\/produto\/gel-coated-midsole-board\/","og_locale":"pt_PT","og_type":"article","og_title":"Gel-coated Midsole Board - Boshida Nonwoven","og_description":"Gel-coated Midsole Board , we provide Geosynthetic Needle-Punched Non-woven Fabric, Household needle punched non-woven fabric, Automotive Non-woven Fabric with good price.","og_url":"https:\/\/www.bsdnonwoven.com\/pt\/produto\/gel-coated-midsole-board\/","og_site_name":"Boshida Nonwoven","og_image":[{"width":800,"height":800,"url":"https:\/\/www.bsdnonwoven.com\/wp-content\/uploads\/2025\/12\/cff9310d-3c04-4ca1-93fc-25d55854f256.webp","type":"image\/webp"}],"twitter_card":"summary_large_image","twitter_misc":{"Tempo estimado de leitura":"2 minutos"},"schema":{"@context":"https:\/\/schema.org","@graph":[{"@type":"WebPage","@id":"https:\/\/www.bsdnonwoven.com\/product\/gel-coated-midsole-board\/","url":"https:\/\/www.bsdnonwoven.com\/product\/gel-coated-midsole-board\/","name":"Gel-coated Midsole Board - Boshida Nonwoven","isPartOf":{"@id":"https:\/\/www.bsdnonwoven.com\/#website"},"primaryImageOfPage":{"@id":"https:\/\/www.bsdnonwoven.com\/product\/gel-coated-midsole-board\/#primaryimage"},"image":{"@id":"https:\/\/www.bsdnonwoven.com\/product\/gel-coated-midsole-board\/#primaryimage"},"thumbnailUrl":"https:\/\/www.bsdnonwoven.com\/wp-content\/uploads\/2025\/12\/cff9310d-3c04-4ca1-93fc-25d55854f256.webp","datePublished":"2025-12-02T08:20:45+00:00","dateModified":"2025-12-02T08:20:45+00:00","description":"Gel-coated Midsole Board , we provide Geosynthetic Needle-Punched Non-woven Fabric, Household needle punched non-woven fabric, Automotive Non-woven Fabric with good price.","breadcrumb":{"@id":"https:\/\/www.bsdnonwoven.com\/product\/gel-coated-midsole-board\/#breadcrumb"},"inLanguage":"pt-PT","potentialAction":[{"@type":"ReadAction","target":["https:\/\/www.bsdnonwoven.com\/product\/gel-coated-midsole-board\/"]}]},{"@type":"ImageObject","inLanguage":"pt-PT","@id":"https:\/\/www.bsdnonwoven.com\/product\/gel-coated-midsole-board\/#primaryimage","url":"https:\/\/www.bsdnonwoven.com\/wp-content\/uploads\/2025\/12\/cff9310d-3c04-4ca1-93fc-25d55854f256.webp","contentUrl":"https:\/\/www.bsdnonwoven.com\/wp-content\/uploads\/2025\/12\/cff9310d-3c04-4ca1-93fc-25d55854f256.webp","width":800,"height":800},{"@type":"BreadcrumbList","@id":"https:\/\/www.bsdnonwoven.com\/product\/gel-coated-midsole-board\/#breadcrumb","itemListElement":[{"@type":"ListItem","position":1,"name":"Home","item":"https:\/\/www.bsdnonwoven.com\/"},{"@type":"ListItem","position":2,"name":"Products","item":"https:\/\/www.bsdnonwoven.com\/shop\/"},{"@type":"ListItem","position":3,"name":"Gel-coated Midsole Board"}]},{"@type":"WebSite","@id":"https:\/\/www.bsdnonwoven.com\/#website","url":"https:\/\/www.bsdnonwoven.com\/","name":"Boshida Nonwoven","description":"","potentialAction":[{"@type":"SearchAction","target":{"@type":"EntryPoint","urlTemplate":"https:\/\/www.bsdnonwoven.com\/?s={search_term_string}"},"query-input":"required name=search_term_string"}],"inLanguage":"pt-PT"}]}},"_links":{"self":[{"href":"https:\/\/www.bsdnonwoven.com\/pt\/wp-json\/wp\/v2\/product\/14423"}],"collection":[{"href":"https:\/\/www.bsdnonwoven.com\/pt\/wp-json\/wp\/v2\/product"}],"about":[{"href":"https:\/\/www.bsdnonwoven.com\/pt\/wp-json\/wp\/v2\/types\/product"}],"wp:featuredmedia":[{"embeddable":true,"href":"https:\/\/www.bsdnonwoven.com\/pt\/wp-json\/wp\/v2\/media\/14425"}],"wp:attachment":[{"href":"https:\/\/www.bsdnonwoven.com\/pt\/wp-json\/wp\/v2\/media?parent=14423"}],"wp:term":[{"taxonomy":"product_cat","embeddable":true,"href":"https:\/\/www.bsdnonwoven.com\/pt\/wp-json\/wp\/v2\/product_cat?post=14423"},{"taxonomy":"product_tag","embeddable":true,"href":"https:\/\/www.bsdnonwoven.com\/pt\/wp-json\/wp\/v2\/product_tag?post=14423"}],"curies":[{"name":"wp","href":"https:\/\/api.w.org\/{rel}","templated":true}]}}